{"id":37058,"date":"2019-09-10T15:36:35","date_gmt":"2019-09-10T14:36:35","guid":{"rendered":"https:\/\/marchecountryhomes.com\/?page_id=37058"},"modified":"2019-12-23T10:48:13","modified_gmt":"2019-12-23T08:48:13","slug":"alle-immobilien","status":"publish","type":"page","link":"https:\/\/marchecountryhomes.com\/de\/alle-immobilien\/","title":{"rendered":"H\u00e4user zum Verkauf"},"content":{"rendered":"<p>[vc_row][vc_column][vc_column_text css=&#8220;.vc_custom_1577090457430{margin-bottom: 0px !important;border-bottom-width: 0px !important;padding-bottom: 0px !important;}&#8220;]<\/p>\n<h2 style=\"text-align: center;\"><b><span lang=\"DE\">H\u00e4user zum Verkauf in der Region Marken<\/span><\/b><\/h2>\n<p><strong><span lang=\"DE\">H\u00e4user zum Verkauf,<\/span><\/strong><span lang=\"DE\">\u00a0<\/span><span lang=\"DE\">H\u00e4user zum Wohnen, H\u00e4user zum Leben: k\u00e4ufliche Geb\u00e4ude, eingebettet in traumhafte Landschaften, mit einer besonderen Geschichte, verst\u00e4rkt durch ihre Gegenwart in unserer modernen Zeit, Vertreter einer Vergangenheit, die noch immer in der Region beheimatet ist, erz\u00e4hlt und eingeweicht in die renovierten Mauern von Bauernh\u00e4usern und anderen Wohnanlagen im Hinterland der Region Marken.<\/span>[\/vc_column_text][vc_tta_accordion active_section=&#8220;&#8220; collapsible_all=&#8220;true&#8220; css=&#8220;.vc_custom_1574331079431{margin-top: 0px !important;border-top-width: 0px !important;padding-top: 0px !important;}&#8220;][vc_tta_section title=&#8220;Weiterlesen&#8230;&#8220; tab_id=&#8220;1574330250420-26727f71-09e8&#8243; el_class=&#8220;link-testo&#8220;][vc_column_text]\u201e<em>Eigentlich schien das Haus auf uns zu warten. Weil auch H\u00e4user auf ihre Bewohner warten, \u00fcberleben sie jahrelang fern von uns und \u00f6ffnen dann ihre Arme aus T\u00fcren und Fensterl\u00e4den \u201c,<\/em>\u00a0schrieb die gro\u00dfe Schriftstellerin\u00a0<i>Margaret Mazzantini<\/i>. Im Laufe der Jahre gewinnen H\u00e4user Charakter, Pers\u00f6nlichkeit und ein Herz, das jeder, der dieses Haus betritt, mitgestaltet. Bauernh\u00e4user in der Region Marken sind Geb\u00e4ude, die Anzeichen friedlicher und m\u00fchsamer Jahre von Signorias und anschlie\u00dfender Teilung zeigen. Dies sind die beiden wichtigsten sozialen Systeme, die historisch und zivil den Verlauf dieser atemberaubenden Region beeinflusst haben.<\/p>\n<p><strong>Bauernh\u00e4user und H\u00e4user zum Verkauf in der Region Marken<\/strong>\u00a0haben einen Mehrwert: Sie haben ihre Geschichte in ihrer Gesamtheit bewahrt, aber ihre Struktur wurde verbessert und sie wurden mit brandneuen Techniken renoviert, so dass jeder, der ein Haus sucht, ein unkonventionelles finden kann, weil es nicht modern, aber interessant ist. Fast zu einer anderen Dimension geh\u00f6rt, zu einer anderen Welt, in der in einer zeitlosen Landschaft die Ruhe an oberster Stelle steht und Komfort und Technologie genossen werden k\u00f6nnen.<br \/>\nUnsere zum Verkauf stehenden H\u00e4user bewegen sich zwischen Geschichte und Architektur, Erz\u00e4hlen und Imaginieren, zwischen Erinnerung und Zukunftsperspektiven: Die Region Marken, die einzige italienische Region im Plural, l\u00e4sst sich nicht durch ein einziges Merkmal, durch ein einziges Wort, durch eine einzige Vision definieren. Weil sie mehrere Merkmale hat, die sich in Tausenden von Farben vervielfachen: Zuerst stiehlt sie Ihren Blick und dann stiehlt sie Ihr Herz von jedem, der dorthin geht und sich oft daf\u00fcr entscheidet, zur\u00fcckzukehren oder zu bleiben.<\/p>\n<p>Es scheint unm\u00f6glich, sich nicht in die sanften H\u00fcgel, die gegliederten K\u00fcsten und die wundersch\u00f6nen Ufer, die verzauberten Borgos, die vielen Schl\u00f6sser, Bauernh\u00e4user, Landh\u00e4user und Villen zu verlieben. Es ist unm\u00f6glich, sich nicht in die Region Marken zu verlieben. Wir bei\u00a0<a href=\"https:\/\/marchecountryhomes.com\/de\/impressum-2\/\">Marche Country Homes<\/a>\u00a0bieten eine Auswahl der besten\u00a0<strong>H\u00e4user zum Verkauf<\/strong>\u00a0auf dem Gebiet der Region Marken.[\/vc_column_text][\/vc_tta_section][\/vc_tta_accordion][\/vc_column][\/vc_row]<\/p>\n","protected":false},"excerpt":{"rendered":"<p>[vc_row][vc_column][vc_column_text css=&#8220;.vc_custom_1577090457430{margin-bottom: 0px !important;border-bottom-width: 0px !important;padding-bottom: 0px !important;}&#8220;] H\u00e4user zum Verkauf in der Region Marken H\u00e4user zum Verkauf,\u00a0H\u00e4user zum Wohnen, H\u00e4user zum Leben: k\u00e4ufliche Geb\u00e4ude, eingebettet in traumhafte Landschaften, mit einer besonderen Geschichte, verst\u00e4rkt durch ihre Gegenwart in unserer modernen Zeit, Vertreter einer Vergangenheit, die noch immer in der Region beheimatet ist, erz\u00e4hlt und eingeweicht&#8230;<\/p>\n","protected":false},"author":12,"featured_media":144338,"parent":0,"menu_order":0,"comment_status":"closed","ping_status":"closed","template":"templates\/properties.php","meta":{"footnotes":""},"class_list":["post-37058","page","type-page","status-publish","has-post-thumbnail","hentry"],"yoast_head":"<!-- This site is optimized with the Yoast SEO plugin v26.8 - https:\/\/yoast.com\/product\/yoast-seo-wordpress\/ -->\n<title>H\u00e4user zum Verkauf in der Region Marken - Marche Country Homes<\/title>\n<meta name=\"description\" content=\"H\u00e4user zum Verkauf in der Region MarkenH\u00e4user zum Verkauf, H\u00e4user zum Wohnen, H\u00e4user zum Leben: k\u00e4ufliche Geb\u00e4ude, eingebettet in traumhafte Landschaften\" \/>\n<meta name=\"robots\" content=\"index, follow, max-snippet:-1, max-image-preview:large, max-video-preview:-1\" \/>\n<link rel=\"canonical\" href=\"https:\/\/marchecountryhomes.com\/de\/alle-immobilien\/\" \/>\n<meta property=\"og:locale\" content=\"de_DE\" \/>\n<meta property=\"og:type\" content=\"article\" \/>\n<meta property=\"og:title\" content=\"H\u00e4user zum Verkauf in der Region Marken - Marche Country Homes\" \/>\n<meta property=\"og:description\" content=\"H\u00e4user zum Verkauf in der Region MarkenH\u00e4user zum Verkauf, H\u00e4user zum Wohnen, H\u00e4user zum Leben: k\u00e4ufliche Geb\u00e4ude, eingebettet in traumhafte Landschaften\" \/>\n<meta property=\"og:url\" content=\"https:\/\/marchecountryhomes.com\/de\/alle-immobilien\/\" \/>\n<meta property=\"og:site_name\" content=\"Marche Country Homes\" \/>\n<meta property=\"article:publisher\" content=\"https:\/\/www.facebook.com\/Marche-CountryHomes-447631005268932\/\" \/>\n<meta property=\"article:modified_time\" content=\"2019-12-23T08:48:13+00:00\" \/>\n<meta property=\"og:image\" content=\"https:\/\/marchecountryhomes.com\/wp-content\/uploads\/2019\/12\/case-in-vendita-nelle-marche.jpg\" \/>\n\t<meta property=\"og:image:width\" content=\"800\" \/>\n\t<meta property=\"og:image:height\" content=\"533\" \/>\n\t<meta property=\"og:image:type\" content=\"image\/jpeg\" \/>\n<meta name=\"twitter:card\" content=\"summary_large_image\" \/>\n<meta name=\"twitter:site\" content=\"@marcheproperty\" \/>\n<meta name=\"twitter:label1\" content=\"Gesch\u00e4tzte Lesezeit\" \/>\n\t<meta name=\"twitter:data1\" content=\"2\u00a0Minuten\" \/>\n<script type=\"application\/ld+json\" class=\"yoast-schema-graph\">{\"@context\":\"https:\/\/schema.org\",\"@graph\":[{\"@type\":\"WebPage\",\"@id\":\"https:\/\/marchecountryhomes.com\/de\/alle-immobilien\/\",\"url\":\"https:\/\/marchecountryhomes.com\/de\/alle-immobilien\/\",\"name\":\"H\u00e4user zum Verkauf in der Region Marken - Marche Country Homes\",\"isPartOf\":{\"@id\":\"https:\/\/marchecountryhomes.com\/de\/#website\"},\"primaryImageOfPage\":{\"@id\":\"https:\/\/marchecountryhomes.com\/de\/alle-immobilien\/#primaryimage\"},\"image\":{\"@id\":\"https:\/\/marchecountryhomes.com\/de\/alle-immobilien\/#primaryimage\"},\"thumbnailUrl\":\"https:\/\/marchecountryhomes.com\/wp-content\/uploads\/2019\/12\/case-in-vendita-nelle-marche.jpg\",\"datePublished\":\"2019-09-10T14:36:35+00:00\",\"dateModified\":\"2019-12-23T08:48:13+00:00\",\"description\":\"H\u00e4user zum Verkauf in der Region MarkenH\u00e4user zum Verkauf, H\u00e4user zum Wohnen, H\u00e4user zum Leben: k\u00e4ufliche Geb\u00e4ude, eingebettet in traumhafte Landschaften\",\"breadcrumb\":{\"@id\":\"https:\/\/marchecountryhomes.com\/de\/alle-immobilien\/#breadcrumb\"},\"inLanguage\":\"de\",\"potentialAction\":[{\"@type\":\"ReadAction\",\"target\":[\"https:\/\/marchecountryhomes.com\/de\/alle-immobilien\/\"]}]},{\"@type\":\"ImageObject\",\"inLanguage\":\"de\",\"@id\":\"https:\/\/marchecountryhomes.com\/de\/alle-immobilien\/#primaryimage\",\"url\":\"https:\/\/marchecountryhomes.com\/wp-content\/uploads\/2019\/12\/case-in-vendita-nelle-marche.jpg\",\"contentUrl\":\"https:\/\/marchecountryhomes.com\/wp-content\/uploads\/2019\/12\/case-in-vendita-nelle-marche.jpg\",\"width\":800,\"height\":533,\"caption\":\"H\u00e4user zum Verkauf in der Region Marken\"},{\"@type\":\"BreadcrumbList\",\"@id\":\"https:\/\/marchecountryhomes.com\/de\/alle-immobilien\/#breadcrumb\",\"itemListElement\":[{\"@type\":\"ListItem\",\"position\":1,\"name\":\"Home\",\"item\":\"https:\/\/marchecountryhomes.com\/de\/\"},{\"@type\":\"ListItem\",\"position\":2,\"name\":\"H\u00e4user zum Verkauf\"}]},{\"@type\":\"WebSite\",\"@id\":\"https:\/\/marchecountryhomes.com\/de\/#website\",\"url\":\"https:\/\/marchecountryhomes.com\/de\/\",\"name\":\"Marche Country Homes\",\"description\":\"Case e casali in vendita nelle Marche\",\"publisher\":{\"@id\":\"https:\/\/marchecountryhomes.com\/de\/#organization\"},\"potentialAction\":[{\"@type\":\"SearchAction\",\"target\":{\"@type\":\"EntryPoint\",\"urlTemplate\":\"https:\/\/marchecountryhomes.com\/de\/?s={search_term_string}\"},\"query-input\":{\"@type\":\"PropertyValueSpecification\",\"valueRequired\":true,\"valueName\":\"search_term_string\"}}],\"inLanguage\":\"de\"},{\"@type\":\"Organization\",\"@id\":\"https:\/\/marchecountryhomes.com\/de\/#organization\",\"name\":\"Marche Country Homes\",\"url\":\"https:\/\/marchecountryhomes.com\/de\/\",\"logo\":{\"@type\":\"ImageObject\",\"inLanguage\":\"de\",\"@id\":\"https:\/\/marchecountryhomes.com\/de\/#\/schema\/logo\/image\/\",\"url\":\"https:\/\/marchecountryhomes.com\/wp-content\/uploads\/2020\/12\/marche-country-homes-logo.png\",\"contentUrl\":\"https:\/\/marchecountryhomes.com\/wp-content\/uploads\/2020\/12\/marche-country-homes-logo.png\",\"width\":168,\"height\":159,\"caption\":\"Marche Country Homes\"},\"image\":{\"@id\":\"https:\/\/marchecountryhomes.com\/de\/#\/schema\/logo\/image\/\"},\"sameAs\":[\"https:\/\/www.facebook.com\/Marche-CountryHomes-447631005268932\/\",\"https:\/\/x.com\/marcheproperty\",\"https:\/\/www.instagram.com\/marchecountryhomes\/\",\"https:\/\/it.pinterest.com\/marchecountryhomes\/\",\"https:\/\/www.youtube.com\/user\/MarcheCountryHomes\"]}]}<\/script>\n<!-- \/ Yoast SEO plugin. -->","yoast_head_json":{"title":"H\u00e4user zum Verkauf in der Region Marken - Marche Country Homes","description":"H\u00e4user zum Verkauf in der Region MarkenH\u00e4user zum Verkauf, H\u00e4user zum Wohnen, H\u00e4user zum Leben: k\u00e4ufliche Geb\u00e4ude, eingebettet in traumhafte Landschaften","robots":{"index":"index","follow":"follow","max-snippet":"max-snippet:-1","max-image-preview":"max-image-preview:large","max-video-preview":"max-video-preview:-1"},"canonical":"https:\/\/marchecountryhomes.com\/de\/alle-immobilien\/","og_locale":"de_DE","og_type":"article","og_title":"H\u00e4user zum Verkauf in der Region Marken - Marche Country Homes","og_description":"H\u00e4user zum Verkauf in der Region MarkenH\u00e4user zum Verkauf, H\u00e4user zum Wohnen, H\u00e4user zum Leben: k\u00e4ufliche Geb\u00e4ude, eingebettet in traumhafte Landschaften","og_url":"https:\/\/marchecountryhomes.com\/de\/alle-immobilien\/","og_site_name":"Marche Country Homes","article_publisher":"https:\/\/www.facebook.com\/Marche-CountryHomes-447631005268932\/","article_modified_time":"2019-12-23T08:48:13+00:00","og_image":[{"width":800,"height":533,"url":"https:\/\/marchecountryhomes.com\/wp-content\/uploads\/2019\/12\/case-in-vendita-nelle-marche.jpg","type":"image\/jpeg"}],"twitter_card":"summary_large_image","twitter_site":"@marcheproperty","twitter_misc":{"Gesch\u00e4tzte Lesezeit":"2\u00a0Minuten"},"schema":{"@context":"https:\/\/schema.org","@graph":[{"@type":"WebPage","@id":"https:\/\/marchecountryhomes.com\/de\/alle-immobilien\/","url":"https:\/\/marchecountryhomes.com\/de\/alle-immobilien\/","name":"H\u00e4user zum Verkauf in der Region Marken - Marche Country Homes","isPartOf":{"@id":"https:\/\/marchecountryhomes.com\/de\/#website"},"primaryImageOfPage":{"@id":"https:\/\/marchecountryhomes.com\/de\/alle-immobilien\/#primaryimage"},"image":{"@id":"https:\/\/marchecountryhomes.com\/de\/alle-immobilien\/#primaryimage"},"thumbnailUrl":"https:\/\/marchecountryhomes.com\/wp-content\/uploads\/2019\/12\/case-in-vendita-nelle-marche.jpg","datePublished":"2019-09-10T14:36:35+00:00","dateModified":"2019-12-23T08:48:13+00:00","description":"H\u00e4user zum Verkauf in der Region MarkenH\u00e4user zum Verkauf, H\u00e4user zum Wohnen, H\u00e4user zum Leben: k\u00e4ufliche Geb\u00e4ude, eingebettet in traumhafte Landschaften","breadcrumb":{"@id":"https:\/\/marchecountryhomes.com\/de\/alle-immobilien\/#breadcrumb"},"inLanguage":"de","potentialAction":[{"@type":"ReadAction","target":["https:\/\/marchecountryhomes.com\/de\/alle-immobilien\/"]}]},{"@type":"ImageObject","inLanguage":"de","@id":"https:\/\/marchecountryhomes.com\/de\/alle-immobilien\/#primaryimage","url":"https:\/\/marchecountryhomes.com\/wp-content\/uploads\/2019\/12\/case-in-vendita-nelle-marche.jpg","contentUrl":"https:\/\/marchecountryhomes.com\/wp-content\/uploads\/2019\/12\/case-in-vendita-nelle-marche.jpg","width":800,"height":533,"caption":"H\u00e4user zum Verkauf in der Region Marken"},{"@type":"BreadcrumbList","@id":"https:\/\/marchecountryhomes.com\/de\/alle-immobilien\/#breadcrumb","itemListElement":[{"@type":"ListItem","position":1,"name":"Home","item":"https:\/\/marchecountryhomes.com\/de\/"},{"@type":"ListItem","position":2,"name":"H\u00e4user zum Verkauf"}]},{"@type":"WebSite","@id":"https:\/\/marchecountryhomes.com\/de\/#website","url":"https:\/\/marchecountryhomes.com\/de\/","name":"Marche Country Homes","description":"Case e casali in vendita nelle Marche","publisher":{"@id":"https:\/\/marchecountryhomes.com\/de\/#organization"},"potentialAction":[{"@type":"SearchAction","target":{"@type":"EntryPoint","urlTemplate":"https:\/\/marchecountryhomes.com\/de\/?s={search_term_string}"},"query-input":{"@type":"PropertyValueSpecification","valueRequired":true,"valueName":"search_term_string"}}],"inLanguage":"de"},{"@type":"Organization","@id":"https:\/\/marchecountryhomes.com\/de\/#organization","name":"Marche Country Homes","url":"https:\/\/marchecountryhomes.com\/de\/","logo":{"@type":"ImageObject","inLanguage":"de","@id":"https:\/\/marchecountryhomes.com\/de\/#\/schema\/logo\/image\/","url":"https:\/\/marchecountryhomes.com\/wp-content\/uploads\/2020\/12\/marche-country-homes-logo.png","contentUrl":"https:\/\/marchecountryhomes.com\/wp-content\/uploads\/2020\/12\/marche-country-homes-logo.png","width":168,"height":159,"caption":"Marche Country Homes"},"image":{"@id":"https:\/\/marchecountryhomes.com\/de\/#\/schema\/logo\/image\/"},"sameAs":["https:\/\/www.facebook.com\/Marche-CountryHomes-447631005268932\/","https:\/\/x.com\/marcheproperty","https:\/\/www.instagram.com\/marchecountryhomes\/","https:\/\/it.pinterest.com\/marchecountryhomes\/","https:\/\/www.youtube.com\/user\/MarcheCountryHomes"]}]}},"_links":{"self":[{"href":"https:\/\/marchecountryhomes.com\/de\/wp-json\/wp\/v2\/pages\/37058","targetHints":{"allow":["GET"]}}],"collection":[{"href":"https:\/\/marchecountryhomes.com\/de\/wp-json\/wp\/v2\/pages"}],"about":[{"href":"https:\/\/marchecountryhomes.com\/de\/wp-json\/wp\/v2\/types\/page"}],"author":[{"embeddable":true,"href":"https:\/\/marchecountryhomes.com\/de\/wp-json\/wp\/v2\/users\/12"}],"replies":[{"embeddable":true,"href":"https:\/\/marchecountryhomes.com\/de\/wp-json\/wp\/v2\/comments?post=37058"}],"version-history":[{"count":3,"href":"https:\/\/marchecountryhomes.com\/de\/wp-json\/wp\/v2\/pages\/37058\/revisions"}],"predecessor-version":[{"id":144357,"href":"https:\/\/marchecountryhomes.com\/de\/wp-json\/wp\/v2\/pages\/37058\/revisions\/144357"}],"wp:featuredmedia":[{"embeddable":true,"href":"https:\/\/marchecountryhomes.com\/de\/wp-json\/wp\/v2\/media\/144338"}],"wp:attachment":[{"href":"https:\/\/marchecountryhomes.com\/de\/wp-json\/wp\/v2\/media?parent=37058"}],"curies":[{"name":"wp","href":"https:\/\/api.w.org\/{rel}","templated":true}]}}