{"id":2604,"date":"2016-04-05T19:58:49","date_gmt":"2016-04-05T18:58:49","guid":{"rendered":"https:\/\/marchecountryhomes.com\/de\/?page_id=2604"},"modified":"2025-09-07T14:31:49","modified_gmt":"2025-09-07T13:31:49","slug":"ueber-uns","status":"publish","type":"page","link":"https:\/\/marchecountryhomes.com\/de\/ueber-uns\/","title":{"rendered":"\u00dcber uns &#8211; Wir verkaufen Landh\u00e4user"},"content":{"rendered":"<p>[vc_row][vc_column][vc_column_text css_animation=&#8220;bottom-to-top&#8220;]<\/p>\n<h2 style=\"text-align: center;\"><span style=\"color: #97896f;\">Wir verkaufen Landh\u00e4user, alte H\u00e4user, Villen von gro\u00dfem k\u00fcnstlerischen, architektonischen und historischen Interesse.<\/span><\/h2>\n<p>[\/vc_column_text][\/vc_column][\/vc_row][vc_row parallax=&#8220;content-moving&#8220; parallax_image=&#8220;12761&#8243; parallax_speed_bg=&#8220;1&#8243;][vc_column][vc_empty_space height=&#8220;300px&#8220;][\/vc_column][\/vc_row][vc_row][vc_column width=&#8220;2\/3&#8243;][vc_column_text]<\/p>\n<p style=\"text-align: justify;\">Marche Country Homes ist die Immobilienagentur, die an Restauration und Verkauf von Bauernh\u00f6fe, Landh\u00e4user, Ferienh\u00e4user und Villen in der Region Marken sich interessiert. Marche Country Homes ist eine informelle Immobiliengesellschaft, n\u00e4mlich haben wir kein Call-Center, und wir werden sie mit Anrufen oder E-Mails nicht k\u00fcmmern: Wir senden Ihnen unsere Newsletter, wenn Sie m\u00f6chten.<br \/>\nWir verkaufen Landh\u00e4user, alte H\u00e4user, Villen von gro\u00dfem k\u00fcnstlerischen, architektonischen und historischen Interesse.<br \/>\nWir verkaufen keine \u201eLuxus\u201c-H\u00e4user, sondern \u201eWert\u201c-H\u00e4user, sogar Zuneigung: jedes Haus ist originell und sch\u00f6n, wenn es von denen, die dort leben geliebt wird. Wir sind begeistert von unserer Arbeit und sind in der Lage, beim Anblick einer Mauer 300 Jahre alt noch sehr gut im Stehen zu begeistern, eine alte verlassene Kirche aus Stein, einem hundert Jahre alten Goldregen, eine runde gr\u00fcne und windige H\u00fcgel.<br \/>\nUnser Leitsatz ist die Sch\u00f6nheit, denn Sch\u00f6nheit ist ohne zu leben unm\u00f6glich, und weil in dieser Welt es vielleicht einfach nur sch\u00f6n ist, um Trost und Zuflucht zu beschaffen.<\/p>\n<p>[\/vc_column_text][\/vc_column][vc_column width=&#8220;1\/3&#8243;][vc_gallery type=&#8220;nivo&#8220; interval=&#8220;5&#8243; images=&#8220;12769,12774,12779,12784&#8243; img_size=&#8220;full&#8220;][\/vc_column][\/vc_row][vc_row][vc_column][vc_separator color=&#8220;custom&#8220; border_width=&#8220;2&#8243; accent_color=&#8220;#97896f&#8220;][vc_column_text]<\/p>\n<h3 style=\"text-align: center;\"><span style=\"color: #967000;\">Wir wollen uns vor einem Umzug nur, weil es nie ein Haus wie jedes andere.<br \/>\nIn den letzten Jahren haben wir eine Menge Berufserfahrung gesammelt, und wir sind in der Lage, die beste Beratung in diesem Bereich zu liefern.<\/span><\/h3>\n<p>[\/vc_column_text][vc_btn title=&#8220;finden Sie es heraus&#8220; style=&#8220;outline&#8220; shape=&#8220;square&#8220; color=&#8220;inverse&#8220; align=&#8220;center&#8220; link=&#8220;url:https%3A%2F%2Fmarchecountryhomes.com%2Fde%2Falle-immobilien%2F|title:Scopri%20le%20case&#8220;][vc_separator color=&#8220;custom&#8220; border_width=&#8220;2&#8243; accent_color=&#8220;#97896f&#8220;][\/vc_column][\/vc_row][vc_row][vc_column width=&#8220;1\/3&#8243;][vc_single_image image=&#8220;143493&#8243; img_size=&#8220;full&#8220;][\/vc_column][vc_column width=&#8220;2\/3&#8243;][vc_column_text]<\/p>\n<h3><span style=\"color: #967000;\">Die Beratung<\/span><\/h3>\n<p>MCH verkauft die sch\u00f6nsten Immobilien in den Marken und bietet Informationen \u00fcber sie mit der Kompetenz und Professionalit\u00e4t, die uns erm\u00f6glicht hat, sich im Laufe der Zeit, die wahren Experten zu werden.<br \/>\nWir verstehen, dass ein neues Haus ist der Beginn eines neuen Lebens f\u00fcr Sie. Und wir k\u00f6nnen Ihnen helfen, ein kleines Haus zum Kauf im Wald oder einer abgeschiedenen Villa zu finden, oder ein kleines Geb\u00e4ude zu einem Hotel zu \u00f6ffnen oder B &amp; B. Die Informationen, die wir geben, sind nicht nur das richtige Haus und richtigen Ort, sondern auch die richtigen Leute, mit denen Sie zu tun haben sollen: Neben der Eigenschaft, die Sie ben\u00f6tigen, um die Infrastruktur, Dienstleistungen, Schulen f\u00fcr Ihre Kinder, in Betracht zu ziehen lokalen kulturellen und Kommunikation.<br \/>\nAlle diese Informationen werden nicht in der Lage sein, um sie im Internet zu finden.<br \/>\nZu jede Art von Hause Sie suchen \u2013 Landhaus oder Ferienhaus, bitte nicht vergessen, dass wir hier sind, um Ihnen zu helfen.[\/vc_column_text][\/vc_column][\/vc_row][vc_row][vc_column][vc_separator color=&#8220;custom&#8220; border_width=&#8220;2&#8243; accent_color=&#8220;#97896f&#8220;][\/vc_column][\/vc_row][vc_row][vc_column width=&#8220;1\/2&#8243;][vc_column_text]<\/p>\n<h3><span style=\"color: #967000;\">Press<\/span><\/h3>\n<p>Die ausl\u00e4ndischen und nationalen Fernsehensendungen, SKY oder RAI3, wurden an unserer Arbeit interessiert, hat die Presse Zeitungsartikel gewidmet. MCH und unsere Mitarbeiter sind durch sie ber\u00fchmt geworden.<br \/>\nHier finden Sie Artikel und Fernsehsendungen auf MCH.<\/p>\n<p><strong><strong>Sunday Times<\/strong> (<a href=\"https:\/\/marchecountryhomes.com\/wp-content\/uploads\/2016\/05\/marche-country-homes-vendita-case-marche-sunday-times.jpg\" target=\"_blank\" rel=\"noopener noreferrer\">Download<\/a>)<br \/>\n<strong>Sole 24 Ore<\/strong> \u00a0(<a href=\"https:\/\/marchecountryhomes.com\/wp-content\/uploads\/2016\/05\/mch-sole24ore-giovedi19-aprile.jpg\" target=\"_blank\" rel=\"noopener noreferrer\">Download<\/a>)<br \/>\n<strong>Class Magazine<\/strong> \u00a0(<a href=\"https:\/\/marchecountryhomes.com\/wp-content\/uploads\/2016\/05\/class-aprile-marche-country-homes.jpg\" target=\"_blank\" rel=\"noopener noreferrer\">Download<\/a>)<br \/>\n<strong>Mondo Lavoro<\/strong> \u2013 (<a href=\"https:\/\/marchecountryhomes.com\/wp-content\/uploads\/2016\/05\/mondolavoro-marche-country-homes.pdf\" target=\"_blank\" rel=\"noopener noreferrer\">Download<\/a>)<br \/>\n<strong>Sole 24 Ore<\/strong> \u2013 (<a href=\"https:\/\/marchecountryhomes.com\/wp-content\/uploads\/2016\/05\/sole24ore-mch.jpg\" target=\"_blank\" rel=\"noopener noreferrer\">Download<\/a>)<br \/>\n<strong>Corriere Adriatico<\/strong> \u2013 (<a href=\"https:\/\/marchecountryhomes.com\/wp-content\/uploads\/2016\/05\/corriere-adriatico-marche-country-homes.jpg\" target=\"_blank\" rel=\"noopener noreferrer\">Download<\/a>)<br \/>\n<strong>Ville e Casali<\/strong> \u2013 (<a href=\"https:\/\/marchecountryhomes.com\/wp-content\/uploads\/2016\/05\/ville-e-casali-marche-country-homes.jpg\" target=\"_blank\" rel=\"noopener noreferrer\">Download<\/a>)<br \/>\n<strong>Sole 24 Ore<\/strong> \u2013 (<a href=\"https:\/\/marchecountryhomes.com\/wp-content\/uploads\/2016\/05\/sole-24ore-7sett-2014.jpg\" target=\"_blank\" rel=\"noopener noreferrer\">Download<\/a>)<br \/>\nCorriere Adriatico<\/strong> (<a href=\"https:\/\/marchecountryhomes.com\/wp-content\/uploads\/2016\/05\/corriere-adriatico-infinito-colline.jpg\" target=\"_blank\" rel=\"noopener noreferrer\">Download<\/a>)[\/vc_column_text][\/vc_column][vc_column width=&#8220;1\/2&#8243;][vc_column_text]<\/p>\n<h3><span style=\"color: #967000;\">&#8222;L&#8217;anima delle Marche&#8220; di Lorenza Cappanera<\/span><\/h3>\n<p>[\/vc_column_text][vc_video link=&#8220;https:\/\/www.youtube.com\/watch?v=FqbsIxJiyX4&#8243;][\/vc_column][\/vc_row][vc_row parallax=&#8220;content-moving&#8220; parallax_image=&#8220;12814&#8243; parallax_speed_bg=&#8220;1&#8243; css=&#8220;.vc_custom_1757251060792{padding-right: 30px !important;}&#8220;][vc_column css=&#8220;.vc_custom_1464277585315{margin-right: 20px !important;margin-left: 20px !important;}&#8220;][vc_column_text]<\/p>\n<h3 style=\"text-align: justify;\"><span style=\"color: #ffffff;\">Projekte<\/span><\/h3>\n<p style=\"text-align: justify;\"><span style=\"color: #ffffff;\">Die in der Rubrik Projekte vorgestellten H\u00e4user wurden je nach Anforderungen und Herausforderungen entweder restauriert oder vollst\u00e4ndig neu aufgebaut.<br \/>\nSeit jeher vertrauen wir auf die kompetente Beratung renommierter Architekturb\u00fcros, mit denen MCH eng zusammenarbeitet \u2013 wahre Experten f\u00fcr die Restaurierung von Landvillen, l\u00e4ndlichen Anwesen und historischen Geb\u00e4uden.<\/span><\/p>\n<p><span style=\"color: #ffffff;\">Unser Staff w\u00e4hlt die Bauleute, G\u00e4rtner, Installateure, Maler am besten f\u00fcr Ihre Restaurierung und Ihr Budget.<\/span>[\/vc_column_text][\/vc_column][\/vc_row][vc_row][vc_column width=&#8220;1\/4&#8243;][\/vc_column][vc_column width=&#8220;1\/4&#8243;][vc_btn title=&#8220;SANIERTE ALTBAU&#8220; style=&#8220;outline&#8220; shape=&#8220;square&#8220; color=&#8220;inverse&#8220; size=&#8220;lg&#8220; align=&#8220;center&#8220; css_animation=&#8220;bottom-to-top&#8220; button_block=&#8220;true&#8220; link=&#8220;url:http%3A%2F%2Fmarchecountryhomes.com%2Fde%2Fsanierte-altbau%2F|title:Case%20restaurate|&#8220;][\/vc_column][vc_column width=&#8220;1\/4&#8243;][vc_btn title=&#8220;H\u00c4USER ZU SANIEREN&#8220; style=&#8220;outline&#8220; shape=&#8220;square&#8220; color=&#8220;inverse&#8220; size=&#8220;lg&#8220; align=&#8220;center&#8220; css_animation=&#8220;bottom-to-top&#8220; button_block=&#8220;true&#8220; link=&#8220;url:http%3A%2F%2Fmarchecountryhomes.com%2Fde%2Fhaeuser-zu-sanieren%2F|title:Case%20da%20restaurare|&#8220;][\/vc_column][vc_column width=&#8220;1\/4&#8243;][\/vc_column][\/vc_row]<\/p>\n","protected":false},"excerpt":{"rendered":"<p>[vc_row][vc_column][vc_column_text css_animation=&#8220;bottom-to-top&#8220;] Wir verkaufen Landh\u00e4user, alte H\u00e4user, Villen von gro\u00dfem k\u00fcnstlerischen, architektonischen und historischen Interesse. [\/vc_column_text][\/vc_column][\/vc_row][vc_row parallax=&#8220;content-moving&#8220; parallax_image=&#8220;12761&#8243; parallax_speed_bg=&#8220;1&#8243;][vc_column][vc_empty_space height=&#8220;300px&#8220;][\/vc_column][\/vc_row][vc_row][vc_column width=&#8220;2\/3&#8243;][vc_column_text] Marche Country Homes ist die Immobilienagentur, die an Restauration und Verkauf von Bauernh\u00f6fe, Landh\u00e4user, Ferienh\u00e4user und Villen in der Region Marken sich interessiert. Marche Country Homes ist eine informelle Immobiliengesellschaft, n\u00e4mlich haben wir kein&#8230;<\/p>\n","protected":false},"author":12,"featured_media":0,"parent":0,"menu_order":0,"comment_status":"closed","ping_status":"closed","template":"","meta":{"footnotes":""},"class_list":["post-2604","page","type-page","status-publish","hentry"],"yoast_head":"<!-- This site is optimized with the Yoast SEO plugin v26.8 - https:\/\/yoast.com\/product\/yoast-seo-wordpress\/ -->\n<title>\u00dcber uns - Wir verkaufen Landh\u00e4user - Marche Country Homes<\/title>\n<meta name=\"description\" content=\"Marche Country Homes \u00e8 l\u2019agenzia immobiliare specializzata nel restauro e nella vendita di casali, casolari, rustici e ville nelle Marche.\" \/>\n<meta name=\"robots\" content=\"index, follow, max-snippet:-1, max-image-preview:large, max-video-preview:-1\" \/>\n<link rel=\"canonical\" href=\"https:\/\/marchecountryhomes.com\/de\/ueber-uns\/\" \/>\n<meta property=\"og:locale\" content=\"de_DE\" \/>\n<meta property=\"og:type\" content=\"article\" \/>\n<meta property=\"og:title\" content=\"Marche Country Homes\" \/>\n<meta property=\"og:description\" content=\"Agenzia immobiliare specializzata nel restauro e nella vendita di casali, casolari, rustici e ville nelle Marche.\" \/>\n<meta property=\"og:url\" content=\"https:\/\/marchecountryhomes.com\/de\/ueber-uns\/\" \/>\n<meta property=\"og:site_name\" content=\"Marche Country Homes\" \/>\n<meta property=\"article:publisher\" content=\"https:\/\/www.facebook.com\/Marche-CountryHomes-447631005268932\/\" \/>\n<meta property=\"article:modified_time\" content=\"2025-09-07T13:31:49+00:00\" \/>\n<meta property=\"og:image\" content=\"https:\/\/marchecountryhomes.com\/wp-content\/uploads\/2025\/09\/header-sito.webp\" \/>\n\t<meta property=\"og:image:width\" content=\"1200\" \/>\n\t<meta property=\"og:image:height\" content=\"800\" \/>\n\t<meta property=\"og:image:type\" content=\"image\/webp\" \/>\n<meta name=\"twitter:card\" content=\"summary_large_image\" \/>\n<meta name=\"twitter:site\" content=\"@marcheproperty\" \/>\n<meta name=\"twitter:label1\" content=\"Gesch\u00e4tzte Lesezeit\" \/>\n\t<meta name=\"twitter:data1\" content=\"4\u00a0Minuten\" \/>\n<script type=\"application\/ld+json\" class=\"yoast-schema-graph\">{\"@context\":\"https:\/\/schema.org\",\"@graph\":[{\"@type\":\"WebPage\",\"@id\":\"https:\/\/marchecountryhomes.com\/de\/ueber-uns\/\",\"url\":\"https:\/\/marchecountryhomes.com\/de\/ueber-uns\/\",\"name\":\"\u00dcber uns - Wir verkaufen Landh\u00e4user - Marche Country Homes\",\"isPartOf\":{\"@id\":\"https:\/\/marchecountryhomes.com\/de\/#website\"},\"datePublished\":\"2016-04-05T18:58:49+00:00\",\"dateModified\":\"2025-09-07T13:31:49+00:00\",\"description\":\"Marche Country Homes \u00e8 l\u2019agenzia immobiliare specializzata nel restauro e nella vendita di casali, casolari, rustici e ville nelle Marche.\",\"breadcrumb\":{\"@id\":\"https:\/\/marchecountryhomes.com\/de\/ueber-uns\/#breadcrumb\"},\"inLanguage\":\"de\",\"potentialAction\":[{\"@type\":\"ReadAction\",\"target\":[\"https:\/\/marchecountryhomes.com\/de\/ueber-uns\/\"]}]},{\"@type\":\"BreadcrumbList\",\"@id\":\"https:\/\/marchecountryhomes.com\/de\/ueber-uns\/#breadcrumb\",\"itemListElement\":[{\"@type\":\"ListItem\",\"position\":1,\"name\":\"Home\",\"item\":\"https:\/\/marchecountryhomes.com\/de\/\"},{\"@type\":\"ListItem\",\"position\":2,\"name\":\"\u00dcber uns &#8211; Wir verkaufen Landh\u00e4user\"}]},{\"@type\":\"WebSite\",\"@id\":\"https:\/\/marchecountryhomes.com\/de\/#website\",\"url\":\"https:\/\/marchecountryhomes.com\/de\/\",\"name\":\"Marche Country Homes\",\"description\":\"Case e casali in vendita nelle Marche\",\"publisher\":{\"@id\":\"https:\/\/marchecountryhomes.com\/de\/#organization\"},\"potentialAction\":[{\"@type\":\"SearchAction\",\"target\":{\"@type\":\"EntryPoint\",\"urlTemplate\":\"https:\/\/marchecountryhomes.com\/de\/?s={search_term_string}\"},\"query-input\":{\"@type\":\"PropertyValueSpecification\",\"valueRequired\":true,\"valueName\":\"search_term_string\"}}],\"inLanguage\":\"de\"},{\"@type\":\"Organization\",\"@id\":\"https:\/\/marchecountryhomes.com\/de\/#organization\",\"name\":\"Marche Country Homes\",\"url\":\"https:\/\/marchecountryhomes.com\/de\/\",\"logo\":{\"@type\":\"ImageObject\",\"inLanguage\":\"de\",\"@id\":\"https:\/\/marchecountryhomes.com\/de\/#\/schema\/logo\/image\/\",\"url\":\"https:\/\/marchecountryhomes.com\/wp-content\/uploads\/2020\/12\/marche-country-homes-logo.png\",\"contentUrl\":\"https:\/\/marchecountryhomes.com\/wp-content\/uploads\/2020\/12\/marche-country-homes-logo.png\",\"width\":168,\"height\":159,\"caption\":\"Marche Country Homes\"},\"image\":{\"@id\":\"https:\/\/marchecountryhomes.com\/de\/#\/schema\/logo\/image\/\"},\"sameAs\":[\"https:\/\/www.facebook.com\/Marche-CountryHomes-447631005268932\/\",\"https:\/\/x.com\/marcheproperty\",\"https:\/\/www.instagram.com\/marchecountryhomes\/\",\"https:\/\/it.pinterest.com\/marchecountryhomes\/\",\"https:\/\/www.youtube.com\/user\/MarcheCountryHomes\"]}]}<\/script>\n<!-- \/ Yoast SEO plugin. -->","yoast_head_json":{"title":"\u00dcber uns - Wir verkaufen Landh\u00e4user - Marche Country Homes","description":"Marche Country Homes \u00e8 l\u2019agenzia immobiliare specializzata nel restauro e nella vendita di casali, casolari, rustici e ville nelle Marche.","robots":{"index":"index","follow":"follow","max-snippet":"max-snippet:-1","max-image-preview":"max-image-preview:large","max-video-preview":"max-video-preview:-1"},"canonical":"https:\/\/marchecountryhomes.com\/de\/ueber-uns\/","og_locale":"de_DE","og_type":"article","og_title":"Marche Country Homes","og_description":"Agenzia immobiliare specializzata nel restauro e nella vendita di casali, casolari, rustici e ville nelle Marche.","og_url":"https:\/\/marchecountryhomes.com\/de\/ueber-uns\/","og_site_name":"Marche Country Homes","article_publisher":"https:\/\/www.facebook.com\/Marche-CountryHomes-447631005268932\/","article_modified_time":"2025-09-07T13:31:49+00:00","og_image":[{"width":1200,"height":800,"url":"https:\/\/marchecountryhomes.com\/wp-content\/uploads\/2025\/09\/header-sito.webp","type":"image\/webp"}],"twitter_card":"summary_large_image","twitter_site":"@marcheproperty","twitter_misc":{"Gesch\u00e4tzte Lesezeit":"4\u00a0Minuten"},"schema":{"@context":"https:\/\/schema.org","@graph":[{"@type":"WebPage","@id":"https:\/\/marchecountryhomes.com\/de\/ueber-uns\/","url":"https:\/\/marchecountryhomes.com\/de\/ueber-uns\/","name":"\u00dcber uns - Wir verkaufen Landh\u00e4user - Marche Country Homes","isPartOf":{"@id":"https:\/\/marchecountryhomes.com\/de\/#website"},"datePublished":"2016-04-05T18:58:49+00:00","dateModified":"2025-09-07T13:31:49+00:00","description":"Marche Country Homes \u00e8 l\u2019agenzia immobiliare specializzata nel restauro e nella vendita di casali, casolari, rustici e ville nelle Marche.","breadcrumb":{"@id":"https:\/\/marchecountryhomes.com\/de\/ueber-uns\/#breadcrumb"},"inLanguage":"de","potentialAction":[{"@type":"ReadAction","target":["https:\/\/marchecountryhomes.com\/de\/ueber-uns\/"]}]},{"@type":"BreadcrumbList","@id":"https:\/\/marchecountryhomes.com\/de\/ueber-uns\/#breadcrumb","itemListElement":[{"@type":"ListItem","position":1,"name":"Home","item":"https:\/\/marchecountryhomes.com\/de\/"},{"@type":"ListItem","position":2,"name":"\u00dcber uns &#8211; Wir verkaufen Landh\u00e4user"}]},{"@type":"WebSite","@id":"https:\/\/marchecountryhomes.com\/de\/#website","url":"https:\/\/marchecountryhomes.com\/de\/","name":"Marche Country Homes","description":"Case e casali in vendita nelle Marche","publisher":{"@id":"https:\/\/marchecountryhomes.com\/de\/#organization"},"potentialAction":[{"@type":"SearchAction","target":{"@type":"EntryPoint","urlTemplate":"https:\/\/marchecountryhomes.com\/de\/?s={search_term_string}"},"query-input":{"@type":"PropertyValueSpecification","valueRequired":true,"valueName":"search_term_string"}}],"inLanguage":"de"},{"@type":"Organization","@id":"https:\/\/marchecountryhomes.com\/de\/#organization","name":"Marche Country Homes","url":"https:\/\/marchecountryhomes.com\/de\/","logo":{"@type":"ImageObject","inLanguage":"de","@id":"https:\/\/marchecountryhomes.com\/de\/#\/schema\/logo\/image\/","url":"https:\/\/marchecountryhomes.com\/wp-content\/uploads\/2020\/12\/marche-country-homes-logo.png","contentUrl":"https:\/\/marchecountryhomes.com\/wp-content\/uploads\/2020\/12\/marche-country-homes-logo.png","width":168,"height":159,"caption":"Marche Country Homes"},"image":{"@id":"https:\/\/marchecountryhomes.com\/de\/#\/schema\/logo\/image\/"},"sameAs":["https:\/\/www.facebook.com\/Marche-CountryHomes-447631005268932\/","https:\/\/x.com\/marcheproperty","https:\/\/www.instagram.com\/marchecountryhomes\/","https:\/\/it.pinterest.com\/marchecountryhomes\/","https:\/\/www.youtube.com\/user\/MarcheCountryHomes"]}]}},"_links":{"self":[{"href":"https:\/\/marchecountryhomes.com\/de\/wp-json\/wp\/v2\/pages\/2604","targetHints":{"allow":["GET"]}}],"collection":[{"href":"https:\/\/marchecountryhomes.com\/de\/wp-json\/wp\/v2\/pages"}],"about":[{"href":"https:\/\/marchecountryhomes.com\/de\/wp-json\/wp\/v2\/types\/page"}],"author":[{"embeddable":true,"href":"https:\/\/marchecountryhomes.com\/de\/wp-json\/wp\/v2\/users\/12"}],"replies":[{"embeddable":true,"href":"https:\/\/marchecountryhomes.com\/de\/wp-json\/wp\/v2\/comments?post=2604"}],"version-history":[{"count":9,"href":"https:\/\/marchecountryhomes.com\/de\/wp-json\/wp\/v2\/pages\/2604\/revisions"}],"predecessor-version":[{"id":199872,"href":"https:\/\/marchecountryhomes.com\/de\/wp-json\/wp\/v2\/pages\/2604\/revisions\/199872"}],"wp:attachment":[{"href":"https:\/\/marchecountryhomes.com\/de\/wp-json\/wp\/v2\/media?parent=2604"}],"curies":[{"name":"wp","href":"https:\/\/api.w.org\/{rel}","templated":true}]}}