{"id":2572,"date":"2016-04-05T19:58:34","date_gmt":"2016-04-05T18:58:34","guid":{"rendered":"https:\/\/marchecountryhomes.com\/de\/?page_id=2572"},"modified":"2025-01-14T16:52:34","modified_gmt":"2025-01-14T15:52:34","slug":"die-region-marken","status":"publish","type":"page","link":"https:\/\/marchecountryhomes.com\/de\/die-region-marken\/","title":{"rendered":"Die Marken Region"},"content":{"rendered":"<p>[vc_row][vc_column][vc_column_text css_animation=&#8220;bottom-to-top&#8220;]<\/p>\n<h2 style=\"text-align: center;\"><span style=\"color: #97896f;\">Wir sind vertraulich und aus diesem Grund viele Prominente haben sich entschieden, hier zu leben.<\/span><\/h2>\n<p>[\/vc_column_text][\/vc_column][\/vc_row][vc_row parallax=&#8220;content-moving&#8220; parallax_image=&#8220;12828&#8243; parallax_speed_bg=&#8220;1&#8243;][vc_column][vc_empty_space height=&#8220;300px&#8220;][\/vc_column][\/vc_row][vc_row][vc_column width=&#8220;2\/3&#8243;][vc_column_text]Es gibt viele gute Reisef\u00fchrer \u00fcber die Marken, aber ich m\u00f6chte auch ein paar n\u00fctzliche Informationen f\u00fcr die Leser geben. Zuerst m\u00f6chte ich die Bewohner des Marches beschreiben, die immer freundlich und zur\u00fcckhaltend, gro\u00dfz\u00fcgig und freundlich sind. Sie sind \u00fcber die Ungerechtigkeiten w\u00fctend, und Ancona war im letzten Jahrhundert die Stadt von den Anarchisten. Der K\u00fcnstler des zwanzigsten Jahrhunderts Joyce Lussu lebte in den Marken, und schrieb &#8222;Sherlock Holmes, anarchici e siluri.&#8220; Wir sind vertraulich und aus diesem Grund viele Prominente haben sich entschieden, hier zu leben.<\/p>\n<p>Es gibt viele Orte in Le Marche, die einen Besuch wert sind: Ich empfehle die H\u00fcgel der Landschaft, die wunderbar im Sommer bei Sonnenuntergang sind. Wir passieren durch neue Landschaften, um Formen und unerwartete Farben zu entdecken: das Meer gr\u00fcn und gelb bis unendlich, als Leopardi in ein Gedicht rezitiert.<\/p>\n<p>Unsere Tour beginnt in Ancona und Conero. Portonovo ist das Juwel der Riviera. Diese sch\u00f6ne Bucht wird von Monte Conero und dem Adriatischen Meer. Im Sommer gibt es eine Menge Leute am Strand, sondern auf der Anklagebank von Portonovo beim Sonnenuntergang spektakul\u00e4r ist. [\/vc_column_text][\/vc_column][vc_column width=&#8220;1\/3&#8243;][vc_gallery type=&#8220;nivo&#8220; interval=&#8220;5&#8243; images=&#8220;12769,12774,12779,12784&#8243; img_size=&#8220;full&#8220;][\/vc_column][\/vc_row][vc_row][vc_column][vc_separator color=&#8220;custom&#8220; border_width=&#8220;2&#8243; accent_color=&#8220;#97896f&#8220;][vc_column_text]<\/p>\n<h3 style=\"text-align: center;\"><span style=\"color: #97896f;\">Landschaften, um Formen und unerwartete Farben zu entdecken<\/span><\/h3>\n<p>[\/vc_column_text][vc_btn title=&#8220;Landschaften und unerwartete Farben zu entdecke&#8220; style=&#8220;outline&#8220; shape=&#8220;square&#8220; color=&#8220;inverse&#8220; align=&#8220;center&#8220; link=&#8220;url:http%3A%2F%2Fmarchecountryhomes.com%2Fde%2Fdurchsuchen-sie-alle-haeuser-zum-verkauf%2F|title:Scopri%20le%20case|&#8220;][vc_separator color=&#8220;custom&#8220; border_width=&#8220;2&#8243; accent_color=&#8220;#97896f&#8220;][\/vc_column][\/vc_row][vc_row parallax=&#8220;content-moving&#8220; parallax_image=&#8220;12541&#8243; parallax_speed_bg=&#8220;1&#8243;][vc_column][vc_empty_space height=&#8220;300px&#8220;][\/vc_column][\/vc_row][vc_row][vc_column width=&#8220;1\/2&#8243;][vc_column_text]Ancona ist eine einzigartige Stadt, die vielleicht erst nach mehreren Besuchen verstanden werden kann. Die Altstadt von Ancona und der Kathedrale von San Ciriaco wurden von dem Regisseur Luchino Visconti als Kulisse f\u00fcr den Film &#8222;Obsession&#8220; (1943) gew\u00e4hlt, und auch von Regisseur Nanni Moretti f\u00fcr den Film &#8222;La stanza del figlio&#8220; (2001).<\/p>\n<p>Der Dom sollte in den fr\u00fchen Morgenstunden oder bei Sonnenuntergang gesehen werden. In der Tat, die romanische Bauwerk, einfach und perfekt, an einem Ort wo Osten und Westen verbindet, wo die Sonne aufgeht und setzt \u00fcber das Meer: in der zentralen Rosette die beiden Himmelsrichtungen kreuzen sich. [\/vc_column_text][\/vc_column][vc_column width=&#8220;1\/2&#8243;][vc_column_text]Andere magische Orte von Ancona sind leider nicht bekannt, um viele Touristen zu Fu\u00df zum alten Leuchtturm, das Lager der Juden, Capodimonte und dem Passetto, durch die Viale della Vittoria zu den ber\u00fchmten H\u00f6hlen in den Aufzug.<br \/>\nZwischen Juni und August ist das Restaurant f\u00fcr den ber\u00fchmten &#8222;Muscheln Portonovo&#8220; mit Petersilie und Zitrone zu fragen.<br \/>\nAndere St\u00e4dte in den Marken, die besucht werden, wie Ascoli Piceno, die den sch\u00f6nsten Platz in Italien hat, und ein sch\u00f6nes altes Caf\u00e9, das \u201eCaf\u00e8 Meletti\u201c. [\/vc_column_text][\/vc_column][\/vc_row][vc_row parallax=&#8220;content-moving&#8220; parallax_image=&#8220;12553&#8243; parallax_speed_bg=&#8220;1&#8243;][vc_column][vc_empty_space height=&#8220;300px&#8220;][\/vc_column][\/vc_row][vc_row][vc_column width=&#8220;1\/2&#8243;][vc_column_text]Die Stadt Urbino ist ein echtes Juwel, mit seiner Renaissance-Palazzo Ducale, der von Federico da Montefeltro erbaut wurde. Dies ist ein gro\u00dfer Stratege, der im f\u00fcnfzehnten Jahrhundert lebte, uneheliche Geburt, eine gro\u00dfe Karriere als ein Mann der Renaissance. Ich freue mich auf einen Film \u00fcber diese historische Figur, der Protagonist von vielen Bildern wie Piero della Francesca, die f\u00fcr den Herzog f\u00fcr viele Jahre gearbeitet. Urbino zu finden Gem\u00e4lde von Raphael, in Urbino, Paolo Uccello, Piero della Francesca, Raffael und die Heimat der Mausoleum der Herz\u00f6ge geboren, malte die Landschaften, die von Federico Barocci, eingelegt mit dem Studium und Pedro Justus von Gent Berreguete. Federico da Montefeltro war in der Armee von Lorenzo de &#8218;Medici, die Sforza von Mailand, der d&#8217;Este, von Aragon, und schlie\u00dflich der Vatikan, die ihn, indem er ihm den Titel eines Herzogs belohnt. Mit dem Erl\u00f6s aus seinen K\u00e4mpfen, baute der Dogenpalast in Urbino, auch zu Ehren von Battista Sforza, die Frau die er liebte und dann geheiratet. Es lohnt sich, zu gehen und zu bewundern.<br \/>\nIm Restaurant, f\u00fcr die &#8222;Spaghetti mit Sahne&#8220; oder fragen &#8222;Wachstum mit Gem\u00fcse&#8220;, die Spezialit\u00e4t des Ortes.[\/vc_column_text][\/vc_column][vc_column width=&#8220;1\/2&#8243;][vc_column_text]Andere St\u00e4dte zu besuchen sind Loreto und der ber\u00fchmten Basilika, das Mausoleum von Bramante, Recanati, Macerata, mit seiner ber\u00fchmten Arena Sferisterio, zweiter in der Gr\u00f6\u00dfe nur auf die Arena von Verona, wo im Sommer gibt es gro\u00dfe Auftritte als \u201eMadama Butterfly\u201c. [\/vc_column_text][vc_single_image image=&#8220;12854&#8243; img_size=&#8220;full&#8220; alignment=&#8220;center&#8220;][\/vc_column][\/vc_row][vc_row][vc_column width=&#8220;1\/2&#8243;][vc_single_image image=&#8220;12866&#8243; img_size=&#8220;full&#8220; alignment=&#8220;center&#8220;][\/vc_column][vc_column width=&#8220;1\/2&#8243;][vc_column_text]Camerino und San Severino Marche sind sch\u00f6n. Jesi ist bekannt f\u00fcr seine Teatro Pergolesi, sondern auch als Geburtsort von Valeria Moriconi und Virna Lisi, Valentina Vezzali und Roberto Mancini ber\u00fchmt. Die Bewohner des Marken lieben das Theater und Kultur im Allgemeinen: Finden Sie eine Bibliothek in Pesaro alle f\u00fcnfzig Meter.<br \/>\nAn der K\u00fcste gibt es Senigallia, ein lebhaftes und trendy Stadt, mit einem sch\u00f6nen und breiten Strand, geeignet f\u00fcr Sommer-und Winterwanderungen. Es gibt viele Restaurants am Strand, und zwei sind insbesondere durch den Guide Michelin belohnt.<br \/>\nDann gibt es Sirolo und Numana, zwei kleine Perlen der Conero befestigt. San Benedetto del Tronto verdient eine besondere Erw\u00e4hnung f\u00fcr seinen Strand und Palmen\u2026[\/vc_column_text][\/vc_column][\/vc_row][vc_row][vc_column][vc_separator color=&#8220;custom&#8220; border_width=&#8220;2&#8243; accent_color=&#8220;#97896f&#8220;][vc_column_text]<\/p>\n<h3 style=\"text-align: center;\"><span style=\"color: #97896f;\">Ich bin sicher, andere Dinge werden sich ohne fremde Hilfe zu finden und vielleicht werden Sie ein kleines Dorf in der Landschaft eingebettet zu w\u00e4hlen, da gibt es hunderte von ihnen, und entscheiden Sie zu Ihrem Haus f\u00fcr folgenden Jahren zu machen. Genie\u00dfen Sie Ihren Aufenthalt! <\/span><\/h3>\n<p>[\/vc_column_text][vc_btn title=&#8220;H\u00c4USER ZUM KAUF&#8220; style=&#8220;outline&#8220; shape=&#8220;square&#8220; color=&#8220;white&#8220; align=&#8220;center&#8220; link=&#8220;url:http%3A%2F%2Fmarchecountryhomes.com%2Fde%2Fdurchsuchen-sie-alle-haeuser-zum-verkauf%2F|title:Scopri%20le%20case|&#8220;][\/vc_column][\/vc_row][vc_row][vc_column][vc_separator color=&#8220;custom&#8220; border_width=&#8220;2&#8243; accent_color=&#8220;#97896f&#8220;][\/vc_column][\/vc_row][vc_row parallax=&#8220;content-moving&#8220; parallax_image=&#8220;12814&#8243; parallax_speed_bg=&#8220;1&#8243;][vc_column css=&#8220;.vc_custom_1464277585315{margin-right: 20px !important;margin-left: 20px !important;}&#8220;][vc_column_text]<\/p>\n<h3 style=\"text-align: justify;\"><span style=\"color: #ffffff;\">Projekte<\/span><\/h3>\n<p style=\"text-align: justify;\"><span style=\"color: #ffffff;\">Wir verlassen uns seit jeher auf die kompetente Beratung von Architekturb\u00fcros, die auf die Restaurierung l\u00e4ndlicher und historischer Geb\u00e4ude spezialisiert sind.<\/span><\/p>\n<p style=\"text-align: justify;\"><span style=\"color: #ffffff;\">Unser Staff w\u00e4hlt die Bauleute, G\u00e4rtner, Installateure, Maler am besten f\u00fcr Ihre Restaurierung und Ihr Budget.<\/span><\/p>\n<p>[\/vc_column_text][vc_btn title=&#8220;Projekte&#8220; style=&#8220;outline&#8220; shape=&#8220;square&#8220; color=&#8220;inverse&#8220; size=&#8220;lg&#8220; align=&#8220;left&#8220; link=&#8220;url:http%3A%2F%2Fmarchecountryhomes.com%2Fde%2Fprogetti-3%2F||&#8220;][\/vc_column][\/vc_row][vc_row][vc_column width=&#8220;1\/4&#8243;][\/vc_column][vc_column width=&#8220;1\/4&#8243;][vc_btn title=&#8220;SANIERTE ALTBAU&#8220; style=&#8220;outline&#8220; shape=&#8220;square&#8220; color=&#8220;inverse&#8220; size=&#8220;lg&#8220; align=&#8220;center&#8220; css_animation=&#8220;bottom-to-top&#8220; button_block=&#8220;true&#8220; link=&#8220;url:http%3A%2F%2Fmarchecountryhomes.com%2Fde%2Fsanierte-altbau%2F|title:Case%20restaurate|&#8220;][\/vc_column][vc_column width=&#8220;1\/4&#8243;][vc_btn title=&#8220;H\u00c4USER ZU SANIEREN&#8220; style=&#8220;outline&#8220; shape=&#8220;square&#8220; color=&#8220;inverse&#8220; size=&#8220;lg&#8220; align=&#8220;center&#8220; css_animation=&#8220;bottom-to-top&#8220; button_block=&#8220;true&#8220; link=&#8220;url:http%3A%2F%2Fmarchecountryhomes.com%2Fde%2Fhaeuser-zu-sanieren%2F|title:Case%20da%20restaurare|&#8220;][\/vc_column][vc_column width=&#8220;1\/4&#8243;][\/vc_column][\/vc_row]<\/p>\n","protected":false},"excerpt":{"rendered":"<p>[vc_row][vc_column][vc_column_text css_animation=&#8220;bottom-to-top&#8220;] Wir sind vertraulich und aus diesem Grund viele Prominente haben sich entschieden, hier zu leben. [\/vc_column_text][\/vc_column][\/vc_row][vc_row parallax=&#8220;content-moving&#8220; parallax_image=&#8220;12828&#8243; parallax_speed_bg=&#8220;1&#8243;][vc_column][vc_empty_space height=&#8220;300px&#8220;][\/vc_column][\/vc_row][vc_row][vc_column width=&#8220;2\/3&#8243;][vc_column_text]Es gibt viele gute Reisef\u00fchrer \u00fcber die Marken, aber ich m\u00f6chte auch ein paar n\u00fctzliche Informationen f\u00fcr die Leser geben. Zuerst m\u00f6chte ich die Bewohner des Marches beschreiben, die immer freundlich und zur\u00fcckhaltend,&#8230;<\/p>\n","protected":false},"author":12,"featured_media":0,"parent":0,"menu_order":0,"comment_status":"closed","ping_status":"closed","template":"","meta":{"footnotes":""},"class_list":["post-2572","page","type-page","status-publish","hentry"],"yoast_head":"<!-- This site is optimized with the Yoast SEO plugin v26.8 - https:\/\/yoast.com\/product\/yoast-seo-wordpress\/ -->\n<title>Die Marken Region - Marche Country Homes<\/title>\n<meta name=\"robots\" content=\"index, follow, max-snippet:-1, max-image-preview:large, max-video-preview:-1\" \/>\n<link rel=\"canonical\" href=\"https:\/\/marchecountryhomes.com\/de\/die-region-marken\/\" \/>\n<meta property=\"og:locale\" content=\"de_DE\" \/>\n<meta property=\"og:type\" content=\"article\" \/>\n<meta property=\"og:title\" content=\"Die Marken Region - Marche Country Homes\" \/>\n<meta property=\"og:description\" content=\"[vc_row][vc_column][vc_column_text css_animation=&#8220;bottom-to-top&#8220;] Wir sind vertraulich und aus diesem Grund viele Prominente haben sich entschieden, hier zu leben. [\/vc_column_text][\/vc_column][\/vc_row][vc_row parallax=&#8220;content-moving&#8220; parallax_image=&#8220;12828&#8243; parallax_speed_bg=&#8220;1&#8243;][vc_column][vc_empty_space height=&#8220;300px&#8220;][\/vc_column][\/vc_row][vc_row][vc_column width=&#8220;2\/3&#8243;][vc_column_text]Es gibt viele gute Reisef\u00fchrer \u00fcber die Marken, aber ich m\u00f6chte auch ein paar n\u00fctzliche Informationen f\u00fcr die Leser geben. Zuerst m\u00f6chte ich die Bewohner des Marches beschreiben, die immer freundlich und zur\u00fcckhaltend,...\" \/>\n<meta property=\"og:url\" content=\"https:\/\/marchecountryhomes.com\/de\/die-region-marken\/\" \/>\n<meta property=\"og:site_name\" content=\"Marche Country Homes\" \/>\n<meta property=\"article:publisher\" content=\"https:\/\/www.facebook.com\/Marche-CountryHomes-447631005268932\/\" \/>\n<meta property=\"article:modified_time\" content=\"2025-01-14T15:52:34+00:00\" \/>\n<meta property=\"og:image\" content=\"https:\/\/marchecountryhomes.com\/wp-content\/uploads\/2016\/04\/logo-agente-1.jpg\" \/>\n\t<meta property=\"og:image:width\" content=\"210\" \/>\n\t<meta property=\"og:image:height\" content=\"210\" \/>\n\t<meta property=\"og:image:type\" content=\"image\/jpeg\" \/>\n<meta name=\"twitter:card\" content=\"summary_large_image\" \/>\n<meta name=\"twitter:site\" content=\"@marcheproperty\" \/>\n<meta name=\"twitter:label1\" content=\"Gesch\u00e4tzte Lesezeit\" \/>\n\t<meta name=\"twitter:data1\" content=\"7\u00a0Minuten\" \/>\n<script type=\"application\/ld+json\" class=\"yoast-schema-graph\">{\"@context\":\"https:\/\/schema.org\",\"@graph\":[{\"@type\":\"WebPage\",\"@id\":\"https:\/\/marchecountryhomes.com\/de\/die-region-marken\/\",\"url\":\"https:\/\/marchecountryhomes.com\/de\/die-region-marken\/\",\"name\":\"Die Marken Region - Marche Country Homes\",\"isPartOf\":{\"@id\":\"https:\/\/marchecountryhomes.com\/de\/#website\"},\"datePublished\":\"2016-04-05T18:58:34+00:00\",\"dateModified\":\"2025-01-14T15:52:34+00:00\",\"breadcrumb\":{\"@id\":\"https:\/\/marchecountryhomes.com\/de\/die-region-marken\/#breadcrumb\"},\"inLanguage\":\"de\",\"potentialAction\":[{\"@type\":\"ReadAction\",\"target\":[\"https:\/\/marchecountryhomes.com\/de\/die-region-marken\/\"]}]},{\"@type\":\"BreadcrumbList\",\"@id\":\"https:\/\/marchecountryhomes.com\/de\/die-region-marken\/#breadcrumb\",\"itemListElement\":[{\"@type\":\"ListItem\",\"position\":1,\"name\":\"Home\",\"item\":\"https:\/\/marchecountryhomes.com\/de\/\"},{\"@type\":\"ListItem\",\"position\":2,\"name\":\"Die Marken Region\"}]},{\"@type\":\"WebSite\",\"@id\":\"https:\/\/marchecountryhomes.com\/de\/#website\",\"url\":\"https:\/\/marchecountryhomes.com\/de\/\",\"name\":\"Marche Country Homes\",\"description\":\"Case e casali in vendita nelle Marche\",\"publisher\":{\"@id\":\"https:\/\/marchecountryhomes.com\/de\/#organization\"},\"potentialAction\":[{\"@type\":\"SearchAction\",\"target\":{\"@type\":\"EntryPoint\",\"urlTemplate\":\"https:\/\/marchecountryhomes.com\/de\/?s={search_term_string}\"},\"query-input\":{\"@type\":\"PropertyValueSpecification\",\"valueRequired\":true,\"valueName\":\"search_term_string\"}}],\"inLanguage\":\"de\"},{\"@type\":\"Organization\",\"@id\":\"https:\/\/marchecountryhomes.com\/de\/#organization\",\"name\":\"Marche Country Homes\",\"url\":\"https:\/\/marchecountryhomes.com\/de\/\",\"logo\":{\"@type\":\"ImageObject\",\"inLanguage\":\"de\",\"@id\":\"https:\/\/marchecountryhomes.com\/de\/#\/schema\/logo\/image\/\",\"url\":\"https:\/\/marchecountryhomes.com\/wp-content\/uploads\/2020\/12\/marche-country-homes-logo.png\",\"contentUrl\":\"https:\/\/marchecountryhomes.com\/wp-content\/uploads\/2020\/12\/marche-country-homes-logo.png\",\"width\":168,\"height\":159,\"caption\":\"Marche Country Homes\"},\"image\":{\"@id\":\"https:\/\/marchecountryhomes.com\/de\/#\/schema\/logo\/image\/\"},\"sameAs\":[\"https:\/\/www.facebook.com\/Marche-CountryHomes-447631005268932\/\",\"https:\/\/x.com\/marcheproperty\",\"https:\/\/www.instagram.com\/marchecountryhomes\/\",\"https:\/\/it.pinterest.com\/marchecountryhomes\/\",\"https:\/\/www.youtube.com\/user\/MarcheCountryHomes\"]}]}<\/script>\n<!-- \/ Yoast SEO plugin. -->","yoast_head_json":{"title":"Die Marken Region - Marche Country Homes","robots":{"index":"index","follow":"follow","max-snippet":"max-snippet:-1","max-image-preview":"max-image-preview:large","max-video-preview":"max-video-preview:-1"},"canonical":"https:\/\/marchecountryhomes.com\/de\/die-region-marken\/","og_locale":"de_DE","og_type":"article","og_title":"Die Marken Region - Marche Country Homes","og_description":"[vc_row][vc_column][vc_column_text css_animation=&#8220;bottom-to-top&#8220;] Wir sind vertraulich und aus diesem Grund viele Prominente haben sich entschieden, hier zu leben. [\/vc_column_text][\/vc_column][\/vc_row][vc_row parallax=&#8220;content-moving&#8220; parallax_image=&#8220;12828&#8243; parallax_speed_bg=&#8220;1&#8243;][vc_column][vc_empty_space height=&#8220;300px&#8220;][\/vc_column][\/vc_row][vc_row][vc_column width=&#8220;2\/3&#8243;][vc_column_text]Es gibt viele gute Reisef\u00fchrer \u00fcber die Marken, aber ich m\u00f6chte auch ein paar n\u00fctzliche Informationen f\u00fcr die Leser geben. Zuerst m\u00f6chte ich die Bewohner des Marches beschreiben, die immer freundlich und zur\u00fcckhaltend,...","og_url":"https:\/\/marchecountryhomes.com\/de\/die-region-marken\/","og_site_name":"Marche Country Homes","article_publisher":"https:\/\/www.facebook.com\/Marche-CountryHomes-447631005268932\/","article_modified_time":"2025-01-14T15:52:34+00:00","og_image":[{"width":210,"height":210,"url":"https:\/\/marchecountryhomes.com\/wp-content\/uploads\/2016\/04\/logo-agente-1.jpg","type":"image\/jpeg"}],"twitter_card":"summary_large_image","twitter_site":"@marcheproperty","twitter_misc":{"Gesch\u00e4tzte Lesezeit":"7\u00a0Minuten"},"schema":{"@context":"https:\/\/schema.org","@graph":[{"@type":"WebPage","@id":"https:\/\/marchecountryhomes.com\/de\/die-region-marken\/","url":"https:\/\/marchecountryhomes.com\/de\/die-region-marken\/","name":"Die Marken Region - Marche Country Homes","isPartOf":{"@id":"https:\/\/marchecountryhomes.com\/de\/#website"},"datePublished":"2016-04-05T18:58:34+00:00","dateModified":"2025-01-14T15:52:34+00:00","breadcrumb":{"@id":"https:\/\/marchecountryhomes.com\/de\/die-region-marken\/#breadcrumb"},"inLanguage":"de","potentialAction":[{"@type":"ReadAction","target":["https:\/\/marchecountryhomes.com\/de\/die-region-marken\/"]}]},{"@type":"BreadcrumbList","@id":"https:\/\/marchecountryhomes.com\/de\/die-region-marken\/#breadcrumb","itemListElement":[{"@type":"ListItem","position":1,"name":"Home","item":"https:\/\/marchecountryhomes.com\/de\/"},{"@type":"ListItem","position":2,"name":"Die Marken Region"}]},{"@type":"WebSite","@id":"https:\/\/marchecountryhomes.com\/de\/#website","url":"https:\/\/marchecountryhomes.com\/de\/","name":"Marche Country Homes","description":"Case e casali in vendita nelle Marche","publisher":{"@id":"https:\/\/marchecountryhomes.com\/de\/#organization"},"potentialAction":[{"@type":"SearchAction","target":{"@type":"EntryPoint","urlTemplate":"https:\/\/marchecountryhomes.com\/de\/?s={search_term_string}"},"query-input":{"@type":"PropertyValueSpecification","valueRequired":true,"valueName":"search_term_string"}}],"inLanguage":"de"},{"@type":"Organization","@id":"https:\/\/marchecountryhomes.com\/de\/#organization","name":"Marche Country Homes","url":"https:\/\/marchecountryhomes.com\/de\/","logo":{"@type":"ImageObject","inLanguage":"de","@id":"https:\/\/marchecountryhomes.com\/de\/#\/schema\/logo\/image\/","url":"https:\/\/marchecountryhomes.com\/wp-content\/uploads\/2020\/12\/marche-country-homes-logo.png","contentUrl":"https:\/\/marchecountryhomes.com\/wp-content\/uploads\/2020\/12\/marche-country-homes-logo.png","width":168,"height":159,"caption":"Marche Country Homes"},"image":{"@id":"https:\/\/marchecountryhomes.com\/de\/#\/schema\/logo\/image\/"},"sameAs":["https:\/\/www.facebook.com\/Marche-CountryHomes-447631005268932\/","https:\/\/x.com\/marcheproperty","https:\/\/www.instagram.com\/marchecountryhomes\/","https:\/\/it.pinterest.com\/marchecountryhomes\/","https:\/\/www.youtube.com\/user\/MarcheCountryHomes"]}]}},"_links":{"self":[{"href":"https:\/\/marchecountryhomes.com\/de\/wp-json\/wp\/v2\/pages\/2572","targetHints":{"allow":["GET"]}}],"collection":[{"href":"https:\/\/marchecountryhomes.com\/de\/wp-json\/wp\/v2\/pages"}],"about":[{"href":"https:\/\/marchecountryhomes.com\/de\/wp-json\/wp\/v2\/types\/page"}],"author":[{"embeddable":true,"href":"https:\/\/marchecountryhomes.com\/de\/wp-json\/wp\/v2\/users\/12"}],"replies":[{"embeddable":true,"href":"https:\/\/marchecountryhomes.com\/de\/wp-json\/wp\/v2\/comments?post=2572"}],"version-history":[{"count":6,"href":"https:\/\/marchecountryhomes.com\/de\/wp-json\/wp\/v2\/pages\/2572\/revisions"}],"predecessor-version":[{"id":194863,"href":"https:\/\/marchecountryhomes.com\/de\/wp-json\/wp\/v2\/pages\/2572\/revisions\/194863"}],"wp:attachment":[{"href":"https:\/\/marchecountryhomes.com\/de\/wp-json\/wp\/v2\/media?parent=2572"}],"curies":[{"name":"wp","href":"https:\/\/api.w.org\/{rel}","templated":true}]}}