{"id":2492,"date":"2016-04-05T20:07:13","date_gmt":"2016-04-05T19:07:13","guid":{"rendered":"https:\/\/marchecountryhomes.com\/de\/?page_id=2492"},"modified":"2019-12-17T11:51:21","modified_gmt":"2019-12-17T09:51:21","slug":"haeuser-am-strand","status":"publish","type":"page","link":"https:\/\/marchecountryhomes.com\/de\/haeuser-am-strand\/","title":{"rendered":"H\u00e4user am strand"},"content":{"rendered":"<p>[vc_row][vc_column][vc_column_text css=&#8220;.vc_custom_1575028330225{margin-bottom: 0px !important;border-bottom-width: 0px !important;padding-bottom: 0px !important;}&#8220;]<\/p>\n<h2 style=\"text-align: center;\"><b><span lang=\"DE\">H\u00e4user am Meer in der Region Marken<\/span><\/b><\/h2>\n<p>Jeder, der am Meer geboren wurde, wei\u00df, dass man, wenn man einen Blick auf das Meer wirft, immer Freude daran haben muss: Es ist ein einzigartiges Element, ein wesentlicher Bestandteil unseres Lebens, und wir w\u00fcrden uns ohne es unvollst\u00e4ndig f\u00fchlen. Dies ist der Grund, warum viele Menschen, auch in einer Region, die f\u00fcr ihre H\u00fcgellandschaften bekannt ist, eines der <strong>H\u00e4user am Meer<\/strong> zum Verkauf in dieser Gegend w\u00e4hlen.[\/vc_column_text][vc_tta_accordion active_section=&#8220;&#8220; collapsible_all=&#8220;true&#8220; css=&#8220;.vc_custom_1574331079431{margin-top: 0px !important;border-top-width: 0px !important;padding-top: 0px !important;}&#8220;][vc_tta_section title=&#8220;Lesen Sie mehr&#8220; tab_id=&#8220;1574330250420-26727f71-09e8&#8243; el_class=&#8220;link-testo&#8220;][vc_column_text]<strong><span lang=\"DE\">H\u00e4user in der N\u00e4he des Meeres<\/span><\/strong><span lang=\"DE\">, die wir bei Marche Country Homes zum Verkauf anbieten, sind typische H\u00e4user, da sie sich normalerweise in privilegierten Gegenden befinden, mitten im Gr\u00fcnen, und Sie k\u00f6nnen auch die Kraft und Sch\u00f6nheit des kristallklaren Meeres in der N\u00e4he genie\u00dfen. Das Meer bietet atemberaubende Ausblicke: Eine Muse gro\u00dfer Dichter und K\u00fcnstler, die den Menschen seit jeher eine nat\u00fcrliche Stille bietet.<\/span><\/p>\n<p><span lang=\"DE\">Hier ein Zitat des Schriftstellers und Dramatikers\u00a0<\/span><em><a href=\"https:\/\/de.wikipedia.org\/wiki\/Hermann_Broch\" target=\"_blank\" rel=\"noopener noreferrer\"><span lang=\"EN-US\">Hermann Broch<\/span><\/a><\/em><span lang=\"DE\">: \u201e<\/span><span lang=\"EN-US\"><em>Wer am Meer lebt, kann sich kaum einen einzigen Gedanken machen, an den das Meer nicht denken w\u00fcrde.<\/em>\u201c<\/span><span lang=\"DE\">\u00a0Tats\u00e4chlich gilt dies: aus der Mitte des Parks des Conero-Gebirges bis zu den H\u00fcgeln von Potenza Picena in der Provinz Macerata weist jedes Haus am Meer, das im Katalog der von Marche Country Homes zum Verkauf stehenden H\u00e4user aufgef\u00fchrt ist, einige Besonderheiten auf. H\u00e4user am Meer zum Verkauf sind traditionelle H\u00e4user, Landh\u00e4user oder Casa Colonica, Bauernh\u00e4user, historische H\u00e4user, die bereits restauriert wurden oder restauriert werden m\u00fcssen. Immobilien zum Verkauf an der K\u00fcste haben etwas Besonderes und einen Mehrwert. Dar\u00fcber hinaus haben sie aufgrund ihrer besonderen Merkmale das Privileg und Gl\u00fcck, dass nur sehr wenige andere Geb\u00e4ude von Natur umgeben sind und alle Vorteile f\u00fcr Ihre Gesundheit und Ihr Wohlbefinden haben.<\/span><\/p>\n<p><span lang=\"DE\">Verpassen Sie nicht die Gelegenheit, unsere\u00a0<\/span><strong><span lang=\"EN-US\">H\u00e4user am Meer<\/span><\/strong><span lang=\"DE\">\u00a0zum Verkauf zu besuchen: Schauen Sie sich unsere H\u00e4user an und\u00a0<\/span><a href=\"https:\/\/marchecountryhomes.com\/de\/impressum-2\/\"><span lang=\"EN-US\">vereinbaren Sie<\/span><\/a><span lang=\"DE\">\u00a0einen Termin mit uns, wir freuen uns auf Sie!<\/span>[\/vc_column_text][\/vc_tta_section][\/vc_tta_accordion][\/vc_column][\/vc_row]<\/p>\n","protected":false},"excerpt":{"rendered":"<p>[vc_row][vc_column][vc_column_text css=&#8220;.vc_custom_1575028330225{margin-bottom: 0px !important;border-bottom-width: 0px !important;padding-bottom: 0px !important;}&#8220;] H\u00e4user am Meer in der Region Marken Jeder, der am Meer geboren wurde, wei\u00df, dass man, wenn man einen Blick auf das Meer wirft, immer Freude daran haben muss: Es ist ein einzigartiges Element, ein wesentlicher Bestandteil unseres Lebens, und wir w\u00fcrden uns ohne es unvollst\u00e4ndig f\u00fchlen&#8230;.<\/p>\n","protected":false},"author":12,"featured_media":186127,"parent":0,"menu_order":0,"comment_status":"closed","ping_status":"closed","template":"templates\/properties.php","meta":{"footnotes":""},"class_list":["post-2492","page","type-page","status-publish","has-post-thumbnail","hentry"],"yoast_head":"<!-- This site is optimized with the Yoast SEO plugin v26.8 - https:\/\/yoast.com\/product\/yoast-seo-wordpress\/ -->\n<title>H\u00e4user am strand in der Region Marken - Marche Country Homes<\/title>\n<meta name=\"description\" content=\"Verpassen Sie nicht die Gelegenheit, unsere H\u00e4user am Meer zum Verkauf zu besuchen: Schauen Sie sich unsere H\u00e4user an und vereinbaren Sie!\" \/>\n<meta name=\"robots\" content=\"index, follow, max-snippet:-1, max-image-preview:large, max-video-preview:-1\" \/>\n<link rel=\"canonical\" href=\"https:\/\/marchecountryhomes.com\/de\/haeuser-am-strand\/\" \/>\n<meta property=\"og:locale\" content=\"de_DE\" \/>\n<meta property=\"og:type\" content=\"article\" \/>\n<meta property=\"og:title\" content=\"H\u00e4user am strand in der Region Marken - Marche Country Homes\" \/>\n<meta property=\"og:description\" content=\"Verpassen Sie nicht die Gelegenheit, unsere H\u00e4user am Meer zum Verkauf zu besuchen: Schauen Sie sich unsere H\u00e4user an und vereinbaren Sie!\" \/>\n<meta property=\"og:url\" content=\"https:\/\/marchecountryhomes.com\/de\/haeuser-am-strand\/\" \/>\n<meta property=\"og:site_name\" content=\"Marche Country Homes\" \/>\n<meta property=\"article:publisher\" content=\"https:\/\/www.facebook.com\/Marche-CountryHomes-447631005268932\/\" \/>\n<meta property=\"article:modified_time\" content=\"2019-12-17T09:51:21+00:00\" \/>\n<meta property=\"og:image\" content=\"https:\/\/marchecountryhomes.com\/wp-content\/uploads\/2019\/11\/casa-al-mare.jpg\" \/>\n\t<meta property=\"og:image:width\" content=\"1000\" \/>\n\t<meta property=\"og:image:height\" content=\"667\" \/>\n\t<meta property=\"og:image:type\" content=\"image\/jpeg\" \/>\n<meta name=\"twitter:card\" content=\"summary_large_image\" \/>\n<meta name=\"twitter:site\" content=\"@marcheproperty\" \/>\n<meta name=\"twitter:label1\" content=\"Gesch\u00e4tzte Lesezeit\" \/>\n\t<meta name=\"twitter:data1\" content=\"2\u00a0Minuten\" \/>\n<script type=\"application\/ld+json\" class=\"yoast-schema-graph\">{\"@context\":\"https:\/\/schema.org\",\"@graph\":[{\"@type\":\"WebPage\",\"@id\":\"https:\/\/marchecountryhomes.com\/de\/haeuser-am-strand\/\",\"url\":\"https:\/\/marchecountryhomes.com\/de\/haeuser-am-strand\/\",\"name\":\"H\u00e4user am strand in der Region Marken - Marche Country Homes\",\"isPartOf\":{\"@id\":\"https:\/\/marchecountryhomes.com\/de\/#website\"},\"primaryImageOfPage\":{\"@id\":\"https:\/\/marchecountryhomes.com\/de\/haeuser-am-strand\/#primaryimage\"},\"image\":{\"@id\":\"https:\/\/marchecountryhomes.com\/de\/haeuser-am-strand\/#primaryimage\"},\"thumbnailUrl\":\"https:\/\/marchecountryhomes.com\/wp-content\/uploads\/2023\/08\/case-al-mare-in-vendita-nelle-marche-mch.jpg\",\"datePublished\":\"2016-04-05T19:07:13+00:00\",\"dateModified\":\"2019-12-17T09:51:21+00:00\",\"description\":\"Verpassen Sie nicht die Gelegenheit, unsere H\u00e4user am Meer zum Verkauf zu besuchen: Schauen Sie sich unsere H\u00e4user an und vereinbaren Sie!\",\"breadcrumb\":{\"@id\":\"https:\/\/marchecountryhomes.com\/de\/haeuser-am-strand\/#breadcrumb\"},\"inLanguage\":\"de\",\"potentialAction\":[{\"@type\":\"ReadAction\",\"target\":[\"https:\/\/marchecountryhomes.com\/de\/haeuser-am-strand\/\"]}]},{\"@type\":\"ImageObject\",\"inLanguage\":\"de\",\"@id\":\"https:\/\/marchecountryhomes.com\/de\/haeuser-am-strand\/#primaryimage\",\"url\":\"https:\/\/marchecountryhomes.com\/wp-content\/uploads\/2023\/08\/case-al-mare-in-vendita-nelle-marche-mch.jpg\",\"contentUrl\":\"https:\/\/marchecountryhomes.com\/wp-content\/uploads\/2023\/08\/case-al-mare-in-vendita-nelle-marche-mch.jpg\",\"width\":1200,\"height\":800,\"caption\":\"Case al mare in vendita nelle Marche - catalogo MCH\"},{\"@type\":\"BreadcrumbList\",\"@id\":\"https:\/\/marchecountryhomes.com\/de\/haeuser-am-strand\/#breadcrumb\",\"itemListElement\":[{\"@type\":\"ListItem\",\"position\":1,\"name\":\"Home\",\"item\":\"https:\/\/marchecountryhomes.com\/de\/\"},{\"@type\":\"ListItem\",\"position\":2,\"name\":\"H\u00e4user am strand\"}]},{\"@type\":\"WebSite\",\"@id\":\"https:\/\/marchecountryhomes.com\/de\/#website\",\"url\":\"https:\/\/marchecountryhomes.com\/de\/\",\"name\":\"Marche Country Homes\",\"description\":\"Case e casali in vendita nelle Marche\",\"publisher\":{\"@id\":\"https:\/\/marchecountryhomes.com\/de\/#organization\"},\"potentialAction\":[{\"@type\":\"SearchAction\",\"target\":{\"@type\":\"EntryPoint\",\"urlTemplate\":\"https:\/\/marchecountryhomes.com\/de\/?s={search_term_string}\"},\"query-input\":{\"@type\":\"PropertyValueSpecification\",\"valueRequired\":true,\"valueName\":\"search_term_string\"}}],\"inLanguage\":\"de\"},{\"@type\":\"Organization\",\"@id\":\"https:\/\/marchecountryhomes.com\/de\/#organization\",\"name\":\"Marche Country Homes\",\"url\":\"https:\/\/marchecountryhomes.com\/de\/\",\"logo\":{\"@type\":\"ImageObject\",\"inLanguage\":\"de\",\"@id\":\"https:\/\/marchecountryhomes.com\/de\/#\/schema\/logo\/image\/\",\"url\":\"https:\/\/marchecountryhomes.com\/wp-content\/uploads\/2020\/12\/marche-country-homes-logo.png\",\"contentUrl\":\"https:\/\/marchecountryhomes.com\/wp-content\/uploads\/2020\/12\/marche-country-homes-logo.png\",\"width\":168,\"height\":159,\"caption\":\"Marche Country Homes\"},\"image\":{\"@id\":\"https:\/\/marchecountryhomes.com\/de\/#\/schema\/logo\/image\/\"},\"sameAs\":[\"https:\/\/www.facebook.com\/Marche-CountryHomes-447631005268932\/\",\"https:\/\/x.com\/marcheproperty\",\"https:\/\/www.instagram.com\/marchecountryhomes\/\",\"https:\/\/it.pinterest.com\/marchecountryhomes\/\",\"https:\/\/www.youtube.com\/user\/MarcheCountryHomes\"]}]}<\/script>\n<!-- \/ Yoast SEO plugin. -->","yoast_head_json":{"title":"H\u00e4user am strand in der Region Marken - Marche Country Homes","description":"Verpassen Sie nicht die Gelegenheit, unsere H\u00e4user am Meer zum Verkauf zu besuchen: Schauen Sie sich unsere H\u00e4user an und vereinbaren Sie!","robots":{"index":"index","follow":"follow","max-snippet":"max-snippet:-1","max-image-preview":"max-image-preview:large","max-video-preview":"max-video-preview:-1"},"canonical":"https:\/\/marchecountryhomes.com\/de\/haeuser-am-strand\/","og_locale":"de_DE","og_type":"article","og_title":"H\u00e4user am strand in der Region Marken - Marche Country Homes","og_description":"Verpassen Sie nicht die Gelegenheit, unsere H\u00e4user am Meer zum Verkauf zu besuchen: Schauen Sie sich unsere H\u00e4user an und vereinbaren Sie!","og_url":"https:\/\/marchecountryhomes.com\/de\/haeuser-am-strand\/","og_site_name":"Marche Country Homes","article_publisher":"https:\/\/www.facebook.com\/Marche-CountryHomes-447631005268932\/","article_modified_time":"2019-12-17T09:51:21+00:00","og_image":[{"width":1000,"height":667,"url":"https:\/\/marchecountryhomes.com\/wp-content\/uploads\/2019\/11\/casa-al-mare.jpg","type":"image\/jpeg"}],"twitter_card":"summary_large_image","twitter_site":"@marcheproperty","twitter_misc":{"Gesch\u00e4tzte Lesezeit":"2\u00a0Minuten"},"schema":{"@context":"https:\/\/schema.org","@graph":[{"@type":"WebPage","@id":"https:\/\/marchecountryhomes.com\/de\/haeuser-am-strand\/","url":"https:\/\/marchecountryhomes.com\/de\/haeuser-am-strand\/","name":"H\u00e4user am strand in der Region Marken - Marche Country Homes","isPartOf":{"@id":"https:\/\/marchecountryhomes.com\/de\/#website"},"primaryImageOfPage":{"@id":"https:\/\/marchecountryhomes.com\/de\/haeuser-am-strand\/#primaryimage"},"image":{"@id":"https:\/\/marchecountryhomes.com\/de\/haeuser-am-strand\/#primaryimage"},"thumbnailUrl":"https:\/\/marchecountryhomes.com\/wp-content\/uploads\/2023\/08\/case-al-mare-in-vendita-nelle-marche-mch.jpg","datePublished":"2016-04-05T19:07:13+00:00","dateModified":"2019-12-17T09:51:21+00:00","description":"Verpassen Sie nicht die Gelegenheit, unsere H\u00e4user am Meer zum Verkauf zu besuchen: Schauen Sie sich unsere H\u00e4user an und vereinbaren Sie!","breadcrumb":{"@id":"https:\/\/marchecountryhomes.com\/de\/haeuser-am-strand\/#breadcrumb"},"inLanguage":"de","potentialAction":[{"@type":"ReadAction","target":["https:\/\/marchecountryhomes.com\/de\/haeuser-am-strand\/"]}]},{"@type":"ImageObject","inLanguage":"de","@id":"https:\/\/marchecountryhomes.com\/de\/haeuser-am-strand\/#primaryimage","url":"https:\/\/marchecountryhomes.com\/wp-content\/uploads\/2023\/08\/case-al-mare-in-vendita-nelle-marche-mch.jpg","contentUrl":"https:\/\/marchecountryhomes.com\/wp-content\/uploads\/2023\/08\/case-al-mare-in-vendita-nelle-marche-mch.jpg","width":1200,"height":800,"caption":"Case al mare in vendita nelle Marche - catalogo MCH"},{"@type":"BreadcrumbList","@id":"https:\/\/marchecountryhomes.com\/de\/haeuser-am-strand\/#breadcrumb","itemListElement":[{"@type":"ListItem","position":1,"name":"Home","item":"https:\/\/marchecountryhomes.com\/de\/"},{"@type":"ListItem","position":2,"name":"H\u00e4user am strand"}]},{"@type":"WebSite","@id":"https:\/\/marchecountryhomes.com\/de\/#website","url":"https:\/\/marchecountryhomes.com\/de\/","name":"Marche Country Homes","description":"Case e casali in vendita nelle Marche","publisher":{"@id":"https:\/\/marchecountryhomes.com\/de\/#organization"},"potentialAction":[{"@type":"SearchAction","target":{"@type":"EntryPoint","urlTemplate":"https:\/\/marchecountryhomes.com\/de\/?s={search_term_string}"},"query-input":{"@type":"PropertyValueSpecification","valueRequired":true,"valueName":"search_term_string"}}],"inLanguage":"de"},{"@type":"Organization","@id":"https:\/\/marchecountryhomes.com\/de\/#organization","name":"Marche Country Homes","url":"https:\/\/marchecountryhomes.com\/de\/","logo":{"@type":"ImageObject","inLanguage":"de","@id":"https:\/\/marchecountryhomes.com\/de\/#\/schema\/logo\/image\/","url":"https:\/\/marchecountryhomes.com\/wp-content\/uploads\/2020\/12\/marche-country-homes-logo.png","contentUrl":"https:\/\/marchecountryhomes.com\/wp-content\/uploads\/2020\/12\/marche-country-homes-logo.png","width":168,"height":159,"caption":"Marche Country Homes"},"image":{"@id":"https:\/\/marchecountryhomes.com\/de\/#\/schema\/logo\/image\/"},"sameAs":["https:\/\/www.facebook.com\/Marche-CountryHomes-447631005268932\/","https:\/\/x.com\/marcheproperty","https:\/\/www.instagram.com\/marchecountryhomes\/","https:\/\/it.pinterest.com\/marchecountryhomes\/","https:\/\/www.youtube.com\/user\/MarcheCountryHomes"]}]}},"_links":{"self":[{"href":"https:\/\/marchecountryhomes.com\/de\/wp-json\/wp\/v2\/pages\/2492","targetHints":{"allow":["GET"]}}],"collection":[{"href":"https:\/\/marchecountryhomes.com\/de\/wp-json\/wp\/v2\/pages"}],"about":[{"href":"https:\/\/marchecountryhomes.com\/de\/wp-json\/wp\/v2\/types\/page"}],"author":[{"embeddable":true,"href":"https:\/\/marchecountryhomes.com\/de\/wp-json\/wp\/v2\/users\/12"}],"replies":[{"embeddable":true,"href":"https:\/\/marchecountryhomes.com\/de\/wp-json\/wp\/v2\/comments?post=2492"}],"version-history":[{"count":3,"href":"https:\/\/marchecountryhomes.com\/de\/wp-json\/wp\/v2\/pages\/2492\/revisions"}],"predecessor-version":[{"id":143698,"href":"https:\/\/marchecountryhomes.com\/de\/wp-json\/wp\/v2\/pages\/2492\/revisions\/143698"}],"wp:featuredmedia":[{"embeddable":true,"href":"https:\/\/marchecountryhomes.com\/de\/wp-json\/wp\/v2\/media\/186127"}],"wp:attachment":[{"href":"https:\/\/marchecountryhomes.com\/de\/wp-json\/wp\/v2\/media?parent=2492"}],"curies":[{"name":"wp","href":"https:\/\/api.w.org\/{rel}","templated":true}]}}