{"id":2484,"date":"2016-04-05T20:07:24","date_gmt":"2016-04-05T19:07:24","guid":{"rendered":"https:\/\/marchecountryhomes.com\/de\/?page_id=2484"},"modified":"2024-05-10T16:41:09","modified_gmt":"2024-05-10T15:41:09","slug":"land-und-bauernhoefe","status":"publish","type":"page","link":"https:\/\/marchecountryhomes.com\/de\/land-und-bauernhoefe\/","title":{"rendered":"Land und Bauernh\u00f6fe"},"content":{"rendered":"<p>[vc_row][vc_column][vc_column_text css=&#8220;.vc_custom_1715324864305{margin-bottom: 0px !important;border-bottom-width: 0px !important;padding-bottom: 0px !important;}&#8220;]<\/p>\n<h2>Bauernhof, Ackerland und H\u00e4user mit Land zum Verkauf in den Marken<\/h2>\n<p>Der Kauf einer Luxusimmobilie ist oft der erste Schritt bei der Gr\u00fcndung eines neuen Unternehmens. Unter diesem Gesichtspunkt bietet der Erwerb eines zum Verkauf stehenden Bauernhofs in der Region Marken ein hohes Renditepotenzial, da die M\u00f6glichkeit besteht, Grundst\u00fccke zu erwerben, die sich in prestigetr\u00e4chtigen Kontexten befinden und auf eine Erfolgsgeschichte zur\u00fcckblicken.<\/p>\n<p>Die Region Marken zeichnet sich durch eine starke b\u00e4uerliche Matrix aus, die sich bis in die sechziger Jahre des zwanzigsten Jahrhunderts mit der Teilpacht entwickelte: ein kulturelles und soziales Ph\u00e4nomen, das typisch f\u00fcr Mittelitalien ist und von einem landwirtschaftlichen Vertrag ausgeht. [\/vc_column_text][vc_tta_accordion active_section=&#8220;&#8220; collapsible_all=&#8220;true&#8220; css=&#8220;.vc_custom_1574331079431{margin-top: 0px !important;border-top-width: 0px !important;padding-top: 0px !important;}&#8220;][vc_tta_section title=&#8220;Lies erneut&#8230;&#8220; tab_id=&#8220;1574330250420-26727f71-09e8&#8243; el_class=&#8220;link-testo&#8220;][vc_column_text]Die Herrenh\u00e4user werden durch die Verwendung von lokalem Stein und hochwertigen Materialien hergestellt. Die Geb\u00e4ude bezeichnen auch Elemente von ausgesprochener Sch\u00f6nheit, die oft aus Kl\u00f6stern oder aus den ehemaligen H\u00e4usern der Besitzer stammen.<\/p>\n<p>Ab dem siebzehnten Jahrhundert begannen die Landwirte, Bauernh\u00e4user zu bauen, wodurch komfortablere H\u00e4user entstanden, die Familien besser unterbringen konnten, angesichts einer Optimierung des Raums, der sich auch heute noch als wertvoll erweist und den Bed\u00fcrfnissen der heutigen Zeit perfekt entspricht.<\/p>\n<p>Die im Marche Country Homes-Katalog zum Verkauf stehenden Grundst\u00fccke und Bauernh\u00f6fe sind Immobilien, die von einer alten Vergangenheit erz\u00e4hlen: Sie sind aus den Eckpfeilern der l\u00e4ndlichen Architektur in den Marken gebaut. Sie haben eine Vielzahl interessanter Vorteile, die sich f\u00fcr unterschiedliche Anwendungen eignen.<\/p>\n<h2><span style=\"font-weight: 400;\">Die Aktivit\u00e4ten, die durch den Erwerb eines landwirtschaftlichen Betriebs gestartet werden k\u00f6nnen<\/span><\/h2>\n<p>Wenn Sie einen landwirtschaftlichen Betrieb kaufen und damit landwirtschaftlicher Unternehmer werden, k\u00f6nnen Sie verschiedene Arten von Aktivit\u00e4ten ausf\u00fchren: Einige werden als Hauptaktivit\u00e4ten bezeichnet, andere sind mit letzteren verbunden.<\/p>\n<p>Direkte Praktiken sind solche, die in die Bodenbearbeitung, die Forstwirtschaft und die Tierhaltung fallen. Der landwirtschaftliche Betrieb kann auch in Unternehmens- und assoziierter Form gef\u00fchrt werden, wobei mehrere Personen Arbeit erhalten, die sich entscheiden, die Verantwortung zu \u00fcbernehmen und zu teilen.<\/p>\n<p>Es gibt zwei verwandte landwirtschaftliche T\u00e4tigkeiten. Erstere haben den Zweck, die Handhabung, die Konservierung, die Umwandlung und schlie\u00dflich die Vermarktung der durch die Hauptmethoden gewonnenen Produkte zu gew\u00e4hrleisten. Letztere befassen sich mit der Bereitstellung von Waren oder Dienstleistungen, die beispielsweise mit der Aufwertung des Territoriums, der Aufnahme von Personen usw. verbunden sind.<\/p>\n<p>Es gibt viel Potenzial, wenn Sie sich entscheiden, in einen zum Verkauf stehenden Bauernhof zu investieren. Die Wahl muss sowohl auf der Grundlage der Merkmale der individuellen Struktur, die Interesse weckt, als auch aufgrund der beabsichtigten Spezialisierung getroffen werden.<\/p>\n<h2><span style=\"font-weight: 400;\">Warum sollten Sie sich f\u00fcr einen Bauernhof in den Marken entscheiden?<\/span><\/h2>\n<p>Jede Provinz der Marken hat mehrere Besonderheiten, die sie im Agrarsektor einzigartig machen, mit dem Anbau besonderer Produkte und einer starken Berufung zur Gastfreundschaft: ein Element, das den Unterschied macht, wenn Sie sich entscheiden, das Unternehmen in ein Bauernhaus oder eine Struktur zu verwandeln, die der Gastfreundschaft und Veranstaltungen gewidmet ist.<\/p>\n<p>Dann gibt es noch einen weiteren grundlegenden Aspekt, n\u00e4mlich den Respekt vor dem Territorium, etwas, das den Bewohnern der Region sehr am Herzen liegt, wie sie es seit Jahrhunderten gewohnt sind: Es ist in der Tat ein kultureller Faktor, der von Generation zu Generation weitergegeben wird.<\/p>\n<p>Wenn Sie sich f\u00fcr einen Bauernhof in den Marken entscheiden, den Sie zum Verkauf anbieten, machen Sie sich selbst ein Geschenk. Es bedeutet, sich in einem ges\u00fcnderen naturalistischen Kontext zu befinden und einen Lebensstil im Namen des Wohlbefindens und der Natur wiederherzustellen. In der die Zeit langsamer vergeht und authentische Emotionen bietet.<br \/>\n[\/vc_column_text][\/vc_tta_section][\/vc_tta_accordion][\/vc_column][\/vc_row]<\/p>\n","protected":false},"excerpt":{"rendered":"<p>[vc_row][vc_column][vc_column_text css=&#8220;.vc_custom_1715324864305{margin-bottom: 0px !important;border-bottom-width: 0px !important;padding-bottom: 0px !important;}&#8220;] Bauernhof, Ackerland und H\u00e4user mit Land zum Verkauf in den Marken Der Kauf einer Luxusimmobilie ist oft der erste Schritt bei der Gr\u00fcndung eines neuen Unternehmens. Unter diesem Gesichtspunkt bietet der Erwerb eines zum Verkauf stehenden Bauernhofs in der Region Marken ein hohes Renditepotenzial, da die M\u00f6glichkeit&#8230;<\/p>\n","protected":false},"author":12,"featured_media":189825,"parent":0,"menu_order":0,"comment_status":"closed","ping_status":"closed","template":"templates\/properties.php","meta":{"footnotes":""},"class_list":["post-2484","page","type-page","status-publish","has-post-thumbnail","hentry"],"yoast_head":"<!-- This site is optimized with the Yoast SEO plugin v26.8 - https:\/\/yoast.com\/product\/yoast-seo-wordpress\/ -->\n<title>Land und Bauernh\u00f6fe - Marche Country Homes<\/title>\n<meta name=\"robots\" content=\"index, follow, max-snippet:-1, max-image-preview:large, max-video-preview:-1\" \/>\n<link rel=\"canonical\" href=\"https:\/\/marchecountryhomes.com\/de\/land-und-bauernhoefe\/\" \/>\n<meta property=\"og:locale\" content=\"de_DE\" \/>\n<meta property=\"og:type\" content=\"article\" \/>\n<meta property=\"og:title\" content=\"Land und Bauernh\u00f6fe - Marche Country Homes\" \/>\n<meta property=\"og:description\" content=\"[vc_row][vc_column][vc_column_text css=&#8220;.vc_custom_1715324864305{margin-bottom: 0px !important;border-bottom-width: 0px !important;padding-bottom: 0px !important;}&#8220;] Bauernhof, Ackerland und H\u00e4user mit Land zum Verkauf in den Marken Der Kauf einer Luxusimmobilie ist oft der erste Schritt bei der Gr\u00fcndung eines neuen Unternehmens. Unter diesem Gesichtspunkt bietet der Erwerb eines zum Verkauf stehenden Bauernhofs in der Region Marken ein hohes Renditepotenzial, da die M\u00f6glichkeit...\" \/>\n<meta property=\"og:url\" content=\"https:\/\/marchecountryhomes.com\/de\/land-und-bauernhoefe\/\" \/>\n<meta property=\"og:site_name\" content=\"Marche Country Homes\" \/>\n<meta property=\"article:publisher\" content=\"https:\/\/www.facebook.com\/Marche-CountryHomes-447631005268932\/\" \/>\n<meta property=\"article:modified_time\" content=\"2024-05-10T15:41:09+00:00\" \/>\n<meta property=\"og:image\" content=\"https:\/\/marchecountryhomes.com\/wp-content\/uploads\/2024\/05\/azienda-agricola-in-vendita-nelle-marche.jpeg\" \/>\n\t<meta property=\"og:image:width\" content=\"1100\" \/>\n\t<meta property=\"og:image:height\" content=\"700\" \/>\n\t<meta property=\"og:image:type\" content=\"image\/jpeg\" \/>\n<meta name=\"twitter:card\" content=\"summary_large_image\" \/>\n<meta name=\"twitter:site\" content=\"@marcheproperty\" \/>\n<meta name=\"twitter:label1\" content=\"Gesch\u00e4tzte Lesezeit\" \/>\n\t<meta name=\"twitter:data1\" content=\"4\u00a0Minuten\" \/>\n<script type=\"application\/ld+json\" class=\"yoast-schema-graph\">{\"@context\":\"https:\/\/schema.org\",\"@graph\":[{\"@type\":\"WebPage\",\"@id\":\"https:\/\/marchecountryhomes.com\/de\/land-und-bauernhoefe\/\",\"url\":\"https:\/\/marchecountryhomes.com\/de\/land-und-bauernhoefe\/\",\"name\":\"Land und Bauernh\u00f6fe - Marche Country Homes\",\"isPartOf\":{\"@id\":\"https:\/\/marchecountryhomes.com\/de\/#website\"},\"primaryImageOfPage\":{\"@id\":\"https:\/\/marchecountryhomes.com\/de\/land-und-bauernhoefe\/#primaryimage\"},\"image\":{\"@id\":\"https:\/\/marchecountryhomes.com\/de\/land-und-bauernhoefe\/#primaryimage\"},\"thumbnailUrl\":\"https:\/\/marchecountryhomes.com\/wp-content\/uploads\/2024\/05\/azienda-agricola-in-vendita-nelle-marche.jpeg\",\"datePublished\":\"2016-04-05T19:07:24+00:00\",\"dateModified\":\"2024-05-10T15:41:09+00:00\",\"breadcrumb\":{\"@id\":\"https:\/\/marchecountryhomes.com\/de\/land-und-bauernhoefe\/#breadcrumb\"},\"inLanguage\":\"de\",\"potentialAction\":[{\"@type\":\"ReadAction\",\"target\":[\"https:\/\/marchecountryhomes.com\/de\/land-und-bauernhoefe\/\"]}]},{\"@type\":\"ImageObject\",\"inLanguage\":\"de\",\"@id\":\"https:\/\/marchecountryhomes.com\/de\/land-und-bauernhoefe\/#primaryimage\",\"url\":\"https:\/\/marchecountryhomes.com\/wp-content\/uploads\/2024\/05\/azienda-agricola-in-vendita-nelle-marche.jpeg\",\"contentUrl\":\"https:\/\/marchecountryhomes.com\/wp-content\/uploads\/2024\/05\/azienda-agricola-in-vendita-nelle-marche.jpeg\",\"width\":1100,\"height\":700,\"caption\":\"azienda agricola in vendita nelle Marche\"},{\"@type\":\"BreadcrumbList\",\"@id\":\"https:\/\/marchecountryhomes.com\/de\/land-und-bauernhoefe\/#breadcrumb\",\"itemListElement\":[{\"@type\":\"ListItem\",\"position\":1,\"name\":\"Home\",\"item\":\"https:\/\/marchecountryhomes.com\/de\/\"},{\"@type\":\"ListItem\",\"position\":2,\"name\":\"Land und Bauernh\u00f6fe\"}]},{\"@type\":\"WebSite\",\"@id\":\"https:\/\/marchecountryhomes.com\/de\/#website\",\"url\":\"https:\/\/marchecountryhomes.com\/de\/\",\"name\":\"Marche Country Homes\",\"description\":\"Case e casali in vendita nelle Marche\",\"publisher\":{\"@id\":\"https:\/\/marchecountryhomes.com\/de\/#organization\"},\"potentialAction\":[{\"@type\":\"SearchAction\",\"target\":{\"@type\":\"EntryPoint\",\"urlTemplate\":\"https:\/\/marchecountryhomes.com\/de\/?s={search_term_string}\"},\"query-input\":{\"@type\":\"PropertyValueSpecification\",\"valueRequired\":true,\"valueName\":\"search_term_string\"}}],\"inLanguage\":\"de\"},{\"@type\":\"Organization\",\"@id\":\"https:\/\/marchecountryhomes.com\/de\/#organization\",\"name\":\"Marche Country Homes\",\"url\":\"https:\/\/marchecountryhomes.com\/de\/\",\"logo\":{\"@type\":\"ImageObject\",\"inLanguage\":\"de\",\"@id\":\"https:\/\/marchecountryhomes.com\/de\/#\/schema\/logo\/image\/\",\"url\":\"https:\/\/marchecountryhomes.com\/wp-content\/uploads\/2020\/12\/marche-country-homes-logo.png\",\"contentUrl\":\"https:\/\/marchecountryhomes.com\/wp-content\/uploads\/2020\/12\/marche-country-homes-logo.png\",\"width\":168,\"height\":159,\"caption\":\"Marche Country Homes\"},\"image\":{\"@id\":\"https:\/\/marchecountryhomes.com\/de\/#\/schema\/logo\/image\/\"},\"sameAs\":[\"https:\/\/www.facebook.com\/Marche-CountryHomes-447631005268932\/\",\"https:\/\/x.com\/marcheproperty\",\"https:\/\/www.instagram.com\/marchecountryhomes\/\",\"https:\/\/it.pinterest.com\/marchecountryhomes\/\",\"https:\/\/www.youtube.com\/user\/MarcheCountryHomes\"]}]}<\/script>\n<!-- \/ Yoast SEO plugin. -->","yoast_head_json":{"title":"Land und Bauernh\u00f6fe - Marche Country Homes","robots":{"index":"index","follow":"follow","max-snippet":"max-snippet:-1","max-image-preview":"max-image-preview:large","max-video-preview":"max-video-preview:-1"},"canonical":"https:\/\/marchecountryhomes.com\/de\/land-und-bauernhoefe\/","og_locale":"de_DE","og_type":"article","og_title":"Land und Bauernh\u00f6fe - Marche Country Homes","og_description":"[vc_row][vc_column][vc_column_text css=&#8220;.vc_custom_1715324864305{margin-bottom: 0px !important;border-bottom-width: 0px !important;padding-bottom: 0px !important;}&#8220;] Bauernhof, Ackerland und H\u00e4user mit Land zum Verkauf in den Marken Der Kauf einer Luxusimmobilie ist oft der erste Schritt bei der Gr\u00fcndung eines neuen Unternehmens. Unter diesem Gesichtspunkt bietet der Erwerb eines zum Verkauf stehenden Bauernhofs in der Region Marken ein hohes Renditepotenzial, da die M\u00f6glichkeit...","og_url":"https:\/\/marchecountryhomes.com\/de\/land-und-bauernhoefe\/","og_site_name":"Marche Country Homes","article_publisher":"https:\/\/www.facebook.com\/Marche-CountryHomes-447631005268932\/","article_modified_time":"2024-05-10T15:41:09+00:00","og_image":[{"width":1100,"height":700,"url":"https:\/\/marchecountryhomes.com\/wp-content\/uploads\/2024\/05\/azienda-agricola-in-vendita-nelle-marche.jpeg","type":"image\/jpeg"}],"twitter_card":"summary_large_image","twitter_site":"@marcheproperty","twitter_misc":{"Gesch\u00e4tzte Lesezeit":"4\u00a0Minuten"},"schema":{"@context":"https:\/\/schema.org","@graph":[{"@type":"WebPage","@id":"https:\/\/marchecountryhomes.com\/de\/land-und-bauernhoefe\/","url":"https:\/\/marchecountryhomes.com\/de\/land-und-bauernhoefe\/","name":"Land und Bauernh\u00f6fe - Marche Country Homes","isPartOf":{"@id":"https:\/\/marchecountryhomes.com\/de\/#website"},"primaryImageOfPage":{"@id":"https:\/\/marchecountryhomes.com\/de\/land-und-bauernhoefe\/#primaryimage"},"image":{"@id":"https:\/\/marchecountryhomes.com\/de\/land-und-bauernhoefe\/#primaryimage"},"thumbnailUrl":"https:\/\/marchecountryhomes.com\/wp-content\/uploads\/2024\/05\/azienda-agricola-in-vendita-nelle-marche.jpeg","datePublished":"2016-04-05T19:07:24+00:00","dateModified":"2024-05-10T15:41:09+00:00","breadcrumb":{"@id":"https:\/\/marchecountryhomes.com\/de\/land-und-bauernhoefe\/#breadcrumb"},"inLanguage":"de","potentialAction":[{"@type":"ReadAction","target":["https:\/\/marchecountryhomes.com\/de\/land-und-bauernhoefe\/"]}]},{"@type":"ImageObject","inLanguage":"de","@id":"https:\/\/marchecountryhomes.com\/de\/land-und-bauernhoefe\/#primaryimage","url":"https:\/\/marchecountryhomes.com\/wp-content\/uploads\/2024\/05\/azienda-agricola-in-vendita-nelle-marche.jpeg","contentUrl":"https:\/\/marchecountryhomes.com\/wp-content\/uploads\/2024\/05\/azienda-agricola-in-vendita-nelle-marche.jpeg","width":1100,"height":700,"caption":"azienda agricola in vendita nelle Marche"},{"@type":"BreadcrumbList","@id":"https:\/\/marchecountryhomes.com\/de\/land-und-bauernhoefe\/#breadcrumb","itemListElement":[{"@type":"ListItem","position":1,"name":"Home","item":"https:\/\/marchecountryhomes.com\/de\/"},{"@type":"ListItem","position":2,"name":"Land und Bauernh\u00f6fe"}]},{"@type":"WebSite","@id":"https:\/\/marchecountryhomes.com\/de\/#website","url":"https:\/\/marchecountryhomes.com\/de\/","name":"Marche Country Homes","description":"Case e casali in vendita nelle Marche","publisher":{"@id":"https:\/\/marchecountryhomes.com\/de\/#organization"},"potentialAction":[{"@type":"SearchAction","target":{"@type":"EntryPoint","urlTemplate":"https:\/\/marchecountryhomes.com\/de\/?s={search_term_string}"},"query-input":{"@type":"PropertyValueSpecification","valueRequired":true,"valueName":"search_term_string"}}],"inLanguage":"de"},{"@type":"Organization","@id":"https:\/\/marchecountryhomes.com\/de\/#organization","name":"Marche Country Homes","url":"https:\/\/marchecountryhomes.com\/de\/","logo":{"@type":"ImageObject","inLanguage":"de","@id":"https:\/\/marchecountryhomes.com\/de\/#\/schema\/logo\/image\/","url":"https:\/\/marchecountryhomes.com\/wp-content\/uploads\/2020\/12\/marche-country-homes-logo.png","contentUrl":"https:\/\/marchecountryhomes.com\/wp-content\/uploads\/2020\/12\/marche-country-homes-logo.png","width":168,"height":159,"caption":"Marche Country Homes"},"image":{"@id":"https:\/\/marchecountryhomes.com\/de\/#\/schema\/logo\/image\/"},"sameAs":["https:\/\/www.facebook.com\/Marche-CountryHomes-447631005268932\/","https:\/\/x.com\/marcheproperty","https:\/\/www.instagram.com\/marchecountryhomes\/","https:\/\/it.pinterest.com\/marchecountryhomes\/","https:\/\/www.youtube.com\/user\/MarcheCountryHomes"]}]}},"_links":{"self":[{"href":"https:\/\/marchecountryhomes.com\/de\/wp-json\/wp\/v2\/pages\/2484","targetHints":{"allow":["GET"]}}],"collection":[{"href":"https:\/\/marchecountryhomes.com\/de\/wp-json\/wp\/v2\/pages"}],"about":[{"href":"https:\/\/marchecountryhomes.com\/de\/wp-json\/wp\/v2\/types\/page"}],"author":[{"embeddable":true,"href":"https:\/\/marchecountryhomes.com\/de\/wp-json\/wp\/v2\/users\/12"}],"replies":[{"embeddable":true,"href":"https:\/\/marchecountryhomes.com\/de\/wp-json\/wp\/v2\/comments?post=2484"}],"version-history":[{"count":6,"href":"https:\/\/marchecountryhomes.com\/de\/wp-json\/wp\/v2\/pages\/2484\/revisions"}],"predecessor-version":[{"id":28688,"href":"https:\/\/marchecountryhomes.com\/de\/wp-json\/wp\/v2\/pages\/2484\/revisions\/28688"}],"wp:featuredmedia":[{"embeddable":true,"href":"https:\/\/marchecountryhomes.com\/de\/wp-json\/wp\/v2\/media\/189825"}],"wp:attachment":[{"href":"https:\/\/marchecountryhomes.com\/de\/wp-json\/wp\/v2\/media?parent=2484"}],"curies":[{"name":"wp","href":"https:\/\/api.w.org\/{rel}","templated":true}]}}