{"id":2475,"date":"2016-04-05T20:06:12","date_gmt":"2016-04-05T19:06:12","guid":{"rendered":"https:\/\/marchecountryhomes.com\/de\/?page_id=2475"},"modified":"2025-03-03T18:45:43","modified_gmt":"2025-03-03T17:45:43","slug":"sanierte-altbau","status":"publish","type":"page","link":"https:\/\/marchecountryhomes.com\/de\/sanierte-altbau\/","title":{"rendered":"Sanierte altbau"},"content":{"rendered":"<p>[vc_row][vc_column][vc_column_text css=&#8220;.vc_custom_1568105742754{margin-bottom: 0px !important;border-bottom-width: 0px !important;padding-bottom: 0px !important;}&#8220;]<\/p>\n<h2>Sanierte altbau<\/h2>\n<h2>in der Region Marken<\/h2>\n<p>Wir kennen unser Land, hier sind wir geboren.<br \/>\nWir bieten restaurierte Bauernh\u00e4user in der Region Marche: eine gro\u00dfe Auswahl von hochwertigen H\u00e4usern in der Region Marche, in der Mitte Italiens. Jedes Bauernhaus hat seine eigene Pers\u00f6nlichkeit und Herz: Es liegt in einer gl\u00fccklichen Lage, eine sonnige Fl\u00e4che, keine visuellen und akustischen Hindernisse, es ist nicht in der N\u00e4he von Autobahnen und Hauptstra\u00dfen. Atemberaubende Ausblicke sind garantiert, Naturlandschaften sind inklusiv.<\/p>\n<p>[\/vc_column_text][vc_tta_accordion style=&#8220;flat&#8220; shape=&#8220;square&#8220; color=&#8220;white&#8220; active_section=&#8220;&#8220; collapsible_all=&#8220;true&#8220; css=&#8220;.vc_custom_1568105811933{margin-top: 0px !important;border-top-width: 0px !important;padding-top: 0px !important;}&#8220;][vc_tta_section title=&#8220;Weiterlesen&#8230;&#8220; tab_id=&#8220;1568105302364-4421e9a1-6b37&#8243;][vc_column_text]L\u00e4ndliche Geb\u00e4ude in der Region Marche haben ihre eigenen Eigenschaften, die sie von Geb\u00e4uden in einer anderen italienischen Region unterscheiden: ihre Architektur und Baustoffe h\u00e4ngen von dem Land, wo sie gebaut werden. Bauernh\u00e4user in der Region Marche sind eigentlich mit dem Land, wo sie stehen. Kein Lehm, noch Holz aus den Balcans. Es wurden nur Steine oder Steine gebaut.<br \/>\nIn der Regel in den Gebieten in der N\u00e4he der K\u00fcste Steine verwendet werden, um Bauernh\u00e4user zu bauen, w\u00e4hrend Steine in den L\u00e4ndern und Gebirgsgebieten verwendet werden. Das ist es, was ich \u00fcber Bauernh\u00e4user in der Region Marche liebe: Sie sind authentisch.<br \/>\nWir \u00fcberpr\u00fcfen die Ehrlichkeit des Verk\u00e4ufers und des K\u00e4ufers. Wir sind in der Lage, ein Geb\u00e4ude zu verstehen und wie es gebaut wurde, da wir Erfahrung in der Restaurierung mit einem der bedeutendsten Architekturfirmen haben, die auf Bauernh\u00e4user und alte Villen in der Region Marche spezialisiert sind. Wir bieten auch Beratungs- und Immobilienberichte an.<br \/>\nWir decken eine gro\u00dfe Fl\u00e4che von der Provinz Fermo bis zu den Provinzen Macerata, Ancona und Pesaro Urbino ab. Vom Apenningebirge bis zur Adriak\u00fcste.<br \/>\nGemeinsam mit den Architekten verifizieren wir die katastrale Situation der Immobilien zum Verkauf und wir wissen im Voraus, ob die Fl\u00e4che mit zuk\u00fcnftigen landwirtschaftlichen, industriellen oder Wohnsiedlungen installiert werden k\u00f6nnte, die die Landschaft ver\u00e4ndern k\u00f6nnen.<br \/>\nWir wissen, wie wir unsere Arbeit machen k\u00f6nnen.[\/vc_column_text][\/vc_tta_section][\/vc_tta_accordion][\/vc_column][\/vc_row]<\/p>\n","protected":false},"excerpt":{"rendered":"<p>[vc_row][vc_column][vc_column_text css=&#8220;.vc_custom_1568105742754{margin-bottom: 0px !important;border-bottom-width: 0px !important;padding-bottom: 0px !important;}&#8220;] Sanierte altbau in der Region Marken Wir kennen unser Land, hier sind wir geboren. Wir bieten restaurierte Bauernh\u00e4user in der Region Marche: eine gro\u00dfe Auswahl von hochwertigen H\u00e4usern in der Region Marche, in der Mitte Italiens. Jedes Bauernhaus hat seine eigene Pers\u00f6nlichkeit und Herz: Es liegt in&#8230;<\/p>\n","protected":false},"author":12,"featured_media":143718,"parent":0,"menu_order":0,"comment_status":"closed","ping_status":"closed","template":"templates\/properties.php","meta":{"footnotes":""},"class_list":["post-2475","page","type-page","status-publish","has-post-thumbnail","hentry"],"yoast_head":"<!-- This site is optimized with the Yoast SEO plugin v26.8 - https:\/\/yoast.com\/product\/yoast-seo-wordpress\/ -->\n<title>Sanierte altbau in der Region Marken - Marche Country Homes<\/title>\n<meta name=\"description\" content=\"Wir bieten restaurierte Bauernh\u00e4user in der Region Marche: eine gro\u00dfe Auswahl von hochwertigen H\u00e4usern in der Region Marche, in der Mitte Italiens.\" \/>\n<meta name=\"robots\" content=\"index, follow, max-snippet:-1, max-image-preview:large, max-video-preview:-1\" \/>\n<link rel=\"canonical\" href=\"https:\/\/marchecountryhomes.com\/de\/sanierte-altbau\/\" \/>\n<meta property=\"og:locale\" content=\"de_DE\" \/>\n<meta property=\"og:type\" content=\"article\" \/>\n<meta property=\"og:title\" content=\"Sanierte altbau in der Region Marken - Marche Country Homes\" \/>\n<meta property=\"og:description\" content=\"Wir bieten restaurierte Bauernh\u00e4user in der Region Marche: eine gro\u00dfe Auswahl von hochwertigen H\u00e4usern in der Region Marche, in der Mitte Italiens.\" \/>\n<meta property=\"og:url\" content=\"https:\/\/marchecountryhomes.com\/de\/sanierte-altbau\/\" \/>\n<meta property=\"og:site_name\" content=\"Marche Country Homes\" \/>\n<meta property=\"article:publisher\" content=\"https:\/\/www.facebook.com\/Marche-CountryHomes-447631005268932\/\" \/>\n<meta property=\"article:modified_time\" content=\"2025-03-03T17:45:43+00:00\" \/>\n<meta property=\"og:image\" content=\"https:\/\/marchecountryhomes.com\/wp-content\/uploads\/2019\/12\/case-restaurate-nelle-marche.jpg\" \/>\n\t<meta property=\"og:image:width\" content=\"800\" \/>\n\t<meta property=\"og:image:height\" content=\"547\" \/>\n\t<meta property=\"og:image:type\" content=\"image\/jpeg\" \/>\n<meta name=\"twitter:card\" content=\"summary_large_image\" \/>\n<meta name=\"twitter:site\" content=\"@marcheproperty\" \/>\n<meta name=\"twitter:label1\" content=\"Gesch\u00e4tzte Lesezeit\" \/>\n\t<meta name=\"twitter:data1\" content=\"2\u00a0Minuten\" \/>\n<script type=\"application\/ld+json\" class=\"yoast-schema-graph\">{\"@context\":\"https:\/\/schema.org\",\"@graph\":[{\"@type\":\"WebPage\",\"@id\":\"https:\/\/marchecountryhomes.com\/de\/sanierte-altbau\/\",\"url\":\"https:\/\/marchecountryhomes.com\/de\/sanierte-altbau\/\",\"name\":\"Sanierte altbau in der Region Marken - Marche Country Homes\",\"isPartOf\":{\"@id\":\"https:\/\/marchecountryhomes.com\/de\/#website\"},\"primaryImageOfPage\":{\"@id\":\"https:\/\/marchecountryhomes.com\/de\/sanierte-altbau\/#primaryimage\"},\"image\":{\"@id\":\"https:\/\/marchecountryhomes.com\/de\/sanierte-altbau\/#primaryimage\"},\"thumbnailUrl\":\"https:\/\/marchecountryhomes.com\/wp-content\/uploads\/2019\/12\/case-restaurate-nelle-marche.jpg\",\"datePublished\":\"2016-04-05T19:06:12+00:00\",\"dateModified\":\"2025-03-03T17:45:43+00:00\",\"description\":\"Wir bieten restaurierte Bauernh\u00e4user in der Region Marche: eine gro\u00dfe Auswahl von hochwertigen H\u00e4usern in der Region Marche, in der Mitte Italiens.\",\"breadcrumb\":{\"@id\":\"https:\/\/marchecountryhomes.com\/de\/sanierte-altbau\/#breadcrumb\"},\"inLanguage\":\"de\",\"potentialAction\":[{\"@type\":\"ReadAction\",\"target\":[\"https:\/\/marchecountryhomes.com\/de\/sanierte-altbau\/\"]}]},{\"@type\":\"ImageObject\",\"inLanguage\":\"de\",\"@id\":\"https:\/\/marchecountryhomes.com\/de\/sanierte-altbau\/#primaryimage\",\"url\":\"https:\/\/marchecountryhomes.com\/wp-content\/uploads\/2019\/12\/case-restaurate-nelle-marche.jpg\",\"contentUrl\":\"https:\/\/marchecountryhomes.com\/wp-content\/uploads\/2019\/12\/case-restaurate-nelle-marche.jpg\",\"width\":800,\"height\":547,\"caption\":\"H\u00e4user zum Restaurieren in der Region Marken\"},{\"@type\":\"BreadcrumbList\",\"@id\":\"https:\/\/marchecountryhomes.com\/de\/sanierte-altbau\/#breadcrumb\",\"itemListElement\":[{\"@type\":\"ListItem\",\"position\":1,\"name\":\"Home\",\"item\":\"https:\/\/marchecountryhomes.com\/de\/\"},{\"@type\":\"ListItem\",\"position\":2,\"name\":\"Sanierte altbau\"}]},{\"@type\":\"WebSite\",\"@id\":\"https:\/\/marchecountryhomes.com\/de\/#website\",\"url\":\"https:\/\/marchecountryhomes.com\/de\/\",\"name\":\"Marche Country Homes\",\"description\":\"Case e casali in vendita nelle Marche\",\"publisher\":{\"@id\":\"https:\/\/marchecountryhomes.com\/de\/#organization\"},\"potentialAction\":[{\"@type\":\"SearchAction\",\"target\":{\"@type\":\"EntryPoint\",\"urlTemplate\":\"https:\/\/marchecountryhomes.com\/de\/?s={search_term_string}\"},\"query-input\":{\"@type\":\"PropertyValueSpecification\",\"valueRequired\":true,\"valueName\":\"search_term_string\"}}],\"inLanguage\":\"de\"},{\"@type\":\"Organization\",\"@id\":\"https:\/\/marchecountryhomes.com\/de\/#organization\",\"name\":\"Marche Country Homes\",\"url\":\"https:\/\/marchecountryhomes.com\/de\/\",\"logo\":{\"@type\":\"ImageObject\",\"inLanguage\":\"de\",\"@id\":\"https:\/\/marchecountryhomes.com\/de\/#\/schema\/logo\/image\/\",\"url\":\"https:\/\/marchecountryhomes.com\/wp-content\/uploads\/2020\/12\/marche-country-homes-logo.png\",\"contentUrl\":\"https:\/\/marchecountryhomes.com\/wp-content\/uploads\/2020\/12\/marche-country-homes-logo.png\",\"width\":168,\"height\":159,\"caption\":\"Marche Country Homes\"},\"image\":{\"@id\":\"https:\/\/marchecountryhomes.com\/de\/#\/schema\/logo\/image\/\"},\"sameAs\":[\"https:\/\/www.facebook.com\/Marche-CountryHomes-447631005268932\/\",\"https:\/\/x.com\/marcheproperty\",\"https:\/\/www.instagram.com\/marchecountryhomes\/\",\"https:\/\/it.pinterest.com\/marchecountryhomes\/\",\"https:\/\/www.youtube.com\/user\/MarcheCountryHomes\"]}]}<\/script>\n<!-- \/ Yoast SEO plugin. -->","yoast_head_json":{"title":"Sanierte altbau in der Region Marken - Marche Country Homes","description":"Wir bieten restaurierte Bauernh\u00e4user in der Region Marche: eine gro\u00dfe Auswahl von hochwertigen H\u00e4usern in der Region Marche, in der Mitte Italiens.","robots":{"index":"index","follow":"follow","max-snippet":"max-snippet:-1","max-image-preview":"max-image-preview:large","max-video-preview":"max-video-preview:-1"},"canonical":"https:\/\/marchecountryhomes.com\/de\/sanierte-altbau\/","og_locale":"de_DE","og_type":"article","og_title":"Sanierte altbau in der Region Marken - Marche Country Homes","og_description":"Wir bieten restaurierte Bauernh\u00e4user in der Region Marche: eine gro\u00dfe Auswahl von hochwertigen H\u00e4usern in der Region Marche, in der Mitte Italiens.","og_url":"https:\/\/marchecountryhomes.com\/de\/sanierte-altbau\/","og_site_name":"Marche Country Homes","article_publisher":"https:\/\/www.facebook.com\/Marche-CountryHomes-447631005268932\/","article_modified_time":"2025-03-03T17:45:43+00:00","og_image":[{"width":800,"height":547,"url":"https:\/\/marchecountryhomes.com\/wp-content\/uploads\/2019\/12\/case-restaurate-nelle-marche.jpg","type":"image\/jpeg"}],"twitter_card":"summary_large_image","twitter_site":"@marcheproperty","twitter_misc":{"Gesch\u00e4tzte Lesezeit":"2\u00a0Minuten"},"schema":{"@context":"https:\/\/schema.org","@graph":[{"@type":"WebPage","@id":"https:\/\/marchecountryhomes.com\/de\/sanierte-altbau\/","url":"https:\/\/marchecountryhomes.com\/de\/sanierte-altbau\/","name":"Sanierte altbau in der Region Marken - Marche Country Homes","isPartOf":{"@id":"https:\/\/marchecountryhomes.com\/de\/#website"},"primaryImageOfPage":{"@id":"https:\/\/marchecountryhomes.com\/de\/sanierte-altbau\/#primaryimage"},"image":{"@id":"https:\/\/marchecountryhomes.com\/de\/sanierte-altbau\/#primaryimage"},"thumbnailUrl":"https:\/\/marchecountryhomes.com\/wp-content\/uploads\/2019\/12\/case-restaurate-nelle-marche.jpg","datePublished":"2016-04-05T19:06:12+00:00","dateModified":"2025-03-03T17:45:43+00:00","description":"Wir bieten restaurierte Bauernh\u00e4user in der Region Marche: eine gro\u00dfe Auswahl von hochwertigen H\u00e4usern in der Region Marche, in der Mitte Italiens.","breadcrumb":{"@id":"https:\/\/marchecountryhomes.com\/de\/sanierte-altbau\/#breadcrumb"},"inLanguage":"de","potentialAction":[{"@type":"ReadAction","target":["https:\/\/marchecountryhomes.com\/de\/sanierte-altbau\/"]}]},{"@type":"ImageObject","inLanguage":"de","@id":"https:\/\/marchecountryhomes.com\/de\/sanierte-altbau\/#primaryimage","url":"https:\/\/marchecountryhomes.com\/wp-content\/uploads\/2019\/12\/case-restaurate-nelle-marche.jpg","contentUrl":"https:\/\/marchecountryhomes.com\/wp-content\/uploads\/2019\/12\/case-restaurate-nelle-marche.jpg","width":800,"height":547,"caption":"H\u00e4user zum Restaurieren in der Region Marken"},{"@type":"BreadcrumbList","@id":"https:\/\/marchecountryhomes.com\/de\/sanierte-altbau\/#breadcrumb","itemListElement":[{"@type":"ListItem","position":1,"name":"Home","item":"https:\/\/marchecountryhomes.com\/de\/"},{"@type":"ListItem","position":2,"name":"Sanierte altbau"}]},{"@type":"WebSite","@id":"https:\/\/marchecountryhomes.com\/de\/#website","url":"https:\/\/marchecountryhomes.com\/de\/","name":"Marche Country Homes","description":"Case e casali in vendita nelle Marche","publisher":{"@id":"https:\/\/marchecountryhomes.com\/de\/#organization"},"potentialAction":[{"@type":"SearchAction","target":{"@type":"EntryPoint","urlTemplate":"https:\/\/marchecountryhomes.com\/de\/?s={search_term_string}"},"query-input":{"@type":"PropertyValueSpecification","valueRequired":true,"valueName":"search_term_string"}}],"inLanguage":"de"},{"@type":"Organization","@id":"https:\/\/marchecountryhomes.com\/de\/#organization","name":"Marche Country Homes","url":"https:\/\/marchecountryhomes.com\/de\/","logo":{"@type":"ImageObject","inLanguage":"de","@id":"https:\/\/marchecountryhomes.com\/de\/#\/schema\/logo\/image\/","url":"https:\/\/marchecountryhomes.com\/wp-content\/uploads\/2020\/12\/marche-country-homes-logo.png","contentUrl":"https:\/\/marchecountryhomes.com\/wp-content\/uploads\/2020\/12\/marche-country-homes-logo.png","width":168,"height":159,"caption":"Marche Country Homes"},"image":{"@id":"https:\/\/marchecountryhomes.com\/de\/#\/schema\/logo\/image\/"},"sameAs":["https:\/\/www.facebook.com\/Marche-CountryHomes-447631005268932\/","https:\/\/x.com\/marcheproperty","https:\/\/www.instagram.com\/marchecountryhomes\/","https:\/\/it.pinterest.com\/marchecountryhomes\/","https:\/\/www.youtube.com\/user\/MarcheCountryHomes"]}]}},"_links":{"self":[{"href":"https:\/\/marchecountryhomes.com\/de\/wp-json\/wp\/v2\/pages\/2475","targetHints":{"allow":["GET"]}}],"collection":[{"href":"https:\/\/marchecountryhomes.com\/de\/wp-json\/wp\/v2\/pages"}],"about":[{"href":"https:\/\/marchecountryhomes.com\/de\/wp-json\/wp\/v2\/types\/page"}],"author":[{"embeddable":true,"href":"https:\/\/marchecountryhomes.com\/de\/wp-json\/wp\/v2\/users\/12"}],"replies":[{"embeddable":true,"href":"https:\/\/marchecountryhomes.com\/de\/wp-json\/wp\/v2\/comments?post=2475"}],"version-history":[{"count":5,"href":"https:\/\/marchecountryhomes.com\/de\/wp-json\/wp\/v2\/pages\/2475\/revisions"}],"predecessor-version":[{"id":191546,"href":"https:\/\/marchecountryhomes.com\/de\/wp-json\/wp\/v2\/pages\/2475\/revisions\/191546"}],"wp:featuredmedia":[{"embeddable":true,"href":"https:\/\/marchecountryhomes.com\/de\/wp-json\/wp\/v2\/media\/143718"}],"wp:attachment":[{"href":"https:\/\/marchecountryhomes.com\/de\/wp-json\/wp\/v2\/media?parent=2475"}],"curies":[{"name":"wp","href":"https:\/\/api.w.org\/{rel}","templated":true}]}}