{"id":2468,"date":"2016-04-05T20:06:34","date_gmt":"2016-04-05T19:06:34","guid":{"rendered":"https:\/\/marchecountryhomes.com\/de\/?page_id=2468"},"modified":"2019-12-07T11:56:11","modified_gmt":"2019-12-07T09:56:11","slug":"historische-gebaeude","status":"publish","type":"page","link":"https:\/\/marchecountryhomes.com\/de\/historische-gebaeude\/","title":{"rendered":"Historische geb\u00e4ude"},"content":{"rendered":"<p>[vc_row][vc_column][vc_column_text css=&#8220;.vc_custom_1575028330225{margin-bottom: 0px !important;border-bottom-width: 0px !important;padding-bottom: 0px !important;}&#8220;]<\/p>\n<h2 style=\"text-align: center;\"><b><span lang=\"DE\">Historische H\u00e4user in der Region Marken<\/span><\/b><\/h2>\n<p>Adlige und Ritter, Damen, Bisch\u00f6fe und Kardin\u00e4le: Dies ist nur ein Teil der Geschichte, die die Mauern einiger\u00a0<strong>historische H\u00e4user<\/strong>\u00a0in der Region Marken, die heute zum Verkauf stehen, beherbergen. Bauernh\u00e4user, Villen und Kl\u00f6ster, deren Pracht aus fernen Zeiten stammt, und viele stammen aus der Zeit des Kirchenstaates. [\/vc_column_text][vc_tta_accordion active_section=&#8220;&#8220; collapsible_all=&#8220;true&#8220; css=&#8220;.vc_custom_1574331079431{margin-top: 0px !important;border-top-width: 0px !important;padding-top: 0px !important;}&#8220;][vc_tta_section title=&#8220;Weiterlesen&#8220; tab_id=&#8220;1574330250420-26727f71-09e8&#8243; el_class=&#8220;link-testo&#8220;][vc_column_text]Fernab von den Echos und Ger\u00e4uschen der St\u00e4dte, fern von modernen Einfl\u00fcssen und der heutigen Hektik, erheben sich\u00a0<strong>alte H\u00e4user zum Verkauf\u00a0<\/strong>entlang der h\u00fcgeligen Landschaft der Region Marken, ein seltenes Erbe, das nicht jedes Land zu bieten hat. Die Region Marken ist reich an Traditionen und Br\u00e4uchen, sie zeichnet sich durch Vielfalt aus, insbesondere in Bezug auf historische Einfl\u00fcsse: Adels- und Gro\u00dffamilien und Signoria haben im Mittelalter und in der Renaissance Spuren ihrer Macht hinterlassen, sowie gro\u00dfe Villen und pr\u00e4chtige Geb\u00e4ude des 16. Jahrhunderts und 17. Jahrhundert, das goldene Zeitalter des p\u00e4pstlichen Staates, zu dem die gesamte Region Marken, eine Stadt nach der anderen, geh\u00f6rte.<\/p>\n<p>Rustikale, aber historische H\u00e4user und majest\u00e4tische <strong>alte Villen zu verkaufen<\/strong>, historische Geb\u00e4ude im Herzen der verzauberten Borgos der Region Marken, Erstaunen und Sch\u00f6nheit erobern Ihre Augen und Herzen. <em>Carlo Bo<\/em> definiert dieses Gef\u00fchl mit den richtigen Worten: \u201e<em>Die Region Marken liegt wirklich in der Luft und ist von einer Idee extrem freier Poesie umgeben, sodass ihre oftmals prestigetr\u00e4chtige Geschichte kein spezifisches Gewicht hat und durch eine andere Aussprache der Dinge ausgel\u00f6st wird. Das ist nicht genug, diese magische Linie am inneren Horizont wird unterst\u00fctzt von der Sch\u00f6nheit der Landschaft, der Sanftheit der H\u00fcgel, der Musik, die unser Ged\u00e4chtnis vom Lichtspiel, von den langsamen \u00c4nderungen der Farben, von den Jahreszeiten, die vergehen<\/em>\u201d und neben den Landschaften leben auch die historischen Wohnh\u00e4user von einem inneren und gro\u00dfartigen Flair, das auf jeden Fall s\u00fc\u00df, magisch und einzigartig ist.<\/p>\n<p><span lang=\"DE\">Historische H\u00e4user<\/span><span lang=\"DE\">, die Marche Country Homes im Katalog zum Verkauf anbietet, sind ein wichtiges Verm\u00e4chtnis, das von der Vergangenheit in die Gegenwart flie\u00dft: Erfahren Sie mehr auf unserer Website und buchen Sie ein <a href=\"https:\/\/marchecountryhomes.com\/de\/impressum-2\/\">Meeting<\/a>. Wir stehen zu Ihrer Verf\u00fcgung, um Sie durch die interessantesten Immobilien zu f\u00fchren.<\/span>[\/vc_column_text][\/vc_tta_section][\/vc_tta_accordion][\/vc_column][\/vc_row]<\/p>\n","protected":false},"excerpt":{"rendered":"<p>[vc_row][vc_column][vc_column_text css=&#8220;.vc_custom_1575028330225{margin-bottom: 0px !important;border-bottom-width: 0px !important;padding-bottom: 0px !important;}&#8220;] Historische H\u00e4user in der Region Marken Adlige und Ritter, Damen, Bisch\u00f6fe und Kardin\u00e4le: Dies ist nur ein Teil der Geschichte, die die Mauern einiger\u00a0historische H\u00e4user\u00a0in der Region Marken, die heute zum Verkauf stehen, beherbergen. Bauernh\u00e4user, Villen und Kl\u00f6ster, deren Pracht aus fernen Zeiten stammt, und viele stammen&#8230;<\/p>\n","protected":false},"author":12,"featured_media":143705,"parent":0,"menu_order":0,"comment_status":"closed","ping_status":"closed","template":"templates\/properties.php","meta":{"footnotes":""},"class_list":["post-2468","page","type-page","status-publish","has-post-thumbnail","hentry"],"yoast_head":"<!-- This site is optimized with the Yoast SEO plugin v26.8 - https:\/\/yoast.com\/product\/yoast-seo-wordpress\/ -->\n<title>Historische geb\u00e4ude in der Region Marken - Marche Country Homes<\/title>\n<meta name=\"description\" content=\"Historische H\u00e4user, die Marche Country Homes zum Verkauf anbietet, sind ein wichtiges Verm\u00e4chtnis, das von der Vergangenheit in die Gegenwart flie\u00dft\" \/>\n<meta name=\"robots\" content=\"index, follow, max-snippet:-1, max-image-preview:large, max-video-preview:-1\" \/>\n<link rel=\"canonical\" href=\"https:\/\/marchecountryhomes.com\/de\/historische-gebaeude\/\" \/>\n<meta property=\"og:locale\" content=\"de_DE\" \/>\n<meta property=\"og:type\" content=\"article\" \/>\n<meta property=\"og:title\" content=\"Historische geb\u00e4ude in der Region Marken - Marche Country Homes\" \/>\n<meta property=\"og:description\" content=\"Historische H\u00e4user, die Marche Country Homes zum Verkauf anbietet, sind ein wichtiges Verm\u00e4chtnis, das von der Vergangenheit in die Gegenwart flie\u00dft\" \/>\n<meta property=\"og:url\" content=\"https:\/\/marchecountryhomes.com\/de\/historische-gebaeude\/\" \/>\n<meta property=\"og:site_name\" content=\"Marche Country Homes\" \/>\n<meta property=\"article:publisher\" content=\"https:\/\/www.facebook.com\/Marche-CountryHomes-447631005268932\/\" \/>\n<meta property=\"article:modified_time\" content=\"2019-12-07T09:56:11+00:00\" \/>\n<meta property=\"og:image\" content=\"https:\/\/marchecountryhomes.com\/wp-content\/uploads\/2019\/12\/case-storiche-nelle-marche.jpg\" \/>\n\t<meta property=\"og:image:width\" content=\"640\" \/>\n\t<meta property=\"og:image:height\" content=\"480\" \/>\n\t<meta property=\"og:image:type\" content=\"image\/jpeg\" \/>\n<meta name=\"twitter:card\" content=\"summary_large_image\" \/>\n<meta name=\"twitter:site\" content=\"@marcheproperty\" \/>\n<meta name=\"twitter:label1\" content=\"Gesch\u00e4tzte Lesezeit\" \/>\n\t<meta name=\"twitter:data1\" content=\"2\u00a0Minuten\" \/>\n<script type=\"application\/ld+json\" class=\"yoast-schema-graph\">{\"@context\":\"https:\/\/schema.org\",\"@graph\":[{\"@type\":\"WebPage\",\"@id\":\"https:\/\/marchecountryhomes.com\/de\/historische-gebaeude\/\",\"url\":\"https:\/\/marchecountryhomes.com\/de\/historische-gebaeude\/\",\"name\":\"Historische geb\u00e4ude in der Region Marken - Marche Country Homes\",\"isPartOf\":{\"@id\":\"https:\/\/marchecountryhomes.com\/de\/#website\"},\"primaryImageOfPage\":{\"@id\":\"https:\/\/marchecountryhomes.com\/de\/historische-gebaeude\/#primaryimage\"},\"image\":{\"@id\":\"https:\/\/marchecountryhomes.com\/de\/historische-gebaeude\/#primaryimage\"},\"thumbnailUrl\":\"https:\/\/marchecountryhomes.com\/wp-content\/uploads\/2019\/12\/case-storiche-nelle-marche.jpg\",\"datePublished\":\"2016-04-05T19:06:34+00:00\",\"dateModified\":\"2019-12-07T09:56:11+00:00\",\"description\":\"Historische H\u00e4user, die Marche Country Homes zum Verkauf anbietet, sind ein wichtiges Verm\u00e4chtnis, das von der Vergangenheit in die Gegenwart flie\u00dft\",\"breadcrumb\":{\"@id\":\"https:\/\/marchecountryhomes.com\/de\/historische-gebaeude\/#breadcrumb\"},\"inLanguage\":\"de\",\"potentialAction\":[{\"@type\":\"ReadAction\",\"target\":[\"https:\/\/marchecountryhomes.com\/de\/historische-gebaeude\/\"]}]},{\"@type\":\"ImageObject\",\"inLanguage\":\"de\",\"@id\":\"https:\/\/marchecountryhomes.com\/de\/historische-gebaeude\/#primaryimage\",\"url\":\"https:\/\/marchecountryhomes.com\/wp-content\/uploads\/2019\/12\/case-storiche-nelle-marche.jpg\",\"contentUrl\":\"https:\/\/marchecountryhomes.com\/wp-content\/uploads\/2019\/12\/case-storiche-nelle-marche.jpg\",\"width\":640,\"height\":480,\"caption\":\"Historische H\u00e4user in der Region Marken\"},{\"@type\":\"BreadcrumbList\",\"@id\":\"https:\/\/marchecountryhomes.com\/de\/historische-gebaeude\/#breadcrumb\",\"itemListElement\":[{\"@type\":\"ListItem\",\"position\":1,\"name\":\"Home\",\"item\":\"https:\/\/marchecountryhomes.com\/de\/\"},{\"@type\":\"ListItem\",\"position\":2,\"name\":\"Historische geb\u00e4ude\"}]},{\"@type\":\"WebSite\",\"@id\":\"https:\/\/marchecountryhomes.com\/de\/#website\",\"url\":\"https:\/\/marchecountryhomes.com\/de\/\",\"name\":\"Marche Country Homes\",\"description\":\"Case e casali in vendita nelle Marche\",\"publisher\":{\"@id\":\"https:\/\/marchecountryhomes.com\/de\/#organization\"},\"potentialAction\":[{\"@type\":\"SearchAction\",\"target\":{\"@type\":\"EntryPoint\",\"urlTemplate\":\"https:\/\/marchecountryhomes.com\/de\/?s={search_term_string}\"},\"query-input\":{\"@type\":\"PropertyValueSpecification\",\"valueRequired\":true,\"valueName\":\"search_term_string\"}}],\"inLanguage\":\"de\"},{\"@type\":\"Organization\",\"@id\":\"https:\/\/marchecountryhomes.com\/de\/#organization\",\"name\":\"Marche Country Homes\",\"url\":\"https:\/\/marchecountryhomes.com\/de\/\",\"logo\":{\"@type\":\"ImageObject\",\"inLanguage\":\"de\",\"@id\":\"https:\/\/marchecountryhomes.com\/de\/#\/schema\/logo\/image\/\",\"url\":\"https:\/\/marchecountryhomes.com\/wp-content\/uploads\/2020\/12\/marche-country-homes-logo.png\",\"contentUrl\":\"https:\/\/marchecountryhomes.com\/wp-content\/uploads\/2020\/12\/marche-country-homes-logo.png\",\"width\":168,\"height\":159,\"caption\":\"Marche Country Homes\"},\"image\":{\"@id\":\"https:\/\/marchecountryhomes.com\/de\/#\/schema\/logo\/image\/\"},\"sameAs\":[\"https:\/\/www.facebook.com\/Marche-CountryHomes-447631005268932\/\",\"https:\/\/x.com\/marcheproperty\",\"https:\/\/www.instagram.com\/marchecountryhomes\/\",\"https:\/\/it.pinterest.com\/marchecountryhomes\/\",\"https:\/\/www.youtube.com\/user\/MarcheCountryHomes\"]}]}<\/script>\n<!-- \/ Yoast SEO plugin. -->","yoast_head_json":{"title":"Historische geb\u00e4ude in der Region Marken - Marche Country Homes","description":"Historische H\u00e4user, die Marche Country Homes zum Verkauf anbietet, sind ein wichtiges Verm\u00e4chtnis, das von der Vergangenheit in die Gegenwart flie\u00dft","robots":{"index":"index","follow":"follow","max-snippet":"max-snippet:-1","max-image-preview":"max-image-preview:large","max-video-preview":"max-video-preview:-1"},"canonical":"https:\/\/marchecountryhomes.com\/de\/historische-gebaeude\/","og_locale":"de_DE","og_type":"article","og_title":"Historische geb\u00e4ude in der Region Marken - Marche Country Homes","og_description":"Historische H\u00e4user, die Marche Country Homes zum Verkauf anbietet, sind ein wichtiges Verm\u00e4chtnis, das von der Vergangenheit in die Gegenwart flie\u00dft","og_url":"https:\/\/marchecountryhomes.com\/de\/historische-gebaeude\/","og_site_name":"Marche Country Homes","article_publisher":"https:\/\/www.facebook.com\/Marche-CountryHomes-447631005268932\/","article_modified_time":"2019-12-07T09:56:11+00:00","og_image":[{"width":640,"height":480,"url":"https:\/\/marchecountryhomes.com\/wp-content\/uploads\/2019\/12\/case-storiche-nelle-marche.jpg","type":"image\/jpeg"}],"twitter_card":"summary_large_image","twitter_site":"@marcheproperty","twitter_misc":{"Gesch\u00e4tzte Lesezeit":"2\u00a0Minuten"},"schema":{"@context":"https:\/\/schema.org","@graph":[{"@type":"WebPage","@id":"https:\/\/marchecountryhomes.com\/de\/historische-gebaeude\/","url":"https:\/\/marchecountryhomes.com\/de\/historische-gebaeude\/","name":"Historische geb\u00e4ude in der Region Marken - Marche Country Homes","isPartOf":{"@id":"https:\/\/marchecountryhomes.com\/de\/#website"},"primaryImageOfPage":{"@id":"https:\/\/marchecountryhomes.com\/de\/historische-gebaeude\/#primaryimage"},"image":{"@id":"https:\/\/marchecountryhomes.com\/de\/historische-gebaeude\/#primaryimage"},"thumbnailUrl":"https:\/\/marchecountryhomes.com\/wp-content\/uploads\/2019\/12\/case-storiche-nelle-marche.jpg","datePublished":"2016-04-05T19:06:34+00:00","dateModified":"2019-12-07T09:56:11+00:00","description":"Historische H\u00e4user, die Marche Country Homes zum Verkauf anbietet, sind ein wichtiges Verm\u00e4chtnis, das von der Vergangenheit in die Gegenwart flie\u00dft","breadcrumb":{"@id":"https:\/\/marchecountryhomes.com\/de\/historische-gebaeude\/#breadcrumb"},"inLanguage":"de","potentialAction":[{"@type":"ReadAction","target":["https:\/\/marchecountryhomes.com\/de\/historische-gebaeude\/"]}]},{"@type":"ImageObject","inLanguage":"de","@id":"https:\/\/marchecountryhomes.com\/de\/historische-gebaeude\/#primaryimage","url":"https:\/\/marchecountryhomes.com\/wp-content\/uploads\/2019\/12\/case-storiche-nelle-marche.jpg","contentUrl":"https:\/\/marchecountryhomes.com\/wp-content\/uploads\/2019\/12\/case-storiche-nelle-marche.jpg","width":640,"height":480,"caption":"Historische H\u00e4user in der Region Marken"},{"@type":"BreadcrumbList","@id":"https:\/\/marchecountryhomes.com\/de\/historische-gebaeude\/#breadcrumb","itemListElement":[{"@type":"ListItem","position":1,"name":"Home","item":"https:\/\/marchecountryhomes.com\/de\/"},{"@type":"ListItem","position":2,"name":"Historische geb\u00e4ude"}]},{"@type":"WebSite","@id":"https:\/\/marchecountryhomes.com\/de\/#website","url":"https:\/\/marchecountryhomes.com\/de\/","name":"Marche Country Homes","description":"Case e casali in vendita nelle Marche","publisher":{"@id":"https:\/\/marchecountryhomes.com\/de\/#organization"},"potentialAction":[{"@type":"SearchAction","target":{"@type":"EntryPoint","urlTemplate":"https:\/\/marchecountryhomes.com\/de\/?s={search_term_string}"},"query-input":{"@type":"PropertyValueSpecification","valueRequired":true,"valueName":"search_term_string"}}],"inLanguage":"de"},{"@type":"Organization","@id":"https:\/\/marchecountryhomes.com\/de\/#organization","name":"Marche Country Homes","url":"https:\/\/marchecountryhomes.com\/de\/","logo":{"@type":"ImageObject","inLanguage":"de","@id":"https:\/\/marchecountryhomes.com\/de\/#\/schema\/logo\/image\/","url":"https:\/\/marchecountryhomes.com\/wp-content\/uploads\/2020\/12\/marche-country-homes-logo.png","contentUrl":"https:\/\/marchecountryhomes.com\/wp-content\/uploads\/2020\/12\/marche-country-homes-logo.png","width":168,"height":159,"caption":"Marche Country Homes"},"image":{"@id":"https:\/\/marchecountryhomes.com\/de\/#\/schema\/logo\/image\/"},"sameAs":["https:\/\/www.facebook.com\/Marche-CountryHomes-447631005268932\/","https:\/\/x.com\/marcheproperty","https:\/\/www.instagram.com\/marchecountryhomes\/","https:\/\/it.pinterest.com\/marchecountryhomes\/","https:\/\/www.youtube.com\/user\/MarcheCountryHomes"]}]}},"_links":{"self":[{"href":"https:\/\/marchecountryhomes.com\/de\/wp-json\/wp\/v2\/pages\/2468","targetHints":{"allow":["GET"]}}],"collection":[{"href":"https:\/\/marchecountryhomes.com\/de\/wp-json\/wp\/v2\/pages"}],"about":[{"href":"https:\/\/marchecountryhomes.com\/de\/wp-json\/wp\/v2\/types\/page"}],"author":[{"embeddable":true,"href":"https:\/\/marchecountryhomes.com\/de\/wp-json\/wp\/v2\/users\/12"}],"replies":[{"embeddable":true,"href":"https:\/\/marchecountryhomes.com\/de\/wp-json\/wp\/v2\/comments?post=2468"}],"version-history":[{"count":3,"href":"https:\/\/marchecountryhomes.com\/de\/wp-json\/wp\/v2\/pages\/2468\/revisions"}],"predecessor-version":[{"id":143714,"href":"https:\/\/marchecountryhomes.com\/de\/wp-json\/wp\/v2\/pages\/2468\/revisions\/143714"}],"wp:featuredmedia":[{"embeddable":true,"href":"https:\/\/marchecountryhomes.com\/de\/wp-json\/wp\/v2\/media\/143705"}],"wp:attachment":[{"href":"https:\/\/marchecountryhomes.com\/de\/wp-json\/wp\/v2\/media?parent=2468"}],"curies":[{"name":"wp","href":"https:\/\/api.w.org\/{rel}","templated":true}]}}