{"id":2464,"date":"2016-04-05T20:06:24","date_gmt":"2016-04-05T19:06:24","guid":{"rendered":"https:\/\/marchecountryhomes.com\/de\/?page_id=2464"},"modified":"2025-10-08T11:13:08","modified_gmt":"2025-10-08T10:13:08","slug":"haeuser-zu-sanieren","status":"publish","type":"page","link":"https:\/\/marchecountryhomes.com\/de\/haeuser-zu-sanieren\/","title":{"rendered":"H\u00e4user zu sanieren"},"content":{"rendered":"<p>[vc_row][vc_column][vc_column_text css=&#8220;.vc_custom_1574704760751{margin-bottom: 0px !important;border-bottom-width: 0px !important;padding-bottom: 0px !important;}&#8220;]<\/p>\n<h2>H\u00e4user zum Restaurieren in der Region Marken<\/h2>\n<p>Entdecken Sie H\u00e4user zum Restaurieren in der Region Marken. Hier finden Sie eine Liste der sch\u00f6nsten historischen Villen und Landh\u00e4user zum Verkauf. Die Immobilien wurden genau nach ihrer Lage, ihrem historischen Interesse und anderen Merkmalen ausgew\u00e4hlt, die ein Landhaus oder ein historisches Geb\u00e4ude zu einem einzigartigen Ort voller Leben und Tradition machen. Willkommen bei Marche Country Homes.[\/vc_column_text][vc_tta_accordion active_section=&#8220;&#8220; collapsible_all=&#8220;true&#8220; css=&#8220;.vc_custom_1574331079431{margin-top: 0px !important;border-top-width: 0px !important;padding-top: 0px !important;}&#8220;][vc_tta_section title=&#8220;Weiterlesen&#8220; tab_id=&#8220;1574330250420-26727f71-09e8&#8243; el_class=&#8220;link-testo&#8220;][vc_column_text]H\u00e4user, die restauriert werden m\u00fcssen, haben eine einzigartige und unvergleichliche Faszination: Diese Geb\u00e4ude bewahren normalerweise ihre Essenz und Geschichte, anstatt dass die Zeit vergeht, das Wetter und manchmal sogar historische Ereignisse stattfinden. Die W\u00e4nde dieser Geb\u00e4ude sind reich an Geschichten und jede Ecke erinnert an etwas Traditionelles, Altes und Besonderes.<\/p>\n<h3>Marken, eine Region mit vielen H\u00e4usern zum Restaurieren<\/h3>\n<p>Jedes Geb\u00e4ude, das in die Kategorie der H\u00e4user zum Restaurieren passt, wird in Abh\u00e4ngigkeit von seiner Position genau ausgew\u00e4hlt. Dies ist immer relevant und wirkt sich stark aus, fern von verkehrsreichen Stra\u00dfen und lauten Bereichen. Der Standort sollte nicht nur strategisch sein, sondern auch den k\u00fcnftigen Eigent\u00fcmern erm\u00f6glichen, an einem Ort zu wohnen, an dem sie in die Ruhe der Region Marken eintauchen. F\u00fcr uns von Marche Country Homes ist es wichtig, dass das Bauernhaus, die Villa oder das Landhaus auch aus historischer Sicht interessant ist oder mit den lokalen Landtraditionen verbunden ist.<\/p>\n<p>Sie finden exklusive Preise f\u00fcr <a href=\"https:\/\/marchecountryhomes.com\/de\/villen-und-schloesser\/\">Villen<\/a> und <a href=\"https:\/\/marchecountryhomes.com\/de\/alle-immobilien\/\">Landh\u00e4user<\/a>, die nach angemessenen Restaurierungsarbeiten die urspr\u00fcngliche Pracht wiederherstellen und eine Br\u00fccke zwischen Vergangenheit und Gegenwart schlagen, wobei historische Merkmale und die urspr\u00fcngliche architektonische Auswahl ber\u00fccksichtigt werden.<\/p>\n<p>Die Region Marken ist reich an Landschaften und Architektur, und dies ist der Grund, warum wir bei Marche Country Homes unsere Liebe zu unserem Geburtsort in einen Job verwandelt haben. Dank des Fachwissens, der Leidenschaft und der fundamentalen Partnerschaft mit dem Architekturb\u00fcro k\u00f6nnen wir unseren Kunden eine gro\u00dfe Auswahl an Bauernh\u00e4usern, Villen und Landh\u00e4usern anbieten, um sie zu restaurieren, aber auch um sie bei Restaurierungs- oder Renovierungsarbeiten zu unterst\u00fctzen und zu beraten.<\/p>\n<p>Marche Country Homes bietet seine Dienstleistungen in der gesamten Region Marken an, von Pesaro und Urbino bis Ascoli Piceno: Anfordern Sie einen Termin f\u00fcr weitere Informationen in unserem Katalog der <strong>H\u00e4user zum Restaurieren an<\/strong>![\/vc_column_text][\/vc_tta_section][\/vc_tta_accordion][\/vc_column][\/vc_row]<\/p>\n","protected":false},"excerpt":{"rendered":"<p>[vc_row][vc_column][vc_column_text css=&#8220;.vc_custom_1574704760751{margin-bottom: 0px !important;border-bottom-width: 0px !important;padding-bottom: 0px !important;}&#8220;] H\u00e4user zum Restaurieren in der Region Marken Entdecken Sie H\u00e4user zum Restaurieren in der Region Marken. Hier finden Sie eine Liste der sch\u00f6nsten historischen Villen und Landh\u00e4user zum Verkauf. Die Immobilien wurden genau nach ihrer Lage, ihrem historischen Interesse und anderen Merkmalen ausgew\u00e4hlt, die ein Landhaus oder&#8230;<\/p>\n","protected":false},"author":12,"featured_media":143540,"parent":0,"menu_order":0,"comment_status":"closed","ping_status":"closed","template":"templates\/properties.php","meta":{"footnotes":""},"class_list":["post-2464","page","type-page","status-publish","has-post-thumbnail","hentry"],"yoast_head":"<!-- This site is optimized with the Yoast SEO plugin v26.8 - https:\/\/yoast.com\/product\/yoast-seo-wordpress\/ -->\n<title>H\u00e4user zu sanieren in der Region Marken - Marche Country Homes<\/title>\n<meta name=\"description\" content=\"Entdecken Sie H\u00e4user zum Restaurieren in der Region Marken. Hier finden Sie eine Liste der sch\u00f6nsten historischen Villen und Landh\u00e4user zum Verkauf.\" \/>\n<meta name=\"robots\" content=\"index, follow, max-snippet:-1, max-image-preview:large, max-video-preview:-1\" \/>\n<link rel=\"canonical\" href=\"https:\/\/marchecountryhomes.com\/de\/haeuser-zu-sanieren\/\" \/>\n<meta property=\"og:locale\" content=\"de_DE\" \/>\n<meta property=\"og:type\" content=\"article\" \/>\n<meta property=\"og:title\" content=\"H\u00e4user zu sanieren in der Region Marken - Marche Country Homes\" \/>\n<meta property=\"og:description\" content=\"Entdecken Sie H\u00e4user zum Restaurieren in der Region Marken. Hier finden Sie eine Liste der sch\u00f6nsten historischen Villen und Landh\u00e4user zum Verkauf.\" \/>\n<meta property=\"og:url\" content=\"https:\/\/marchecountryhomes.com\/de\/haeuser-zu-sanieren\/\" \/>\n<meta property=\"og:site_name\" content=\"Marche Country Homes\" \/>\n<meta property=\"article:publisher\" content=\"https:\/\/www.facebook.com\/Marche-CountryHomes-447631005268932\/\" \/>\n<meta property=\"article:modified_time\" content=\"2025-10-08T10:13:08+00:00\" \/>\n<meta property=\"og:image\" content=\"https:\/\/marchecountryhomes.com\/wp-content\/uploads\/2019\/11\/case-da-ristrutturare-marche.jpg\" \/>\n\t<meta property=\"og:image:width\" content=\"930\" \/>\n\t<meta property=\"og:image:height\" content=\"600\" \/>\n\t<meta property=\"og:image:type\" content=\"image\/jpeg\" \/>\n<meta name=\"twitter:card\" content=\"summary_large_image\" \/>\n<meta name=\"twitter:site\" content=\"@marcheproperty\" \/>\n<meta name=\"twitter:label1\" content=\"Gesch\u00e4tzte Lesezeit\" \/>\n\t<meta name=\"twitter:data1\" content=\"3\u00a0Minuten\" \/>\n<script type=\"application\/ld+json\" class=\"yoast-schema-graph\">{\"@context\":\"https:\/\/schema.org\",\"@graph\":[{\"@type\":\"WebPage\",\"@id\":\"https:\/\/marchecountryhomes.com\/de\/haeuser-zu-sanieren\/\",\"url\":\"https:\/\/marchecountryhomes.com\/de\/haeuser-zu-sanieren\/\",\"name\":\"H\u00e4user zu sanieren in der Region Marken - Marche Country Homes\",\"isPartOf\":{\"@id\":\"https:\/\/marchecountryhomes.com\/de\/#website\"},\"primaryImageOfPage\":{\"@id\":\"https:\/\/marchecountryhomes.com\/de\/haeuser-zu-sanieren\/#primaryimage\"},\"image\":{\"@id\":\"https:\/\/marchecountryhomes.com\/de\/haeuser-zu-sanieren\/#primaryimage\"},\"thumbnailUrl\":\"https:\/\/marchecountryhomes.com\/wp-content\/uploads\/2019\/11\/case-da-ristrutturare-marche.jpg\",\"datePublished\":\"2016-04-05T19:06:24+00:00\",\"dateModified\":\"2025-10-08T10:13:08+00:00\",\"description\":\"Entdecken Sie H\u00e4user zum Restaurieren in der Region Marken. Hier finden Sie eine Liste der sch\u00f6nsten historischen Villen und Landh\u00e4user zum Verkauf.\",\"breadcrumb\":{\"@id\":\"https:\/\/marchecountryhomes.com\/de\/haeuser-zu-sanieren\/#breadcrumb\"},\"inLanguage\":\"de\",\"potentialAction\":[{\"@type\":\"ReadAction\",\"target\":[\"https:\/\/marchecountryhomes.com\/de\/haeuser-zu-sanieren\/\"]}]},{\"@type\":\"ImageObject\",\"inLanguage\":\"de\",\"@id\":\"https:\/\/marchecountryhomes.com\/de\/haeuser-zu-sanieren\/#primaryimage\",\"url\":\"https:\/\/marchecountryhomes.com\/wp-content\/uploads\/2019\/11\/case-da-ristrutturare-marche.jpg\",\"contentUrl\":\"https:\/\/marchecountryhomes.com\/wp-content\/uploads\/2019\/11\/case-da-ristrutturare-marche.jpg\",\"width\":930,\"height\":600,\"caption\":\"H\u00e4user zum Restaurieren in der Region Marken\"},{\"@type\":\"BreadcrumbList\",\"@id\":\"https:\/\/marchecountryhomes.com\/de\/haeuser-zu-sanieren\/#breadcrumb\",\"itemListElement\":[{\"@type\":\"ListItem\",\"position\":1,\"name\":\"Home\",\"item\":\"https:\/\/marchecountryhomes.com\/de\/\"},{\"@type\":\"ListItem\",\"position\":2,\"name\":\"H\u00e4user zu sanieren\"}]},{\"@type\":\"WebSite\",\"@id\":\"https:\/\/marchecountryhomes.com\/de\/#website\",\"url\":\"https:\/\/marchecountryhomes.com\/de\/\",\"name\":\"Marche Country Homes\",\"description\":\"Case e casali in vendita nelle Marche\",\"publisher\":{\"@id\":\"https:\/\/marchecountryhomes.com\/de\/#organization\"},\"potentialAction\":[{\"@type\":\"SearchAction\",\"target\":{\"@type\":\"EntryPoint\",\"urlTemplate\":\"https:\/\/marchecountryhomes.com\/de\/?s={search_term_string}\"},\"query-input\":{\"@type\":\"PropertyValueSpecification\",\"valueRequired\":true,\"valueName\":\"search_term_string\"}}],\"inLanguage\":\"de\"},{\"@type\":\"Organization\",\"@id\":\"https:\/\/marchecountryhomes.com\/de\/#organization\",\"name\":\"Marche Country Homes\",\"url\":\"https:\/\/marchecountryhomes.com\/de\/\",\"logo\":{\"@type\":\"ImageObject\",\"inLanguage\":\"de\",\"@id\":\"https:\/\/marchecountryhomes.com\/de\/#\/schema\/logo\/image\/\",\"url\":\"https:\/\/marchecountryhomes.com\/wp-content\/uploads\/2020\/12\/marche-country-homes-logo.png\",\"contentUrl\":\"https:\/\/marchecountryhomes.com\/wp-content\/uploads\/2020\/12\/marche-country-homes-logo.png\",\"width\":168,\"height\":159,\"caption\":\"Marche Country Homes\"},\"image\":{\"@id\":\"https:\/\/marchecountryhomes.com\/de\/#\/schema\/logo\/image\/\"},\"sameAs\":[\"https:\/\/www.facebook.com\/Marche-CountryHomes-447631005268932\/\",\"https:\/\/x.com\/marcheproperty\",\"https:\/\/www.instagram.com\/marchecountryhomes\/\",\"https:\/\/it.pinterest.com\/marchecountryhomes\/\",\"https:\/\/www.youtube.com\/user\/MarcheCountryHomes\"]}]}<\/script>\n<!-- \/ Yoast SEO plugin. -->","yoast_head_json":{"title":"H\u00e4user zu sanieren in der Region Marken - Marche Country Homes","description":"Entdecken Sie H\u00e4user zum Restaurieren in der Region Marken. Hier finden Sie eine Liste der sch\u00f6nsten historischen Villen und Landh\u00e4user zum Verkauf.","robots":{"index":"index","follow":"follow","max-snippet":"max-snippet:-1","max-image-preview":"max-image-preview:large","max-video-preview":"max-video-preview:-1"},"canonical":"https:\/\/marchecountryhomes.com\/de\/haeuser-zu-sanieren\/","og_locale":"de_DE","og_type":"article","og_title":"H\u00e4user zu sanieren in der Region Marken - Marche Country Homes","og_description":"Entdecken Sie H\u00e4user zum Restaurieren in der Region Marken. Hier finden Sie eine Liste der sch\u00f6nsten historischen Villen und Landh\u00e4user zum Verkauf.","og_url":"https:\/\/marchecountryhomes.com\/de\/haeuser-zu-sanieren\/","og_site_name":"Marche Country Homes","article_publisher":"https:\/\/www.facebook.com\/Marche-CountryHomes-447631005268932\/","article_modified_time":"2025-10-08T10:13:08+00:00","og_image":[{"width":930,"height":600,"url":"https:\/\/marchecountryhomes.com\/wp-content\/uploads\/2019\/11\/case-da-ristrutturare-marche.jpg","type":"image\/jpeg"}],"twitter_card":"summary_large_image","twitter_site":"@marcheproperty","twitter_misc":{"Gesch\u00e4tzte Lesezeit":"3\u00a0Minuten"},"schema":{"@context":"https:\/\/schema.org","@graph":[{"@type":"WebPage","@id":"https:\/\/marchecountryhomes.com\/de\/haeuser-zu-sanieren\/","url":"https:\/\/marchecountryhomes.com\/de\/haeuser-zu-sanieren\/","name":"H\u00e4user zu sanieren in der Region Marken - Marche Country Homes","isPartOf":{"@id":"https:\/\/marchecountryhomes.com\/de\/#website"},"primaryImageOfPage":{"@id":"https:\/\/marchecountryhomes.com\/de\/haeuser-zu-sanieren\/#primaryimage"},"image":{"@id":"https:\/\/marchecountryhomes.com\/de\/haeuser-zu-sanieren\/#primaryimage"},"thumbnailUrl":"https:\/\/marchecountryhomes.com\/wp-content\/uploads\/2019\/11\/case-da-ristrutturare-marche.jpg","datePublished":"2016-04-05T19:06:24+00:00","dateModified":"2025-10-08T10:13:08+00:00","description":"Entdecken Sie H\u00e4user zum Restaurieren in der Region Marken. Hier finden Sie eine Liste der sch\u00f6nsten historischen Villen und Landh\u00e4user zum Verkauf.","breadcrumb":{"@id":"https:\/\/marchecountryhomes.com\/de\/haeuser-zu-sanieren\/#breadcrumb"},"inLanguage":"de","potentialAction":[{"@type":"ReadAction","target":["https:\/\/marchecountryhomes.com\/de\/haeuser-zu-sanieren\/"]}]},{"@type":"ImageObject","inLanguage":"de","@id":"https:\/\/marchecountryhomes.com\/de\/haeuser-zu-sanieren\/#primaryimage","url":"https:\/\/marchecountryhomes.com\/wp-content\/uploads\/2019\/11\/case-da-ristrutturare-marche.jpg","contentUrl":"https:\/\/marchecountryhomes.com\/wp-content\/uploads\/2019\/11\/case-da-ristrutturare-marche.jpg","width":930,"height":600,"caption":"H\u00e4user zum Restaurieren in der Region Marken"},{"@type":"BreadcrumbList","@id":"https:\/\/marchecountryhomes.com\/de\/haeuser-zu-sanieren\/#breadcrumb","itemListElement":[{"@type":"ListItem","position":1,"name":"Home","item":"https:\/\/marchecountryhomes.com\/de\/"},{"@type":"ListItem","position":2,"name":"H\u00e4user zu sanieren"}]},{"@type":"WebSite","@id":"https:\/\/marchecountryhomes.com\/de\/#website","url":"https:\/\/marchecountryhomes.com\/de\/","name":"Marche Country Homes","description":"Case e casali in vendita nelle Marche","publisher":{"@id":"https:\/\/marchecountryhomes.com\/de\/#organization"},"potentialAction":[{"@type":"SearchAction","target":{"@type":"EntryPoint","urlTemplate":"https:\/\/marchecountryhomes.com\/de\/?s={search_term_string}"},"query-input":{"@type":"PropertyValueSpecification","valueRequired":true,"valueName":"search_term_string"}}],"inLanguage":"de"},{"@type":"Organization","@id":"https:\/\/marchecountryhomes.com\/de\/#organization","name":"Marche Country Homes","url":"https:\/\/marchecountryhomes.com\/de\/","logo":{"@type":"ImageObject","inLanguage":"de","@id":"https:\/\/marchecountryhomes.com\/de\/#\/schema\/logo\/image\/","url":"https:\/\/marchecountryhomes.com\/wp-content\/uploads\/2020\/12\/marche-country-homes-logo.png","contentUrl":"https:\/\/marchecountryhomes.com\/wp-content\/uploads\/2020\/12\/marche-country-homes-logo.png","width":168,"height":159,"caption":"Marche Country Homes"},"image":{"@id":"https:\/\/marchecountryhomes.com\/de\/#\/schema\/logo\/image\/"},"sameAs":["https:\/\/www.facebook.com\/Marche-CountryHomes-447631005268932\/","https:\/\/x.com\/marcheproperty","https:\/\/www.instagram.com\/marchecountryhomes\/","https:\/\/it.pinterest.com\/marchecountryhomes\/","https:\/\/www.youtube.com\/user\/MarcheCountryHomes"]}]}},"_links":{"self":[{"href":"https:\/\/marchecountryhomes.com\/de\/wp-json\/wp\/v2\/pages\/2464","targetHints":{"allow":["GET"]}}],"collection":[{"href":"https:\/\/marchecountryhomes.com\/de\/wp-json\/wp\/v2\/pages"}],"about":[{"href":"https:\/\/marchecountryhomes.com\/de\/wp-json\/wp\/v2\/types\/page"}],"author":[{"embeddable":true,"href":"https:\/\/marchecountryhomes.com\/de\/wp-json\/wp\/v2\/users\/12"}],"replies":[{"embeddable":true,"href":"https:\/\/marchecountryhomes.com\/de\/wp-json\/wp\/v2\/comments?post=2464"}],"version-history":[{"count":4,"href":"https:\/\/marchecountryhomes.com\/de\/wp-json\/wp\/v2\/pages\/2464\/revisions"}],"predecessor-version":[{"id":200675,"href":"https:\/\/marchecountryhomes.com\/de\/wp-json\/wp\/v2\/pages\/2464\/revisions\/200675"}],"wp:featuredmedia":[{"embeddable":true,"href":"https:\/\/marchecountryhomes.com\/de\/wp-json\/wp\/v2\/media\/143540"}],"wp:attachment":[{"href":"https:\/\/marchecountryhomes.com\/de\/wp-json\/wp\/v2\/media?parent=2464"}],"curies":[{"name":"wp","href":"https:\/\/api.w.org\/{rel}","templated":true}]}}