{"id":2460,"date":"2016-04-05T20:04:03","date_gmt":"2016-04-05T18:04:03","guid":{"rendered":"https:\/\/marchecountryhomes.com\/de\/?page_id=2460"},"modified":"2016-07-06T11:17:22","modified_gmt":"2016-07-06T09:17:22","slug":"ein-haus-kaufen-in-italien","status":"publish","type":"page","link":"https:\/\/marchecountryhomes.com\/de\/ein-haus-kaufen-in-italien\/","title":{"rendered":"ein Haus kaufen in Italien"},"content":{"rendered":"<p>Der Kauf eines Hauses in Italien ist gar kein Kinderspiel, aber mit der Hilfe eines erfahrenen Immobilienmaklers kann man ruhig schlafen.<\/p>\n<p>Die Unterst\u00fctzung von MARCHECOUNTRYHOMES.COM, spezialisiert auf den Verkauf von H\u00e4usern und Landh\u00e4usern in den Marken, ist Garantie von einem guten Kauf, denn MARCHECOUNTRYHOMES.COM wird Sie stets \u00fcber allerlei juristischen Aspekten unterrichten.<\/p>\n<p>Wenn Sie Ihr Haus restaurieren m\u00f6chten, sollten Sie dar\u00fcber informiert sein, dass die zu zahlende Steuer (Erschlie\u00dfungsbeitrag) von Gemeinde zu Gemeinde unterschiedlich ist. Die Experten von MARCHECOUNTRYHOMES.COM werden Sie im Voraus \u00fcber diesen Aspekt informieren, der gewiss nicht von sekund\u00e4rer Bedeutung ist.<\/p>\n<p>1) Wenn Ihnen ein Haus gef\u00e4llt und Sie beschlossen haben, dass es das &#8222;richtige Haus&#8220; f\u00fcr Sie ist, ist es empfehlenswert, die entsprechenden Katastervermessung und -pl\u00e4ne zu bekommen, bevor Sie das Haus durch Hinterlegung einer Kaution best\u00e4tigen sollten \u2013 nur diese, und keine anderen Pl\u00e4ne, sind g\u00fcltig. Im Katasterplan soll die Provinz und insbesondere die Gemeinde der Immobilie mit entsprechender Katasterklasse und dem Katasterertrag angegeben werden.<\/p>\n<p>2) Kaufvorschlag: Es ist besser, wenn der Kaufvorschlag aufgrund von einem Formular bei der Immobilienagentur unterzeichnet wird. Der Kaufvorschlag enth\u00e4lt die genauen Daten bez\u00fcglich der Klasse der Immobilie (d.h., Blatt und Parzelle), des Namens und der Adresse des Besitzers, so wie des Preises des Angebots. In dem Kaufvorschlag werden bez\u00fcglich der Immobilie Garantien von \u00dcbereinstimmung mit st\u00e4dtebaulichen Vorschriften, der \u00dcbertragung von Menschen und Gegenst\u00e4nden und der Freiheit von hypothekarischen Belastungen oder nachteiligen Eintragungen verlangt. Bei der Unterzeichnung der Immobilie wird eine Kaution hinterlegt. Dies erfolgt \u00fcblicherweise mittels Scheck an den Immobilienmakler als Beweis eines echten Interesses an dem Haus. Im Kaufvorschlag wird au\u00dferdem erkl\u00e4rt, dass die Immobilie besichtigt worden ist und sie in dem Sach- und Rechtszustand, in dem sie sich befindet, den W\u00fcnschen des potenziellen zuk\u00fcnftigen entspricht.<\/p>\n<p>2a) Wissenswertes: In der Katastervermessung ist die Kategorie der Immobilie angegeben, welche \u201cA\u201d sein soll (www.catasto.it), wobei letztere von \u201cA\/1\u201d bis \u201cA\/11\u201d geht. Aufgrund der Kategorie wird die Gemeindeimmobiliensteuer berechnet. Wohnh\u00e4user d\u00fcrfen nur in der \u201cA\u201d-Kategorie eingetragen sein. Normalerweise befindet sich eine Garage, ein Warenhaus oder ein Stall neben dem Haus: Letztere sind mit der \u201cC\u201d-Kategorie klassifiziert. Wenn sich die Immobilie in der Kategorie \u201cB\u201d, \u201cD\u201d oder \u201cE\u201d befindet, sollte man vorsichtig sein und den Risiken bewusst sein, denen man entgegengeht.<\/p>\n<p>3) Im Kaufvorschlag wird der Termin angegeben, an dem man den Vorvertrag und sp\u00e4ter die Kaufurkunde beim Notar zu unterzeichnen beabsichtigt.<\/p>\n<p>4) Vorvertrag: Wenn man an diese Phase gelangt, hat man sich schon einen Vertrauensnotar gew\u00e4hlt, der beauftragt worden ist, die st\u00e4dtebaulichen, hypothekarischen und Katasterdaten der Immobilie auf ihre Genauigkeit zu \u00fcberpr\u00fcfen. Wenn die Immobilie \u201cdie Pr\u00fcfung besteht\u201d, verfasst der Notar den \u201cPrivatvertrag\u201d, d.h. den sog. \u201cVorvertrag\u201d. In dieser Phase muss der K\u00e4ufer eine Anzahlung (gem\u00e4\u00df Art. 1385 des italienischen B\u00fcrgerlichen Gesetzbuches) (www.brocardi.it), die ca. 20% der gesamten angebotenen und vereinbarten Endsumme entspricht (z.B. \u20ac 150.000 vereinbarter Preis f\u00fcr den Kauf = \u20ac 30.000 Anzahlung beim Vorvertrag). Die Kaution, die beim Kaufvorschlag entrichtet wurde, wird an dieser Stelle zur\u00fcckgegeben.<\/p>\n<p>Nachdem der Vorvertrag unterzeichnet worden ist, muss er vom Notar oder Immobilienmakler beim italienischen Finanzamt (Agenzia delle Entrate) innerhalb von 20 Tagen nach Datum derer Unterzeichnung. Der K\u00e4ufer ist zur Zahlung einer Steuer dem italienischen Finanzamt (Agenzia delle Entrate) verpflichtet, die 0,5% der beim Vorvertrag gezahlten Summe (z.B. \u20ac 30.000 = \u20ac 150) entspricht. Gleichzeitig muss er au\u00dferdem eine Feststeuer von \u20ac 200, Nr. 2 Geb\u00fchrenmarken je \u20ac 16 f\u00fcr jedes Blatt und \u20ac 0,52 f\u00fcr jede Beilage (z.B. Katasterpl\u00e4ne) bezahlen. Die Steuer, die 0,5% (z.B. \u20ac 150) entspricht, wird vom Betrag der Registersteuer bei Unterzeichnung der Kaufurkunde abgerechnet.<\/p>\n<p>5) Notarielle Urkunde oder Kaufurkunde: Es ist wichtig zu wissen, dass die Registersteuer, die man f\u00fcr den Kauf einer Immobilie in Italien bezahlen muss, je nach Kauf eines sog. ersten Hauses oder zweiten Hauses in Italien unterschiedlich ist.<\/p>\n<p>Wenn man eine Immobilie als erstes Haus kauft, bedeutet dies, dass man keine anderen Wohnsitzimmobilien (d.h. Immobilien in der Kategorie \u201cA\u201d) auf italienischem Gebiet besitzt. In diesem Fall bel\u00e4uft sich die Registersteuer auf 2% des Katasterwertes der Immobilie. Den Wohnsitz in Italien zu haben ist Voraussetzung f\u00fcr eine Besteuerung mit dem 2% Steuersatz (wenn man noch nicht in Italien wohnhaft ist, aber beabsichtigt, den Wohnsitz in Italien aufzuschlagen, kann man die Immobilie als erstes Wohnsitzhaus erwerben und den eigenen Wohnort an der Gemeinde, wo die Immobilie gelegen ist, innerhalb von achtzehn Monaten ab Kaufdatum aufschlagen).<\/p>\n<p>Wenn man eine Immobilie als zweites Haus kauft, bel\u00e4uft sich die Registersteuer auf 9% des Katasterwertes der Immobilie.<\/p>\n<p>Der Kauf von landwirtschaftlichen Grundst\u00fccken wird mit einem 12% Steuersatz des erkl\u00e4rten Wertes besteuert.<\/p>\n<p>Die Originalfassung der Kaufurkunde wird vom Notar \u00fcblicherweise nach 2 Monaten seit Urkundendatum \u00fcbergeben.<\/p>\n<p>6) Das Honorar des Notars entspricht ungef\u00e4hr 2% des erkl\u00e4rten Wertes der Immobilie.<\/p>\n<p>7) Bei Unterzeichnung der Urkunde muss der Besitzer das APE-Zertifikat (Energiezertifizierung), sowie die Zertifizierungen korrekter Durchf\u00fchrung der elektrischen, hydraulischen und thermischen Anlagen dem K\u00e4ufer \u00fcbergeben.<\/p>\n<p>\u00a9COPYRIGHT Marche Country Homes<\/p>\n","protected":false},"excerpt":{"rendered":"<p>Der Kauf eines Hauses in Italien ist gar kein Kinderspiel, aber mit der Hilfe eines erfahrenen Immobilienmaklers kann man ruhig schlafen. Die Unterst\u00fctzung von MARCHECOUNTRYHOMES.COM, spezialisiert auf den Verkauf von H\u00e4usern und Landh\u00e4usern in den Marken, ist Garantie von einem guten Kauf, denn MARCHECOUNTRYHOMES.COM wird Sie stets \u00fcber allerlei juristischen Aspekten unterrichten. Wenn Sie Ihr&#8230;<\/p>\n","protected":false},"author":12,"featured_media":0,"parent":0,"menu_order":0,"comment_status":"closed","ping_status":"closed","template":"","meta":{"footnotes":""},"class_list":["post-2460","page","type-page","status-publish","hentry"],"yoast_head":"<!-- This site is optimized with the Yoast SEO plugin v26.8 - https:\/\/yoast.com\/product\/yoast-seo-wordpress\/ -->\n<title>ein Haus kaufen in Italien - Marche Country Homes<\/title>\n<meta name=\"robots\" content=\"index, follow, max-snippet:-1, max-image-preview:large, max-video-preview:-1\" \/>\n<link rel=\"canonical\" href=\"https:\/\/marchecountryhomes.com\/de\/ein-haus-kaufen-in-italien\/\" \/>\n<meta property=\"og:locale\" content=\"de_DE\" \/>\n<meta property=\"og:type\" content=\"article\" \/>\n<meta property=\"og:title\" content=\"ein Haus kaufen in Italien - Marche Country Homes\" \/>\n<meta property=\"og:description\" content=\"Der Kauf eines Hauses in Italien ist gar kein Kinderspiel, aber mit der Hilfe eines erfahrenen Immobilienmaklers kann man ruhig schlafen. Die Unterst\u00fctzung von MARCHECOUNTRYHOMES.COM, spezialisiert auf den Verkauf von H\u00e4usern und Landh\u00e4usern in den Marken, ist Garantie von einem guten Kauf, denn MARCHECOUNTRYHOMES.COM wird Sie stets \u00fcber allerlei juristischen Aspekten unterrichten. Wenn Sie Ihr...\" \/>\n<meta property=\"og:url\" content=\"https:\/\/marchecountryhomes.com\/de\/ein-haus-kaufen-in-italien\/\" \/>\n<meta property=\"og:site_name\" content=\"Marche Country Homes\" \/>\n<meta property=\"article:publisher\" content=\"https:\/\/www.facebook.com\/Marche-CountryHomes-447631005268932\/\" \/>\n<meta property=\"article:modified_time\" content=\"2016-07-06T09:17:22+00:00\" \/>\n<meta property=\"og:image\" content=\"https:\/\/marchecountryhomes.com\/wp-content\/uploads\/2016\/04\/logo-agente-1.jpg\" \/>\n\t<meta property=\"og:image:width\" content=\"210\" \/>\n\t<meta property=\"og:image:height\" content=\"210\" \/>\n\t<meta property=\"og:image:type\" content=\"image\/jpeg\" \/>\n<meta name=\"twitter:card\" content=\"summary_large_image\" \/>\n<meta name=\"twitter:site\" content=\"@marcheproperty\" \/>\n<meta name=\"twitter:label1\" content=\"Gesch\u00e4tzte Lesezeit\" \/>\n\t<meta name=\"twitter:data1\" content=\"4\u00a0Minuten\" \/>\n<script type=\"application\/ld+json\" class=\"yoast-schema-graph\">{\"@context\":\"https:\/\/schema.org\",\"@graph\":[{\"@type\":\"WebPage\",\"@id\":\"https:\/\/marchecountryhomes.com\/de\/ein-haus-kaufen-in-italien\/\",\"url\":\"https:\/\/marchecountryhomes.com\/de\/ein-haus-kaufen-in-italien\/\",\"name\":\"ein Haus kaufen in Italien - Marche Country Homes\",\"isPartOf\":{\"@id\":\"https:\/\/marchecountryhomes.com\/de\/#website\"},\"datePublished\":\"2016-04-05T18:04:03+00:00\",\"dateModified\":\"2016-07-06T09:17:22+00:00\",\"breadcrumb\":{\"@id\":\"https:\/\/marchecountryhomes.com\/de\/ein-haus-kaufen-in-italien\/#breadcrumb\"},\"inLanguage\":\"de\",\"potentialAction\":[{\"@type\":\"ReadAction\",\"target\":[\"https:\/\/marchecountryhomes.com\/de\/ein-haus-kaufen-in-italien\/\"]}]},{\"@type\":\"BreadcrumbList\",\"@id\":\"https:\/\/marchecountryhomes.com\/de\/ein-haus-kaufen-in-italien\/#breadcrumb\",\"itemListElement\":[{\"@type\":\"ListItem\",\"position\":1,\"name\":\"Home\",\"item\":\"https:\/\/marchecountryhomes.com\/de\/\"},{\"@type\":\"ListItem\",\"position\":2,\"name\":\"ein Haus kaufen in Italien\"}]},{\"@type\":\"WebSite\",\"@id\":\"https:\/\/marchecountryhomes.com\/de\/#website\",\"url\":\"https:\/\/marchecountryhomes.com\/de\/\",\"name\":\"Marche Country Homes\",\"description\":\"Case e casali in vendita nelle Marche\",\"publisher\":{\"@id\":\"https:\/\/marchecountryhomes.com\/de\/#organization\"},\"potentialAction\":[{\"@type\":\"SearchAction\",\"target\":{\"@type\":\"EntryPoint\",\"urlTemplate\":\"https:\/\/marchecountryhomes.com\/de\/?s={search_term_string}\"},\"query-input\":{\"@type\":\"PropertyValueSpecification\",\"valueRequired\":true,\"valueName\":\"search_term_string\"}}],\"inLanguage\":\"de\"},{\"@type\":\"Organization\",\"@id\":\"https:\/\/marchecountryhomes.com\/de\/#organization\",\"name\":\"Marche Country Homes\",\"url\":\"https:\/\/marchecountryhomes.com\/de\/\",\"logo\":{\"@type\":\"ImageObject\",\"inLanguage\":\"de\",\"@id\":\"https:\/\/marchecountryhomes.com\/de\/#\/schema\/logo\/image\/\",\"url\":\"https:\/\/marchecountryhomes.com\/wp-content\/uploads\/2020\/12\/marche-country-homes-logo.png\",\"contentUrl\":\"https:\/\/marchecountryhomes.com\/wp-content\/uploads\/2020\/12\/marche-country-homes-logo.png\",\"width\":168,\"height\":159,\"caption\":\"Marche Country Homes\"},\"image\":{\"@id\":\"https:\/\/marchecountryhomes.com\/de\/#\/schema\/logo\/image\/\"},\"sameAs\":[\"https:\/\/www.facebook.com\/Marche-CountryHomes-447631005268932\/\",\"https:\/\/x.com\/marcheproperty\",\"https:\/\/www.instagram.com\/marchecountryhomes\/\",\"https:\/\/it.pinterest.com\/marchecountryhomes\/\",\"https:\/\/www.youtube.com\/user\/MarcheCountryHomes\"]}]}<\/script>\n<!-- \/ Yoast SEO plugin. -->","yoast_head_json":{"title":"ein Haus kaufen in Italien - Marche Country Homes","robots":{"index":"index","follow":"follow","max-snippet":"max-snippet:-1","max-image-preview":"max-image-preview:large","max-video-preview":"max-video-preview:-1"},"canonical":"https:\/\/marchecountryhomes.com\/de\/ein-haus-kaufen-in-italien\/","og_locale":"de_DE","og_type":"article","og_title":"ein Haus kaufen in Italien - Marche Country Homes","og_description":"Der Kauf eines Hauses in Italien ist gar kein Kinderspiel, aber mit der Hilfe eines erfahrenen Immobilienmaklers kann man ruhig schlafen. Die Unterst\u00fctzung von MARCHECOUNTRYHOMES.COM, spezialisiert auf den Verkauf von H\u00e4usern und Landh\u00e4usern in den Marken, ist Garantie von einem guten Kauf, denn MARCHECOUNTRYHOMES.COM wird Sie stets \u00fcber allerlei juristischen Aspekten unterrichten. Wenn Sie Ihr...","og_url":"https:\/\/marchecountryhomes.com\/de\/ein-haus-kaufen-in-italien\/","og_site_name":"Marche Country Homes","article_publisher":"https:\/\/www.facebook.com\/Marche-CountryHomes-447631005268932\/","article_modified_time":"2016-07-06T09:17:22+00:00","og_image":[{"width":210,"height":210,"url":"https:\/\/marchecountryhomes.com\/wp-content\/uploads\/2016\/04\/logo-agente-1.jpg","type":"image\/jpeg"}],"twitter_card":"summary_large_image","twitter_site":"@marcheproperty","twitter_misc":{"Gesch\u00e4tzte Lesezeit":"4\u00a0Minuten"},"schema":{"@context":"https:\/\/schema.org","@graph":[{"@type":"WebPage","@id":"https:\/\/marchecountryhomes.com\/de\/ein-haus-kaufen-in-italien\/","url":"https:\/\/marchecountryhomes.com\/de\/ein-haus-kaufen-in-italien\/","name":"ein Haus kaufen in Italien - Marche Country Homes","isPartOf":{"@id":"https:\/\/marchecountryhomes.com\/de\/#website"},"datePublished":"2016-04-05T18:04:03+00:00","dateModified":"2016-07-06T09:17:22+00:00","breadcrumb":{"@id":"https:\/\/marchecountryhomes.com\/de\/ein-haus-kaufen-in-italien\/#breadcrumb"},"inLanguage":"de","potentialAction":[{"@type":"ReadAction","target":["https:\/\/marchecountryhomes.com\/de\/ein-haus-kaufen-in-italien\/"]}]},{"@type":"BreadcrumbList","@id":"https:\/\/marchecountryhomes.com\/de\/ein-haus-kaufen-in-italien\/#breadcrumb","itemListElement":[{"@type":"ListItem","position":1,"name":"Home","item":"https:\/\/marchecountryhomes.com\/de\/"},{"@type":"ListItem","position":2,"name":"ein Haus kaufen in Italien"}]},{"@type":"WebSite","@id":"https:\/\/marchecountryhomes.com\/de\/#website","url":"https:\/\/marchecountryhomes.com\/de\/","name":"Marche Country Homes","description":"Case e casali in vendita nelle Marche","publisher":{"@id":"https:\/\/marchecountryhomes.com\/de\/#organization"},"potentialAction":[{"@type":"SearchAction","target":{"@type":"EntryPoint","urlTemplate":"https:\/\/marchecountryhomes.com\/de\/?s={search_term_string}"},"query-input":{"@type":"PropertyValueSpecification","valueRequired":true,"valueName":"search_term_string"}}],"inLanguage":"de"},{"@type":"Organization","@id":"https:\/\/marchecountryhomes.com\/de\/#organization","name":"Marche Country Homes","url":"https:\/\/marchecountryhomes.com\/de\/","logo":{"@type":"ImageObject","inLanguage":"de","@id":"https:\/\/marchecountryhomes.com\/de\/#\/schema\/logo\/image\/","url":"https:\/\/marchecountryhomes.com\/wp-content\/uploads\/2020\/12\/marche-country-homes-logo.png","contentUrl":"https:\/\/marchecountryhomes.com\/wp-content\/uploads\/2020\/12\/marche-country-homes-logo.png","width":168,"height":159,"caption":"Marche Country Homes"},"image":{"@id":"https:\/\/marchecountryhomes.com\/de\/#\/schema\/logo\/image\/"},"sameAs":["https:\/\/www.facebook.com\/Marche-CountryHomes-447631005268932\/","https:\/\/x.com\/marcheproperty","https:\/\/www.instagram.com\/marchecountryhomes\/","https:\/\/it.pinterest.com\/marchecountryhomes\/","https:\/\/www.youtube.com\/user\/MarcheCountryHomes"]}]}},"_links":{"self":[{"href":"https:\/\/marchecountryhomes.com\/de\/wp-json\/wp\/v2\/pages\/2460","targetHints":{"allow":["GET"]}}],"collection":[{"href":"https:\/\/marchecountryhomes.com\/de\/wp-json\/wp\/v2\/pages"}],"about":[{"href":"https:\/\/marchecountryhomes.com\/de\/wp-json\/wp\/v2\/types\/page"}],"author":[{"embeddable":true,"href":"https:\/\/marchecountryhomes.com\/de\/wp-json\/wp\/v2\/users\/12"}],"replies":[{"embeddable":true,"href":"https:\/\/marchecountryhomes.com\/de\/wp-json\/wp\/v2\/comments?post=2460"}],"version-history":[{"count":0,"href":"https:\/\/marchecountryhomes.com\/de\/wp-json\/wp\/v2\/pages\/2460\/revisions"}],"wp:attachment":[{"href":"https:\/\/marchecountryhomes.com\/de\/wp-json\/wp\/v2\/media?parent=2460"}],"curies":[{"name":"wp","href":"https:\/\/api.w.org\/{rel}","templated":true}]}}