{"id":2456,"date":"2016-04-05T19:50:40","date_gmt":"2016-04-05T18:50:40","guid":{"rendered":"https:\/\/marchecountryhomes.com\/de\/?page_id=2456"},"modified":"2021-10-28T15:44:23","modified_gmt":"2021-10-28T14:44:23","slug":"immobilien-zum-verkauf","status":"publish","type":"page","link":"https:\/\/marchecountryhomes.com\/de\/immobilien-zum-verkauf\/","title":{"rendered":"H\u00e4user kaufen"},"content":{"rendered":"<p>[vc_row][vc_column][vc_column_text]<\/p>\n<h2 style=\"text-align: left;\">Landh\u00e4user zum Verkauf<\/h2>\n<p>Suchen Sie Landh\u00e4user zum Verkauf in den Marken? Dann sind Sie hier richtig. Auf dieser Seite finden Sie Ansitze, die voneinander sehr unterschiedlich sind, die aber eine Gemeinsamkeit haben: die historische Wertigkeit.<\/p>\n<p>Jeder Ansitz auf dieser Seite wurde mit Sorgfalt vom Team Marche Country Homes ausgesucht, dessen Sitz in Jesi ist, aber in der ganzen Region t\u00e4tig ist. Ein Teil unserer T\u00e4tigkeit besteht darin, dass wir immer auf der Suche nach Bauernh\u00e4usern , Villen und Landh\u00e4usern sind, um unser Angebot an verf\u00fcgbaren Ansitzen zu bereichern.<\/p>\n<p>Unsere Region, die Marken, ist reich an vielen unterschiedlichen Nuancen, sei es was ihre Landschaft anbetrifft\u00a0 wie auch die Kultur, die Kunst, die Gastronomie und die Wohnm\u00f6glichkeiten. Hier gibt es keine Gro\u00dfst\u00e4dte, denn die gr\u00f6\u00dfte Stadt ist Ancona mit 100.000 Einwohnern. Das ist keine banale Angabe, wenn man bedenkt , dass diese Tatsache eine bessere\u00a0 entspanntere und nicht so hektische Lebensqualit\u00e4t bedeutet, immer in direktem Kontakt zur Natur.[\/vc_column_text][vc_tta_accordion active_section=&#8220;0&#8243; collapsible_all=&#8220;true&#8220;][vc_tta_section title=&#8220;Lesen Sie weiter &#8230;.&#8220; tab_id=&#8220;1634885623644-3ce578bb-1679&#8243; el_class=&#8220;link-testo&#8220;][vc_column_text]Unsere Bauernh\u00e4user zum Verkauf sind Ansitze, die sich in Gegenden unber\u00fchrter Natursch\u00f6nheiten befinden und trotzdem nicht zu weit von Ortschaften oder von der K\u00fcste sind. Sie k\u00f6nnen als Hauptwohnsitz f\u00fcr ein Paar, f\u00fcr eine Familie oder auch\u00a0 Einzelpersonen dienen.<\/p>\n<p>F\u00fcr solche, die sich entspannen m\u00f6chten oder sie k\u00f6nnen als Zweitwohnung dienen, entweder f\u00fcr den Sommer-oder den Winterurlaub.<\/p>\n<blockquote><p><em>&#8222;Die Marken leben in einer anderen Dimension, in Gedichten, die voll von Freiheitssinn sind, sodass die glorreiche Geschichte kein schweres Gewicht mehr hat und anders verarbeitet wird. Das reicht nicht. Diese zauberhafte Linie des inneren Horizontes wird von der Sch\u00f6nheit des Landes verst\u00e4rkt\u00a0 dank der Sanftheit der H\u00fcgel,\u00a0 der gesamten Musik, durch das Lichtspiel\u00a0 von den Farbt\u00f6nen, von den Jahreszeiten, die unser Ged\u00e4chtnis verinnerlichen kann&#8220;<\/em><br \/>\n<em>(Zitat von <a href=\"https:\/\/de.wikipedia.org\/wiki\/Carlo_Bo\" target=\"_blank\" rel=\"noopener\">Carlo Bo<\/a>, Universit\u00e4tsrektor, Urbino)<\/em><\/p><\/blockquote>\n<h2 style=\"text-align: left;\">Die Geschichte unserer Landh\u00e4user zum Verkauf.<\/h2>\n<p>Worin besteht die Geschichte dieser H\u00e4user\u00a0 zum Verkauf? Man kann nicht in der Singularform antworten , es ist korrekter zu sagen: welche sind die Geschichten. Sie finden hier Ansitze, die auf Zeiten zur\u00fcckgehen vor dem 16. Jahrhundert, andere sind Beispiele der Villen aus dem 19. Jh. und andere widerspiegeln die &#8222;mezzadria&#8220; des 19.Jh.s<\/p>\n<p>Es handelt sich um traditionsreiche Geschichten, die die Marken schildern und ihre zeitlichen Etappen.<\/p>\n<p>Jedes Haus wurde gew\u00e4hlt, damit es in diesem Katalog aufgez\u00e4hlt wird, da jeder Ansitz typische strukturelle und besondere eigenartige architektonische\u00a0 Merkmale hat.<\/p>\n<p>Die zum Verkauf\u00a0 vorgeschlagenen Ansitze sind manchmal bereits restauriert und einzugsbereit, andere m\u00fcssen noch restauriert werden.\u00a0 In beiden F\u00e4llen, auch falls der Verkauf nach der Restaurierung erfolgt, m\u00fcssen Sie bedenken, dass auf keinem Fall, das,\u00a0 was urspr\u00fcnglich und traditionsreich zur Zeit des Baus war,\u00a0 verloren gehen darf. Unsere Restaurierungen und Renovierungen sind immer gewissenhaft und genau. Wir glauben an die Wiederverwendung der Materialien als Aufrechterhaltung der Vergangenheit, indem man ihnen neue Lebenskraft gibt und ein frisches, modernes Aussehen, aber nie charakterlos.<\/p>\n<p>Denken Sie daran, in die Marken zu ziehen oder suchen Sie ein Landhaus als zweiten Wohnsitz?<br \/>\nDann beginnen Sie hier in unserem Katalog, was Landh\u00e4user und Ansitze betrifft, zu lesen.[\/vc_column_text][\/vc_tta_section][\/vc_tta_accordion][\/vc_column][\/vc_row]<\/p>\n","protected":false},"excerpt":{"rendered":"<p>[vc_row][vc_column][vc_column_text] Landh\u00e4user zum Verkauf Suchen Sie Landh\u00e4user zum Verkauf in den Marken? Dann sind Sie hier richtig. Auf dieser Seite finden Sie Ansitze, die voneinander sehr unterschiedlich sind, die aber eine Gemeinsamkeit haben: die historische Wertigkeit. Jeder Ansitz auf dieser Seite wurde mit Sorgfalt vom Team Marche Country Homes ausgesucht, dessen Sitz in Jesi ist,&#8230;<\/p>\n","protected":false},"author":12,"featured_media":0,"parent":0,"menu_order":0,"comment_status":"closed","ping_status":"closed","template":"templates\/properties.php","meta":{"footnotes":""},"class_list":["post-2456","page","type-page","status-publish","hentry"],"yoast_head":"<!-- This site is optimized with the Yoast SEO plugin v26.8 - https:\/\/yoast.com\/product\/yoast-seo-wordpress\/ -->\n<title>H\u00e4user kaufen - Marche Country Homes<\/title>\n<meta name=\"description\" content=\"Suchen Sie Landh\u00e4user zum Verkauf in den Marken? Dann sind Sie hier richtig. Auf dieser Seite finden Sie Ansitze, die voneinander...\" \/>\n<meta name=\"robots\" content=\"index, follow, max-snippet:-1, max-image-preview:large, max-video-preview:-1\" \/>\n<link rel=\"canonical\" href=\"https:\/\/marchecountryhomes.com\/de\/immobilien-zum-verkauf\/\" \/>\n<meta property=\"og:locale\" content=\"de_DE\" \/>\n<meta property=\"og:type\" content=\"article\" \/>\n<meta property=\"og:title\" content=\"H\u00e4user kaufen - Marche Country Homes\" \/>\n<meta property=\"og:description\" content=\"Suchen Sie Landh\u00e4user zum Verkauf in den Marken? Dann sind Sie hier richtig. Auf dieser Seite finden Sie Ansitze, die voneinander...\" \/>\n<meta property=\"og:url\" content=\"https:\/\/marchecountryhomes.com\/de\/immobilien-zum-verkauf\/\" \/>\n<meta property=\"og:site_name\" content=\"Marche Country Homes\" \/>\n<meta property=\"article:publisher\" content=\"https:\/\/www.facebook.com\/Marche-CountryHomes-447631005268932\/\" \/>\n<meta property=\"article:modified_time\" content=\"2021-10-28T14:44:23+00:00\" \/>\n<meta property=\"og:image\" content=\"https:\/\/marchecountryhomes.com\/wp-content\/uploads\/2016\/04\/logo-agente-1.jpg\" \/>\n\t<meta property=\"og:image:width\" content=\"210\" \/>\n\t<meta property=\"og:image:height\" content=\"210\" \/>\n\t<meta property=\"og:image:type\" content=\"image\/jpeg\" \/>\n<meta name=\"twitter:card\" content=\"summary_large_image\" \/>\n<meta name=\"twitter:site\" content=\"@marcheproperty\" \/>\n<meta name=\"twitter:label1\" content=\"Gesch\u00e4tzte Lesezeit\" \/>\n\t<meta name=\"twitter:data1\" content=\"3\u00a0Minuten\" \/>\n<script type=\"application\/ld+json\" class=\"yoast-schema-graph\">{\"@context\":\"https:\/\/schema.org\",\"@graph\":[{\"@type\":\"WebPage\",\"@id\":\"https:\/\/marchecountryhomes.com\/de\/immobilien-zum-verkauf\/\",\"url\":\"https:\/\/marchecountryhomes.com\/de\/immobilien-zum-verkauf\/\",\"name\":\"H\u00e4user kaufen - Marche Country Homes\",\"isPartOf\":{\"@id\":\"https:\/\/marchecountryhomes.com\/de\/#website\"},\"datePublished\":\"2016-04-05T18:50:40+00:00\",\"dateModified\":\"2021-10-28T14:44:23+00:00\",\"description\":\"Suchen Sie Landh\u00e4user zum Verkauf in den Marken? Dann sind Sie hier richtig. Auf dieser Seite finden Sie Ansitze, die voneinander...\",\"breadcrumb\":{\"@id\":\"https:\/\/marchecountryhomes.com\/de\/immobilien-zum-verkauf\/#breadcrumb\"},\"inLanguage\":\"de\",\"potentialAction\":[{\"@type\":\"ReadAction\",\"target\":[\"https:\/\/marchecountryhomes.com\/de\/immobilien-zum-verkauf\/\"]}]},{\"@type\":\"BreadcrumbList\",\"@id\":\"https:\/\/marchecountryhomes.com\/de\/immobilien-zum-verkauf\/#breadcrumb\",\"itemListElement\":[{\"@type\":\"ListItem\",\"position\":1,\"name\":\"Home\",\"item\":\"https:\/\/marchecountryhomes.com\/de\/\"},{\"@type\":\"ListItem\",\"position\":2,\"name\":\"H\u00e4user kaufen\"}]},{\"@type\":\"WebSite\",\"@id\":\"https:\/\/marchecountryhomes.com\/de\/#website\",\"url\":\"https:\/\/marchecountryhomes.com\/de\/\",\"name\":\"Marche Country Homes\",\"description\":\"Case e casali in vendita nelle Marche\",\"publisher\":{\"@id\":\"https:\/\/marchecountryhomes.com\/de\/#organization\"},\"potentialAction\":[{\"@type\":\"SearchAction\",\"target\":{\"@type\":\"EntryPoint\",\"urlTemplate\":\"https:\/\/marchecountryhomes.com\/de\/?s={search_term_string}\"},\"query-input\":{\"@type\":\"PropertyValueSpecification\",\"valueRequired\":true,\"valueName\":\"search_term_string\"}}],\"inLanguage\":\"de\"},{\"@type\":\"Organization\",\"@id\":\"https:\/\/marchecountryhomes.com\/de\/#organization\",\"name\":\"Marche Country Homes\",\"url\":\"https:\/\/marchecountryhomes.com\/de\/\",\"logo\":{\"@type\":\"ImageObject\",\"inLanguage\":\"de\",\"@id\":\"https:\/\/marchecountryhomes.com\/de\/#\/schema\/logo\/image\/\",\"url\":\"https:\/\/marchecountryhomes.com\/wp-content\/uploads\/2020\/12\/marche-country-homes-logo.png\",\"contentUrl\":\"https:\/\/marchecountryhomes.com\/wp-content\/uploads\/2020\/12\/marche-country-homes-logo.png\",\"width\":168,\"height\":159,\"caption\":\"Marche Country Homes\"},\"image\":{\"@id\":\"https:\/\/marchecountryhomes.com\/de\/#\/schema\/logo\/image\/\"},\"sameAs\":[\"https:\/\/www.facebook.com\/Marche-CountryHomes-447631005268932\/\",\"https:\/\/x.com\/marcheproperty\",\"https:\/\/www.instagram.com\/marchecountryhomes\/\",\"https:\/\/it.pinterest.com\/marchecountryhomes\/\",\"https:\/\/www.youtube.com\/user\/MarcheCountryHomes\"]}]}<\/script>\n<!-- \/ Yoast SEO plugin. -->","yoast_head_json":{"title":"H\u00e4user kaufen - Marche Country Homes","description":"Suchen Sie Landh\u00e4user zum Verkauf in den Marken? Dann sind Sie hier richtig. Auf dieser Seite finden Sie Ansitze, die voneinander...","robots":{"index":"index","follow":"follow","max-snippet":"max-snippet:-1","max-image-preview":"max-image-preview:large","max-video-preview":"max-video-preview:-1"},"canonical":"https:\/\/marchecountryhomes.com\/de\/immobilien-zum-verkauf\/","og_locale":"de_DE","og_type":"article","og_title":"H\u00e4user kaufen - Marche Country Homes","og_description":"Suchen Sie Landh\u00e4user zum Verkauf in den Marken? Dann sind Sie hier richtig. Auf dieser Seite finden Sie Ansitze, die voneinander...","og_url":"https:\/\/marchecountryhomes.com\/de\/immobilien-zum-verkauf\/","og_site_name":"Marche Country Homes","article_publisher":"https:\/\/www.facebook.com\/Marche-CountryHomes-447631005268932\/","article_modified_time":"2021-10-28T14:44:23+00:00","og_image":[{"width":210,"height":210,"url":"https:\/\/marchecountryhomes.com\/wp-content\/uploads\/2016\/04\/logo-agente-1.jpg","type":"image\/jpeg"}],"twitter_card":"summary_large_image","twitter_site":"@marcheproperty","twitter_misc":{"Gesch\u00e4tzte Lesezeit":"3\u00a0Minuten"},"schema":{"@context":"https:\/\/schema.org","@graph":[{"@type":"WebPage","@id":"https:\/\/marchecountryhomes.com\/de\/immobilien-zum-verkauf\/","url":"https:\/\/marchecountryhomes.com\/de\/immobilien-zum-verkauf\/","name":"H\u00e4user kaufen - Marche Country Homes","isPartOf":{"@id":"https:\/\/marchecountryhomes.com\/de\/#website"},"datePublished":"2016-04-05T18:50:40+00:00","dateModified":"2021-10-28T14:44:23+00:00","description":"Suchen Sie Landh\u00e4user zum Verkauf in den Marken? Dann sind Sie hier richtig. Auf dieser Seite finden Sie Ansitze, die voneinander...","breadcrumb":{"@id":"https:\/\/marchecountryhomes.com\/de\/immobilien-zum-verkauf\/#breadcrumb"},"inLanguage":"de","potentialAction":[{"@type":"ReadAction","target":["https:\/\/marchecountryhomes.com\/de\/immobilien-zum-verkauf\/"]}]},{"@type":"BreadcrumbList","@id":"https:\/\/marchecountryhomes.com\/de\/immobilien-zum-verkauf\/#breadcrumb","itemListElement":[{"@type":"ListItem","position":1,"name":"Home","item":"https:\/\/marchecountryhomes.com\/de\/"},{"@type":"ListItem","position":2,"name":"H\u00e4user kaufen"}]},{"@type":"WebSite","@id":"https:\/\/marchecountryhomes.com\/de\/#website","url":"https:\/\/marchecountryhomes.com\/de\/","name":"Marche Country Homes","description":"Case e casali in vendita nelle Marche","publisher":{"@id":"https:\/\/marchecountryhomes.com\/de\/#organization"},"potentialAction":[{"@type":"SearchAction","target":{"@type":"EntryPoint","urlTemplate":"https:\/\/marchecountryhomes.com\/de\/?s={search_term_string}"},"query-input":{"@type":"PropertyValueSpecification","valueRequired":true,"valueName":"search_term_string"}}],"inLanguage":"de"},{"@type":"Organization","@id":"https:\/\/marchecountryhomes.com\/de\/#organization","name":"Marche Country Homes","url":"https:\/\/marchecountryhomes.com\/de\/","logo":{"@type":"ImageObject","inLanguage":"de","@id":"https:\/\/marchecountryhomes.com\/de\/#\/schema\/logo\/image\/","url":"https:\/\/marchecountryhomes.com\/wp-content\/uploads\/2020\/12\/marche-country-homes-logo.png","contentUrl":"https:\/\/marchecountryhomes.com\/wp-content\/uploads\/2020\/12\/marche-country-homes-logo.png","width":168,"height":159,"caption":"Marche Country Homes"},"image":{"@id":"https:\/\/marchecountryhomes.com\/de\/#\/schema\/logo\/image\/"},"sameAs":["https:\/\/www.facebook.com\/Marche-CountryHomes-447631005268932\/","https:\/\/x.com\/marcheproperty","https:\/\/www.instagram.com\/marchecountryhomes\/","https:\/\/it.pinterest.com\/marchecountryhomes\/","https:\/\/www.youtube.com\/user\/MarcheCountryHomes"]}]}},"_links":{"self":[{"href":"https:\/\/marchecountryhomes.com\/de\/wp-json\/wp\/v2\/pages\/2456","targetHints":{"allow":["GET"]}}],"collection":[{"href":"https:\/\/marchecountryhomes.com\/de\/wp-json\/wp\/v2\/pages"}],"about":[{"href":"https:\/\/marchecountryhomes.com\/de\/wp-json\/wp\/v2\/types\/page"}],"author":[{"embeddable":true,"href":"https:\/\/marchecountryhomes.com\/de\/wp-json\/wp\/v2\/users\/12"}],"replies":[{"embeddable":true,"href":"https:\/\/marchecountryhomes.com\/de\/wp-json\/wp\/v2\/comments?post=2456"}],"version-history":[{"count":3,"href":"https:\/\/marchecountryhomes.com\/de\/wp-json\/wp\/v2\/pages\/2456\/revisions"}],"predecessor-version":[{"id":174835,"href":"https:\/\/marchecountryhomes.com\/de\/wp-json\/wp\/v2\/pages\/2456\/revisions\/174835"}],"wp:attachment":[{"href":"https:\/\/marchecountryhomes.com\/de\/wp-json\/wp\/v2\/media?parent=2456"}],"curies":[{"name":"wp","href":"https:\/\/api.w.org\/{rel}","templated":true}]}}