{"id":13028,"date":"2016-04-05T20:06:50","date_gmt":"2016-04-05T19:06:50","guid":{"rendered":"https:\/\/marchecountryhomes.com\/de\/?page_id=13028"},"modified":"2021-07-27T08:24:09","modified_gmt":"2021-07-27T07:24:09","slug":"villen-und-schloesser","status":"publish","type":"page","link":"https:\/\/marchecountryhomes.com\/de\/villen-und-schloesser\/","title":{"rendered":"Villen und Schl\u00f6sser zum Verkauf"},"content":{"rendered":"<p>[vc_row][vc_column][vc_column_text css=&#8220;.vc_custom_1575028330225{margin-bottom: 0px !important;border-bottom-width: 0px !important;padding-bottom: 0px !important;}&#8220;]<\/p>\n<h2 style=\"text-align: center;\">Villen und Schl\u00f6sser zu verkaufen<\/h2>\n<p><span style=\"font-weight: 400;\">In den Marken werden <strong>Villen und Schl\u00f6sser<\/strong> zum Kauf angeboten: hier eine Auswahl der interessantesten G\u00fcter, die sich in panoramischer Lage befinden, eingebettet in der sanften H\u00fcgellandschaft der Marken, immer nicht zu weit entfernt von historischen Orten und oft direkt auf einem der H\u00fcgel gelegen, von wo aus man das Meer erblicken kann.<\/span><\/p>\n<p>[\/vc_column_text][vc_tta_accordion active_section=&#8220;&#8220; collapsible_all=&#8220;true&#8220; css=&#8220;.vc_custom_1627370644927{margin-top: 30px !important;border-top-width: 0px !important;padding-top: 0px !important;}&#8220;][vc_tta_section tab_id=&#8220;1574330250420-26727f71-09e8&#8243; el_class=&#8220;link-testo&#8220;][vc_column_text]<\/p>\n<h2 style=\"text-align: left;\">Villen und Schl\u00f6sser zum Verkauf in der Region Marken<\/h2>\n<p><span style=\"font-weight: 400;\">Die Region Marken ist ein zauberhaftes Land, gepr\u00e4gt von Geschichte und Erfahrung, ein Land, das immer noch im Stande ist, das zu erz\u00e4hlen, was hier erlebt wurde und was sich hier ereignet hat, wie die <strong>Villen und Schl\u00f6sser<\/strong>, die zum Verkauf angeboten werden, heutzutage noch beweisen k\u00f6nnen.<\/span><\/p>\n<p><span style=\"font-weight: 400;\">Unter alten \u201e<em>Villen<\/em>\u201c, versteht man jene stattlichen Ansitze, die ger\u00e4umig und mit Garten oder manchmal sogar mit Privatpark ausgestattet sind und die sich in g\u00fcnstiger Lage f\u00fcr Geist und Auge befinden. Unter Schl\u00f6ssern &#8211; dieser Begriff wurde im Lauf der Zeit ver\u00e4ndert und man versteht oft darunter Burg oder Kastell \u2013 meint man nach dem 16. Jahrhundert jene Bauten, die gefestigt und sehr gro\u00df waren und die f\u00fcr angesehene Leute und Adlige eine Erholungsst\u00e4tte darstellten. Die \u201eVillen\u201c waren in der N\u00e4he des Meeres, nicht weit von einem historischen Ort und in der H\u00fcgellandschaft, selten befanden sie sich dort, wo das Land uriger war. Die Schl\u00f6sser hingegen, so wurde ihre Bezeichnung sp\u00e4ter verwandelt, identifizieren sich als perfekter aristokratischer Landsitz, Kostbarkeiten in der Region Marken.<\/span><\/p>\n<h3 style=\"text-align: left;\"><span style=\"font-weight: 400;\">Die Bezeichnung Schloss im Laufe der Geschichte: Stattliche Wohnst\u00e4tten<\/span><\/h3>\n<p><span style=\"font-weight: 400;\">Die R\u00f6mer sagte dazu zuerst <em>Castrum<\/em> und dann <em>Castellum<\/em>. Obwohl man denken k\u00f6nnte, dass das Schloss eine mittelalterliche Erfindung ist, sind ihre Wurzeln viel \u00e4lter, und zwar in der Zeit, als die R\u00f6mer den Begriff Castrum gebrauchten (castellum ist keine Ableitung davon) \u2013 ein Verteidigungsbau &#8211; , um das Reich an der Grenze zu verteidigen. Mal waren sie definitive Bauten, mal nur provisorische. Die definitiven waren selbstverst\u00e4ndlich imposanter, mit Verteidigungsmauern und T\u00fcrmen versehen.<\/span><\/p>\n<p><span style=\"font-weight: 400;\"><img fetchpriority=\"high\" decoding=\"async\" class=\"aligncenter size-full wp-image-172396\" src=\"https:\/\/marchecountryhomes.com\/wp-content\/uploads\/2021\/07\/villas-and-castles-for-sale-in-the-marche-region.jpg\" alt=\"Villas and Castles For Sale in the Marche region\" width=\"800\" height=\"600\" srcset=\"https:\/\/marchecountryhomes.com\/wp-content\/uploads\/2021\/07\/villas-and-castles-for-sale-in-the-marche-region.jpg 800w, https:\/\/marchecountryhomes.com\/wp-content\/uploads\/2021\/07\/villas-and-castles-for-sale-in-the-marche-region-300x225.jpg 300w, https:\/\/marchecountryhomes.com\/wp-content\/uploads\/2021\/07\/villas-and-castles-for-sale-in-the-marche-region-768x576.jpg 768w, https:\/\/marchecountryhomes.com\/wp-content\/uploads\/2021\/07\/villas-and-castles-for-sale-in-the-marche-region-150x113.jpg 150w, https:\/\/marchecountryhomes.com\/wp-content\/uploads\/2021\/07\/villas-and-castles-for-sale-in-the-marche-region-680x510.jpg 680w\" sizes=\"(max-width: 800px) 100vw, 800px\" \/><\/span><\/p>\n<p><span style=\"font-weight: 400;\">Im Mittelalter erfolgte eine Ver\u00e4nderung, b\u00fcrgerlicher Natur: die Schl\u00f6sser bekamen Stadtmauern, die die Gesamtbev\u00f6lkerung verteidigen sollten. Diese Verteidigungsmauern nannte man <strong>Schlossmauern<\/strong>. Die Adligen und der Klerus lie\u00dfen herrliche errichten, um ihre eigene Macht zu beweisen, wie auch um Verwaltungs- und Entscheidungsgewalt und Gesetzesmacht zu beweisen.<\/span><\/p>\n<p><span style=\"font-weight: 400;\">Erst im 16. Jahrhundert verlor das Schloss ihre Vorherrschaft im Sinne der Macht und der Verteidigung: in dieser Zeit beginnt man dieses Wort als gro\u00dfartiger, mehrst\u00f6ckiger Wohnsitz auf dem Lande zu verwenden. Es waren prachtvolle Ansitze mit weiten Parkanlagen ringsrum, Ansitze, die moderneren Charakter hatten, nicht aus Steingut, ohne Verteidigungsmauer ohne T\u00fcrme.<\/span><\/p>\n<h3 style=\"text-align: left;\"><span style=\"font-weight: 400;\">Die Bezeichnung Villen im Laufe der Geschichte: von der Arbeit zur Erholung<\/span><\/h3>\n<p><span style=\"font-weight: 400;\">Villa ist ein lateinisches Wort, das seit alter r\u00f6mischer Zeit eine doppelte Bedeutung hatte, wo das Leben des Herren und das des Dienstpersonals nebeneinander lebten. Dieser Begriff wurde verwendet, um mehrere nebeneinanderliegende H\u00e4user zu bezeichnen, die zwar stattlich waren, aber die <strong>Villa<\/strong> war in Besitz nur eines einzigen Herren, der den gesamten H\u00e4userkomplex besa\u00df und f\u00fcr den die anderen Ans\u00e4ssigen arbeiteten, um ihm Reichtum, Ernte und \u201e<a href=\"https:\/\/de.wikipedia.org\/wiki\/M%C3%BC%C3%9Figgang\" target=\"_blank\" rel=\"noopener\"><em>Otium<\/em><\/a>\u201c zu garantieren.<\/span><\/p>\n<p><span style=\"font-weight: 400;\"><img decoding=\"async\" class=\"aligncenter size-full wp-image-172400\" src=\"https:\/\/marchecountryhomes.com\/wp-content\/uploads\/2021\/07\/villa-fabbro.jpg\" alt=\"Villa Fabbro in Jesi\" width=\"700\" height=\"493\" srcset=\"https:\/\/marchecountryhomes.com\/wp-content\/uploads\/2021\/07\/villa-fabbro.jpg 700w, https:\/\/marchecountryhomes.com\/wp-content\/uploads\/2021\/07\/villa-fabbro-300x211.jpg 300w, https:\/\/marchecountryhomes.com\/wp-content\/uploads\/2021\/07\/villa-fabbro-150x106.jpg 150w\" sizes=\"(max-width: 700px) 100vw, 700px\" \/><\/span><\/p>\n<p><span style=\"font-weight: 400;\">Der Inhaber wohnte oft nur vor\u00fcbergehend in seinem Ansitz, er verbrachte dort seinen Urlaub, um sich eine Ferienzeit zu g\u00f6nnen, fern vom Stress und der Hektik des Stadtlebens.<\/span><\/p>\n<p><span style=\"font-weight: 400;\">Nach der fr\u00e4nkischen Eroberung bekam der Begriff <strong>Villa<\/strong> eine neue Bedeutung, die Villa bekam einen neuen Sinn und neue Funktionen: sie wird immer mehr der Inbegriff des Dorfes, das l\u00e4ndliche Leben, das sich vom Leben innerhalb der Stadtmauer um das Schloss unterscheidet.<\/span><\/p>\n<p><span style=\"font-weight: 400;\">Heutzutage stellt man sich darunter immer etwas ganz Besonderes vor: ein sch\u00f6ner Ansitz im Gr\u00fcnen, wo man haupts\u00e4chlich in den Sommermonaten hinf\u00e4hrt, auch wenn vielseitig ein neuer Begriff hinzugekommen ist: ein Luxusansitz, den man \u00fcberall finden kann, auch mitten in der Stadt. Der gemeinsame Nenner zwischen Vergangenheit und Zukunft, eine Geschichte, die bis in unsere Zeit reicht.<\/span><\/p>\n<p><span style=\"font-weight: 400;\">Die Marken k\u00f6nnen sich noch einer gro\u00dfen Anzahl Ansitze r\u00fchmen, Bauten eines hohen Niveaus, die ganz wichtige historische Epochen erlebt haben und die, zu unserem Gl\u00fcck, noch perfekt bewohnbar sind, sogar bewundernswert, dank ihrer ewigen Sch\u00f6nheit.<\/span><\/p>\n<p><span style=\"font-weight: 400;\">Wir, von <em>Marche Country Homes<\/em>, lassen uns von der \u00e4therischen Sch\u00f6nheit und der Majest\u00e4t unseres Landes faszinieren, besonders wenn es um Ansitze geht, auf dessen Mauern das Gewicht der Geschichte ruht, sei es die zeitgen\u00f6ssische wie die vergangene Zeit.<\/span><\/p>\n<p><span style=\"font-weight: 400;\">Die <strong>modernsten Villen<\/strong> wie auch die <strong>alten Schl\u00f6sser<\/strong>, die zu verkaufen sind, jede dieser architektonischen Strukturen bietet Verbundenheit zwischen Vergangenheit und Gegenwart.<\/span><\/p>\n<p>[\/vc_column_text][\/vc_tta_section][\/vc_tta_accordion][\/vc_column][\/vc_row]<\/p>\n","protected":false},"excerpt":{"rendered":"<p>[vc_row][vc_column][vc_column_text css=&#8220;.vc_custom_1575028330225{margin-bottom: 0px !important;border-bottom-width: 0px !important;padding-bottom: 0px !important;}&#8220;] Villen und Schl\u00f6sser zu verkaufen In den Marken werden Villen und Schl\u00f6sser zum Kauf angeboten: hier eine Auswahl der interessantesten G\u00fcter, die sich in panoramischer Lage befinden, eingebettet in der sanften H\u00fcgellandschaft der Marken, immer nicht zu weit entfernt von historischen Orten und oft direkt auf einem&#8230;<\/p>\n","protected":false},"author":12,"featured_media":144064,"parent":0,"menu_order":0,"comment_status":"closed","ping_status":"closed","template":"templates\/properties.php","meta":{"footnotes":""},"class_list":["post-13028","page","type-page","status-publish","has-post-thumbnail","hentry"],"yoast_head":"<!-- This site is optimized with the Yoast SEO plugin v26.8 - https:\/\/yoast.com\/product\/yoast-seo-wordpress\/ -->\n<title>Villen und Schl\u00f6sser zum Verkauf - Marche Country Homes<\/title>\n<meta name=\"description\" content=\"Zu verkaufende Villen und Schl\u00f6sser: eine Auswahl der interessantesten Immobilien in Panoramalage mitten in den Region Marken.\" \/>\n<meta name=\"robots\" content=\"index, follow, max-snippet:-1, max-image-preview:large, max-video-preview:-1\" \/>\n<link rel=\"canonical\" href=\"https:\/\/marchecountryhomes.com\/de\/villen-und-schloesser\/\" \/>\n<meta property=\"og:locale\" content=\"de_DE\" \/>\n<meta property=\"og:type\" content=\"article\" \/>\n<meta property=\"og:title\" content=\"Villen und Schl\u00f6sser zum Verkauf - Marche Country Homes\" \/>\n<meta property=\"og:description\" content=\"Zu verkaufende Villen und Schl\u00f6sser: eine Auswahl der interessantesten Immobilien in Panoramalage mitten in den Region Marken.\" \/>\n<meta property=\"og:url\" content=\"https:\/\/marchecountryhomes.com\/de\/villen-und-schloesser\/\" \/>\n<meta property=\"og:site_name\" content=\"Marche Country Homes\" \/>\n<meta property=\"article:publisher\" content=\"https:\/\/www.facebook.com\/Marche-CountryHomes-447631005268932\/\" \/>\n<meta property=\"article:modified_time\" content=\"2021-07-27T07:24:09+00:00\" \/>\n<meta property=\"og:image\" content=\"https:\/\/marchecountryhomes.com\/wp-content\/uploads\/2019\/12\/ville-e-castelli-in-vendita-nelle-marche.jpg\" \/>\n\t<meta property=\"og:image:width\" content=\"1000\" \/>\n\t<meta property=\"og:image:height\" content=\"667\" \/>\n\t<meta property=\"og:image:type\" content=\"image\/jpeg\" \/>\n<meta name=\"twitter:card\" content=\"summary_large_image\" \/>\n<meta name=\"twitter:site\" content=\"@marcheproperty\" \/>\n<meta name=\"twitter:label1\" content=\"Gesch\u00e4tzte Lesezeit\" \/>\n\t<meta name=\"twitter:data1\" content=\"4\u00a0Minuten\" \/>\n<script type=\"application\/ld+json\" class=\"yoast-schema-graph\">{\"@context\":\"https:\/\/schema.org\",\"@graph\":[{\"@type\":\"WebPage\",\"@id\":\"https:\/\/marchecountryhomes.com\/de\/villen-und-schloesser\/\",\"url\":\"https:\/\/marchecountryhomes.com\/de\/villen-und-schloesser\/\",\"name\":\"Villen und Schl\u00f6sser zum Verkauf - Marche Country Homes\",\"isPartOf\":{\"@id\":\"https:\/\/marchecountryhomes.com\/de\/#website\"},\"primaryImageOfPage\":{\"@id\":\"https:\/\/marchecountryhomes.com\/de\/villen-und-schloesser\/#primaryimage\"},\"image\":{\"@id\":\"https:\/\/marchecountryhomes.com\/de\/villen-und-schloesser\/#primaryimage\"},\"thumbnailUrl\":\"https:\/\/marchecountryhomes.com\/wp-content\/uploads\/2019\/12\/ville-e-castelli-in-vendita-nelle-marche.jpg\",\"datePublished\":\"2016-04-05T19:06:50+00:00\",\"dateModified\":\"2021-07-27T07:24:09+00:00\",\"description\":\"Zu verkaufende Villen und Schl\u00f6sser: eine Auswahl der interessantesten Immobilien in Panoramalage mitten in den Region Marken.\",\"breadcrumb\":{\"@id\":\"https:\/\/marchecountryhomes.com\/de\/villen-und-schloesser\/#breadcrumb\"},\"inLanguage\":\"de\",\"potentialAction\":[{\"@type\":\"ReadAction\",\"target\":[\"https:\/\/marchecountryhomes.com\/de\/villen-und-schloesser\/\"]}]},{\"@type\":\"ImageObject\",\"inLanguage\":\"de\",\"@id\":\"https:\/\/marchecountryhomes.com\/de\/villen-und-schloesser\/#primaryimage\",\"url\":\"https:\/\/marchecountryhomes.com\/wp-content\/uploads\/2019\/12\/ville-e-castelli-in-vendita-nelle-marche.jpg\",\"contentUrl\":\"https:\/\/marchecountryhomes.com\/wp-content\/uploads\/2019\/12\/ville-e-castelli-in-vendita-nelle-marche.jpg\",\"width\":1000,\"height\":667,\"caption\":\"Villen und Schl\u00f6sser zum Verkauf\"},{\"@type\":\"BreadcrumbList\",\"@id\":\"https:\/\/marchecountryhomes.com\/de\/villen-und-schloesser\/#breadcrumb\",\"itemListElement\":[{\"@type\":\"ListItem\",\"position\":1,\"name\":\"Home\",\"item\":\"https:\/\/marchecountryhomes.com\/de\/\"},{\"@type\":\"ListItem\",\"position\":2,\"name\":\"Villen und Schl\u00f6sser zum Verkauf\"}]},{\"@type\":\"WebSite\",\"@id\":\"https:\/\/marchecountryhomes.com\/de\/#website\",\"url\":\"https:\/\/marchecountryhomes.com\/de\/\",\"name\":\"Marche Country Homes\",\"description\":\"Case e casali in vendita nelle Marche\",\"publisher\":{\"@id\":\"https:\/\/marchecountryhomes.com\/de\/#organization\"},\"potentialAction\":[{\"@type\":\"SearchAction\",\"target\":{\"@type\":\"EntryPoint\",\"urlTemplate\":\"https:\/\/marchecountryhomes.com\/de\/?s={search_term_string}\"},\"query-input\":{\"@type\":\"PropertyValueSpecification\",\"valueRequired\":true,\"valueName\":\"search_term_string\"}}],\"inLanguage\":\"de\"},{\"@type\":\"Organization\",\"@id\":\"https:\/\/marchecountryhomes.com\/de\/#organization\",\"name\":\"Marche Country Homes\",\"url\":\"https:\/\/marchecountryhomes.com\/de\/\",\"logo\":{\"@type\":\"ImageObject\",\"inLanguage\":\"de\",\"@id\":\"https:\/\/marchecountryhomes.com\/de\/#\/schema\/logo\/image\/\",\"url\":\"https:\/\/marchecountryhomes.com\/wp-content\/uploads\/2020\/12\/marche-country-homes-logo.png\",\"contentUrl\":\"https:\/\/marchecountryhomes.com\/wp-content\/uploads\/2020\/12\/marche-country-homes-logo.png\",\"width\":168,\"height\":159,\"caption\":\"Marche Country Homes\"},\"image\":{\"@id\":\"https:\/\/marchecountryhomes.com\/de\/#\/schema\/logo\/image\/\"},\"sameAs\":[\"https:\/\/www.facebook.com\/Marche-CountryHomes-447631005268932\/\",\"https:\/\/x.com\/marcheproperty\",\"https:\/\/www.instagram.com\/marchecountryhomes\/\",\"https:\/\/it.pinterest.com\/marchecountryhomes\/\",\"https:\/\/www.youtube.com\/user\/MarcheCountryHomes\"]}]}<\/script>\n<!-- \/ Yoast SEO plugin. -->","yoast_head_json":{"title":"Villen und Schl\u00f6sser zum Verkauf - Marche Country Homes","description":"Zu verkaufende Villen und Schl\u00f6sser: eine Auswahl der interessantesten Immobilien in Panoramalage mitten in den Region Marken.","robots":{"index":"index","follow":"follow","max-snippet":"max-snippet:-1","max-image-preview":"max-image-preview:large","max-video-preview":"max-video-preview:-1"},"canonical":"https:\/\/marchecountryhomes.com\/de\/villen-und-schloesser\/","og_locale":"de_DE","og_type":"article","og_title":"Villen und Schl\u00f6sser zum Verkauf - Marche Country Homes","og_description":"Zu verkaufende Villen und Schl\u00f6sser: eine Auswahl der interessantesten Immobilien in Panoramalage mitten in den Region Marken.","og_url":"https:\/\/marchecountryhomes.com\/de\/villen-und-schloesser\/","og_site_name":"Marche Country Homes","article_publisher":"https:\/\/www.facebook.com\/Marche-CountryHomes-447631005268932\/","article_modified_time":"2021-07-27T07:24:09+00:00","og_image":[{"width":1000,"height":667,"url":"https:\/\/marchecountryhomes.com\/wp-content\/uploads\/2019\/12\/ville-e-castelli-in-vendita-nelle-marche.jpg","type":"image\/jpeg"}],"twitter_card":"summary_large_image","twitter_site":"@marcheproperty","twitter_misc":{"Gesch\u00e4tzte Lesezeit":"4\u00a0Minuten"},"schema":{"@context":"https:\/\/schema.org","@graph":[{"@type":"WebPage","@id":"https:\/\/marchecountryhomes.com\/de\/villen-und-schloesser\/","url":"https:\/\/marchecountryhomes.com\/de\/villen-und-schloesser\/","name":"Villen und Schl\u00f6sser zum Verkauf - Marche Country Homes","isPartOf":{"@id":"https:\/\/marchecountryhomes.com\/de\/#website"},"primaryImageOfPage":{"@id":"https:\/\/marchecountryhomes.com\/de\/villen-und-schloesser\/#primaryimage"},"image":{"@id":"https:\/\/marchecountryhomes.com\/de\/villen-und-schloesser\/#primaryimage"},"thumbnailUrl":"https:\/\/marchecountryhomes.com\/wp-content\/uploads\/2019\/12\/ville-e-castelli-in-vendita-nelle-marche.jpg","datePublished":"2016-04-05T19:06:50+00:00","dateModified":"2021-07-27T07:24:09+00:00","description":"Zu verkaufende Villen und Schl\u00f6sser: eine Auswahl der interessantesten Immobilien in Panoramalage mitten in den Region Marken.","breadcrumb":{"@id":"https:\/\/marchecountryhomes.com\/de\/villen-und-schloesser\/#breadcrumb"},"inLanguage":"de","potentialAction":[{"@type":"ReadAction","target":["https:\/\/marchecountryhomes.com\/de\/villen-und-schloesser\/"]}]},{"@type":"ImageObject","inLanguage":"de","@id":"https:\/\/marchecountryhomes.com\/de\/villen-und-schloesser\/#primaryimage","url":"https:\/\/marchecountryhomes.com\/wp-content\/uploads\/2019\/12\/ville-e-castelli-in-vendita-nelle-marche.jpg","contentUrl":"https:\/\/marchecountryhomes.com\/wp-content\/uploads\/2019\/12\/ville-e-castelli-in-vendita-nelle-marche.jpg","width":1000,"height":667,"caption":"Villen und Schl\u00f6sser zum Verkauf"},{"@type":"BreadcrumbList","@id":"https:\/\/marchecountryhomes.com\/de\/villen-und-schloesser\/#breadcrumb","itemListElement":[{"@type":"ListItem","position":1,"name":"Home","item":"https:\/\/marchecountryhomes.com\/de\/"},{"@type":"ListItem","position":2,"name":"Villen und Schl\u00f6sser zum Verkauf"}]},{"@type":"WebSite","@id":"https:\/\/marchecountryhomes.com\/de\/#website","url":"https:\/\/marchecountryhomes.com\/de\/","name":"Marche Country Homes","description":"Case e casali in vendita nelle Marche","publisher":{"@id":"https:\/\/marchecountryhomes.com\/de\/#organization"},"potentialAction":[{"@type":"SearchAction","target":{"@type":"EntryPoint","urlTemplate":"https:\/\/marchecountryhomes.com\/de\/?s={search_term_string}"},"query-input":{"@type":"PropertyValueSpecification","valueRequired":true,"valueName":"search_term_string"}}],"inLanguage":"de"},{"@type":"Organization","@id":"https:\/\/marchecountryhomes.com\/de\/#organization","name":"Marche Country Homes","url":"https:\/\/marchecountryhomes.com\/de\/","logo":{"@type":"ImageObject","inLanguage":"de","@id":"https:\/\/marchecountryhomes.com\/de\/#\/schema\/logo\/image\/","url":"https:\/\/marchecountryhomes.com\/wp-content\/uploads\/2020\/12\/marche-country-homes-logo.png","contentUrl":"https:\/\/marchecountryhomes.com\/wp-content\/uploads\/2020\/12\/marche-country-homes-logo.png","width":168,"height":159,"caption":"Marche Country Homes"},"image":{"@id":"https:\/\/marchecountryhomes.com\/de\/#\/schema\/logo\/image\/"},"sameAs":["https:\/\/www.facebook.com\/Marche-CountryHomes-447631005268932\/","https:\/\/x.com\/marcheproperty","https:\/\/www.instagram.com\/marchecountryhomes\/","https:\/\/it.pinterest.com\/marchecountryhomes\/","https:\/\/www.youtube.com\/user\/MarcheCountryHomes"]}]}},"_links":{"self":[{"href":"https:\/\/marchecountryhomes.com\/de\/wp-json\/wp\/v2\/pages\/13028","targetHints":{"allow":["GET"]}}],"collection":[{"href":"https:\/\/marchecountryhomes.com\/de\/wp-json\/wp\/v2\/pages"}],"about":[{"href":"https:\/\/marchecountryhomes.com\/de\/wp-json\/wp\/v2\/types\/page"}],"author":[{"embeddable":true,"href":"https:\/\/marchecountryhomes.com\/de\/wp-json\/wp\/v2\/users\/12"}],"replies":[{"embeddable":true,"href":"https:\/\/marchecountryhomes.com\/de\/wp-json\/wp\/v2\/comments?post=13028"}],"version-history":[{"count":6,"href":"https:\/\/marchecountryhomes.com\/de\/wp-json\/wp\/v2\/pages\/13028\/revisions"}],"predecessor-version":[{"id":172406,"href":"https:\/\/marchecountryhomes.com\/de\/wp-json\/wp\/v2\/pages\/13028\/revisions\/172406"}],"wp:featuredmedia":[{"embeddable":true,"href":"https:\/\/marchecountryhomes.com\/de\/wp-json\/wp\/v2\/media\/144064"}],"wp:attachment":[{"href":"https:\/\/marchecountryhomes.com\/de\/wp-json\/wp\/v2\/media?parent=13028"}],"curies":[{"name":"wp","href":"https:\/\/api.w.org\/{rel}","templated":true}]}}