{"id":12736,"date":"2016-04-05T20:17:21","date_gmt":"2016-04-05T18:17:21","guid":{"rendered":"https:\/\/marchecountryhomes.com\/de\/?page_id=12736"},"modified":"2020-11-11T21:22:42","modified_gmt":"2020-11-11T19:22:42","slug":"nachrichten","status":"publish","type":"page","link":"https:\/\/marchecountryhomes.com\/de\/nachrichten\/","title":{"rendered":"Landh\u00e4user: Beitr\u00e4ge und Nachrichten"},"content":{"rendered":"<p>[vc_row css_animation=&#8220;fadeIn&#8220;][vc_column css_animation=&#8220;bounceIn&#8220; width=&#8220;2\/3&#8243;][vc_column_text css_animation=&#8220;fadeIn&#8220;]Das Hinterland der Region Marken ist \u00fcbers\u00e4t mit\u00a0<strong>Landh\u00e4usern<\/strong>, manchmal jahrhundertealten Geb\u00e4uden und manchmal neueren Geb\u00e4uden, die die Eigenschaften haben, weit weg von der Hektik der Stadt und der Moderne zu sein und beinahe Schutz und Barriere gegen Stress und anderes \u201c<em>\u00dcbel der Stadt<\/em>\u201d zu werden, f\u00fcr die, die dort leben.<\/p>\n<h3><b><span lang=\"EN-US\">Landh\u00e4user<\/span><\/b><b><span lang=\"EN-US\">\u00a0der Region Marken: \u201eRustikale H\u00e4user\u201c<\/span><\/b><\/h3>\n<p>Diese Geb\u00e4ude werden oft als \u201c<em>rustikales Haus<\/em>\u201d bezeichnet, was vom lateinischen Wort \u201c<em>rusticus<\/em>\u201d abgeleitet ist, was \u201c<em>rus<\/em>\u201d bedeutet und eigentlich \u201cl\u00e4ndlich\u201d bedeutet. Aus architektonischer Sicht m\u00fcssen wir rustikale H\u00e4user von l\u00e4ndlichen H\u00e4usern unterscheiden, obwohl die beiden Adjektive sehr \u00e4hnlich aussehen (tats\u00e4chlich auf Italienisch kommt auch das Wort \u201el\u00e4ndlich\u201c von \u201erus\u201c). Die rustikale Architektur ist verbunden mit einfachen M\u00e4nnern und ihrer Arbeit, mit M\u00fcdigkeit und Leidenschaft jener Familien, die das Land jeden Tag \u00fcber Generationen mit Entschlossenheit bearbeitet und ihre H\u00e4user Stein f\u00fcr Stein gebaut haben. Im Gegenteil, l\u00e4ndliche Architektur ist das Symbol f\u00fcr l\u00e4ndliche Geb\u00e4ude, deren Projekte von ausgebildeten Technikern und K\u00fcnstlern entwickelt wurden, oft um ein Haus f\u00fcr aristokratische oder wohlhabende Familien zu bauen.<\/p>\n<h3><b><span lang=\"EN-US\">Rustikales Haus: das echte\u00a0Landhaus<\/span><\/b><\/h3>\n<p>W\u00f6rterb\u00fccher beschreiben ein rustikales Haus als echt, aber m\u00fchsam. Aus diesem Grund glauben wir bei\u00a0<em>Marche Country Homes<\/em>, dass echte\u00a0<strong>Landh\u00e4user<\/strong>\u00a0rustikale H\u00e4user sind, sch\u00f6ne und einfache H\u00e4user, die von erfahrenen, bewussten und leidenschaftlichen Fachleuten gebaut wurden. In diesen Geb\u00e4uden k\u00f6nnen Sie die eindrucksvollsten Geschichten der Vergangenheit der Region Marken erleben, wie zum Beispiel das Teilen. Die baulichen Besonderheiten solcher H\u00e4user sind wesentlich und machen sie so typisch und einzigartig: Holzbalken und freiliegende Steine, ein warmer Kamin im Hauptraum und im Wohnzimmer und oft ein Au\u00dfenbrunnen, der fr\u00fcher zum Sammeln von Wasser ben\u00f6tigt wurde. Dann der prestigetr\u00e4chtige Ort, an dem normalerweise rustikale H\u00e4user gebaut werden, obwohl die Entfernung heutzutage knapp und mit dem Auto leicht zu erreichen ist.<\/p>\n<p>Unsere Region ist reich an diesen kleinen Ecken des Paradieses: Jedes\u00a0<strong>Landhaus<\/strong>\u00a0hat seine eigene Geschichte zu erz\u00e4hlen und manchmal ist es notwendig, Restaurierungsarbeiten durchzuf\u00fchren, um das Geb\u00e4ude noch authentischer zu machen und es gleichzeitig zu Ihrem eigenen zu machen. Wir von\u00a0<em>Marche Country Homes<\/em>\u00a0stehen Ihnen zur Verf\u00fcgung, um Sie bei der Auswahl der am besten geeigneten\u00a0Landh\u00e4user\u00a0durch kostenlose Inaugenscheinnahme zu unterst\u00fctzen. Wir werden mit Fachwissen und Engagement, falls erforderlich, bei den Renovierungsarbeiten von dein neues Haus unterst\u00fctzen.<\/p>\n<p>[\/vc_column_text][\/vc_column][vc_column width=&#8220;1\/3&#8243; css=&#8220;.vc_custom_1602680008904{background-color: #604e17 !important;}&#8220;][vc_column_text css_animation=&#8220;fadeIn&#8220;]<\/p>\n<h3><span style=\"color: #ffffff;\">Articoli Recenti&#8230;<\/span><\/h3>\n<p>[\/vc_column_text][vc_wp_posts title=&#8220;&#8220; number=&#8220;10&#8243;][vc_wp_archives title=&#8220;&#8220;][\/vc_column][\/vc_row][vc_row][vc_column css_animation=&#8220;bounceInUp&#8220;][vc_wp_text]<\/p>\n<h3>Neueste Eigenschaften &#8230;<\/h3>\n<p>[\/vc_wp_text]<div class=\"inspiry-message\"><strong>Ergebnis:<\/strong> <span>Keine Immobilien gefunden!<\/span><\/div>[\/vc_column][\/vc_row]<\/p>\n","protected":false},"excerpt":{"rendered":"<p>[vc_row css_animation=&#8220;fadeIn&#8220;][vc_column css_animation=&#8220;bounceIn&#8220; width=&#8220;2\/3&#8243;][vc_column_text css_animation=&#8220;fadeIn&#8220;]Das Hinterland der Region Marken ist \u00fcbers\u00e4t mit\u00a0Landh\u00e4usern, manchmal jahrhundertealten Geb\u00e4uden und manchmal neueren Geb\u00e4uden, die die Eigenschaften haben, weit weg von der Hektik der Stadt und der Moderne zu sein und beinahe Schutz und Barriere gegen Stress und anderes \u201c\u00dcbel der Stadt\u201d zu werden, f\u00fcr die, die dort leben. Landh\u00e4user\u00a0der&#8230;<\/p>\n","protected":false},"author":12,"featured_media":145581,"parent":0,"menu_order":0,"comment_status":"closed","ping_status":"closed","template":"","meta":{"footnotes":""},"class_list":["post-12736","page","type-page","status-publish","has-post-thumbnail","hentry"],"yoast_head":"<!-- This site is optimized with the Yoast SEO plugin v26.8 - https:\/\/yoast.com\/product\/yoast-seo-wordpress\/ -->\n<title>Landh\u00e4user: Beitr\u00e4ge und Nachrichten - Marche Country Homes<\/title>\n<meta name=\"description\" content=\"Das Hinterland der Region Marken ist \u00fcbers\u00e4t mit\u00a0Landh\u00e4usern, manchmal jahrhundertealten Geb\u00e4uden und manchmal neueren Geb\u00e4uden...\" \/>\n<meta name=\"robots\" content=\"index, follow, max-snippet:-1, max-image-preview:large, max-video-preview:-1\" \/>\n<link rel=\"canonical\" href=\"https:\/\/marchecountryhomes.com\/de\/nachrichten\/\" \/>\n<meta property=\"og:locale\" content=\"de_DE\" \/>\n<meta property=\"og:type\" content=\"article\" \/>\n<meta property=\"og:title\" content=\"Landh\u00e4user: Beitr\u00e4ge und Nachrichten - Marche Country Homes\" \/>\n<meta property=\"og:description\" content=\"Das Hinterland der Region Marken ist \u00fcbers\u00e4t mit\u00a0Landh\u00e4usern, manchmal jahrhundertealten Geb\u00e4uden und manchmal neueren Geb\u00e4uden...\" \/>\n<meta property=\"og:url\" content=\"https:\/\/marchecountryhomes.com\/de\/nachrichten\/\" \/>\n<meta property=\"og:site_name\" content=\"Marche Country Homes\" \/>\n<meta property=\"article:publisher\" content=\"https:\/\/www.facebook.com\/Marche-CountryHomes-447631005268932\/\" \/>\n<meta property=\"article:modified_time\" content=\"2020-11-11T19:22:42+00:00\" \/>\n<meta property=\"og:image\" content=\"https:\/\/marchecountryhomes.com\/wp-content\/uploads\/2020\/01\/case-di-campagna-nelle-marche-in-vendita.jpg\" \/>\n\t<meta property=\"og:image:width\" content=\"800\" \/>\n\t<meta property=\"og:image:height\" content=\"529\" \/>\n\t<meta property=\"og:image:type\" content=\"image\/jpeg\" \/>\n<meta name=\"twitter:card\" content=\"summary_large_image\" \/>\n<meta name=\"twitter:site\" content=\"@marcheproperty\" \/>\n<meta name=\"twitter:label1\" content=\"Gesch\u00e4tzte Lesezeit\" \/>\n\t<meta name=\"twitter:data1\" content=\"3\u00a0Minuten\" \/>\n<script type=\"application\/ld+json\" class=\"yoast-schema-graph\">{\"@context\":\"https:\/\/schema.org\",\"@graph\":[{\"@type\":\"WebPage\",\"@id\":\"https:\/\/marchecountryhomes.com\/de\/nachrichten\/\",\"url\":\"https:\/\/marchecountryhomes.com\/de\/nachrichten\/\",\"name\":\"Landh\u00e4user: Beitr\u00e4ge und Nachrichten - Marche Country Homes\",\"isPartOf\":{\"@id\":\"https:\/\/marchecountryhomes.com\/de\/#website\"},\"primaryImageOfPage\":{\"@id\":\"https:\/\/marchecountryhomes.com\/de\/nachrichten\/#primaryimage\"},\"image\":{\"@id\":\"https:\/\/marchecountryhomes.com\/de\/nachrichten\/#primaryimage\"},\"thumbnailUrl\":\"https:\/\/marchecountryhomes.com\/wp-content\/uploads\/2020\/01\/case-di-campagna-nelle-marche-in-vendita.jpg\",\"datePublished\":\"2016-04-05T18:17:21+00:00\",\"dateModified\":\"2020-11-11T19:22:42+00:00\",\"description\":\"Das Hinterland der Region Marken ist \u00fcbers\u00e4t mit\u00a0Landh\u00e4usern, manchmal jahrhundertealten Geb\u00e4uden und manchmal neueren Geb\u00e4uden...\",\"breadcrumb\":{\"@id\":\"https:\/\/marchecountryhomes.com\/de\/nachrichten\/#breadcrumb\"},\"inLanguage\":\"de\",\"potentialAction\":[{\"@type\":\"ReadAction\",\"target\":[\"https:\/\/marchecountryhomes.com\/de\/nachrichten\/\"]}]},{\"@type\":\"ImageObject\",\"inLanguage\":\"de\",\"@id\":\"https:\/\/marchecountryhomes.com\/de\/nachrichten\/#primaryimage\",\"url\":\"https:\/\/marchecountryhomes.com\/wp-content\/uploads\/2020\/01\/case-di-campagna-nelle-marche-in-vendita.jpg\",\"contentUrl\":\"https:\/\/marchecountryhomes.com\/wp-content\/uploads\/2020\/01\/case-di-campagna-nelle-marche-in-vendita.jpg\",\"width\":800,\"height\":529,\"caption\":\"Landh\u00e4user: Beitr\u00e4ge und Nachrichten\"},{\"@type\":\"BreadcrumbList\",\"@id\":\"https:\/\/marchecountryhomes.com\/de\/nachrichten\/#breadcrumb\",\"itemListElement\":[{\"@type\":\"ListItem\",\"position\":1,\"name\":\"Home\",\"item\":\"https:\/\/marchecountryhomes.com\/de\/\"},{\"@type\":\"ListItem\",\"position\":2,\"name\":\"Landh\u00e4user: Beitr\u00e4ge und Nachrichten\"}]},{\"@type\":\"WebSite\",\"@id\":\"https:\/\/marchecountryhomes.com\/de\/#website\",\"url\":\"https:\/\/marchecountryhomes.com\/de\/\",\"name\":\"Marche Country Homes\",\"description\":\"Case e casali in vendita nelle Marche\",\"publisher\":{\"@id\":\"https:\/\/marchecountryhomes.com\/de\/#organization\"},\"potentialAction\":[{\"@type\":\"SearchAction\",\"target\":{\"@type\":\"EntryPoint\",\"urlTemplate\":\"https:\/\/marchecountryhomes.com\/de\/?s={search_term_string}\"},\"query-input\":{\"@type\":\"PropertyValueSpecification\",\"valueRequired\":true,\"valueName\":\"search_term_string\"}}],\"inLanguage\":\"de\"},{\"@type\":\"Organization\",\"@id\":\"https:\/\/marchecountryhomes.com\/de\/#organization\",\"name\":\"Marche Country Homes\",\"url\":\"https:\/\/marchecountryhomes.com\/de\/\",\"logo\":{\"@type\":\"ImageObject\",\"inLanguage\":\"de\",\"@id\":\"https:\/\/marchecountryhomes.com\/de\/#\/schema\/logo\/image\/\",\"url\":\"https:\/\/marchecountryhomes.com\/wp-content\/uploads\/2020\/12\/marche-country-homes-logo.png\",\"contentUrl\":\"https:\/\/marchecountryhomes.com\/wp-content\/uploads\/2020\/12\/marche-country-homes-logo.png\",\"width\":168,\"height\":159,\"caption\":\"Marche Country Homes\"},\"image\":{\"@id\":\"https:\/\/marchecountryhomes.com\/de\/#\/schema\/logo\/image\/\"},\"sameAs\":[\"https:\/\/www.facebook.com\/Marche-CountryHomes-447631005268932\/\",\"https:\/\/x.com\/marcheproperty\",\"https:\/\/www.instagram.com\/marchecountryhomes\/\",\"https:\/\/it.pinterest.com\/marchecountryhomes\/\",\"https:\/\/www.youtube.com\/user\/MarcheCountryHomes\"]}]}<\/script>\n<!-- \/ Yoast SEO plugin. -->","yoast_head_json":{"title":"Landh\u00e4user: Beitr\u00e4ge und Nachrichten - Marche Country Homes","description":"Das Hinterland der Region Marken ist \u00fcbers\u00e4t mit\u00a0Landh\u00e4usern, manchmal jahrhundertealten Geb\u00e4uden und manchmal neueren Geb\u00e4uden...","robots":{"index":"index","follow":"follow","max-snippet":"max-snippet:-1","max-image-preview":"max-image-preview:large","max-video-preview":"max-video-preview:-1"},"canonical":"https:\/\/marchecountryhomes.com\/de\/nachrichten\/","og_locale":"de_DE","og_type":"article","og_title":"Landh\u00e4user: Beitr\u00e4ge und Nachrichten - Marche Country Homes","og_description":"Das Hinterland der Region Marken ist \u00fcbers\u00e4t mit\u00a0Landh\u00e4usern, manchmal jahrhundertealten Geb\u00e4uden und manchmal neueren Geb\u00e4uden...","og_url":"https:\/\/marchecountryhomes.com\/de\/nachrichten\/","og_site_name":"Marche Country Homes","article_publisher":"https:\/\/www.facebook.com\/Marche-CountryHomes-447631005268932\/","article_modified_time":"2020-11-11T19:22:42+00:00","og_image":[{"width":800,"height":529,"url":"https:\/\/marchecountryhomes.com\/wp-content\/uploads\/2020\/01\/case-di-campagna-nelle-marche-in-vendita.jpg","type":"image\/jpeg"}],"twitter_card":"summary_large_image","twitter_site":"@marcheproperty","twitter_misc":{"Gesch\u00e4tzte Lesezeit":"3\u00a0Minuten"},"schema":{"@context":"https:\/\/schema.org","@graph":[{"@type":"WebPage","@id":"https:\/\/marchecountryhomes.com\/de\/nachrichten\/","url":"https:\/\/marchecountryhomes.com\/de\/nachrichten\/","name":"Landh\u00e4user: Beitr\u00e4ge und Nachrichten - Marche Country Homes","isPartOf":{"@id":"https:\/\/marchecountryhomes.com\/de\/#website"},"primaryImageOfPage":{"@id":"https:\/\/marchecountryhomes.com\/de\/nachrichten\/#primaryimage"},"image":{"@id":"https:\/\/marchecountryhomes.com\/de\/nachrichten\/#primaryimage"},"thumbnailUrl":"https:\/\/marchecountryhomes.com\/wp-content\/uploads\/2020\/01\/case-di-campagna-nelle-marche-in-vendita.jpg","datePublished":"2016-04-05T18:17:21+00:00","dateModified":"2020-11-11T19:22:42+00:00","description":"Das Hinterland der Region Marken ist \u00fcbers\u00e4t mit\u00a0Landh\u00e4usern, manchmal jahrhundertealten Geb\u00e4uden und manchmal neueren Geb\u00e4uden...","breadcrumb":{"@id":"https:\/\/marchecountryhomes.com\/de\/nachrichten\/#breadcrumb"},"inLanguage":"de","potentialAction":[{"@type":"ReadAction","target":["https:\/\/marchecountryhomes.com\/de\/nachrichten\/"]}]},{"@type":"ImageObject","inLanguage":"de","@id":"https:\/\/marchecountryhomes.com\/de\/nachrichten\/#primaryimage","url":"https:\/\/marchecountryhomes.com\/wp-content\/uploads\/2020\/01\/case-di-campagna-nelle-marche-in-vendita.jpg","contentUrl":"https:\/\/marchecountryhomes.com\/wp-content\/uploads\/2020\/01\/case-di-campagna-nelle-marche-in-vendita.jpg","width":800,"height":529,"caption":"Landh\u00e4user: Beitr\u00e4ge und Nachrichten"},{"@type":"BreadcrumbList","@id":"https:\/\/marchecountryhomes.com\/de\/nachrichten\/#breadcrumb","itemListElement":[{"@type":"ListItem","position":1,"name":"Home","item":"https:\/\/marchecountryhomes.com\/de\/"},{"@type":"ListItem","position":2,"name":"Landh\u00e4user: Beitr\u00e4ge und Nachrichten"}]},{"@type":"WebSite","@id":"https:\/\/marchecountryhomes.com\/de\/#website","url":"https:\/\/marchecountryhomes.com\/de\/","name":"Marche Country Homes","description":"Case e casali in vendita nelle Marche","publisher":{"@id":"https:\/\/marchecountryhomes.com\/de\/#organization"},"potentialAction":[{"@type":"SearchAction","target":{"@type":"EntryPoint","urlTemplate":"https:\/\/marchecountryhomes.com\/de\/?s={search_term_string}"},"query-input":{"@type":"PropertyValueSpecification","valueRequired":true,"valueName":"search_term_string"}}],"inLanguage":"de"},{"@type":"Organization","@id":"https:\/\/marchecountryhomes.com\/de\/#organization","name":"Marche Country Homes","url":"https:\/\/marchecountryhomes.com\/de\/","logo":{"@type":"ImageObject","inLanguage":"de","@id":"https:\/\/marchecountryhomes.com\/de\/#\/schema\/logo\/image\/","url":"https:\/\/marchecountryhomes.com\/wp-content\/uploads\/2020\/12\/marche-country-homes-logo.png","contentUrl":"https:\/\/marchecountryhomes.com\/wp-content\/uploads\/2020\/12\/marche-country-homes-logo.png","width":168,"height":159,"caption":"Marche Country Homes"},"image":{"@id":"https:\/\/marchecountryhomes.com\/de\/#\/schema\/logo\/image\/"},"sameAs":["https:\/\/www.facebook.com\/Marche-CountryHomes-447631005268932\/","https:\/\/x.com\/marcheproperty","https:\/\/www.instagram.com\/marchecountryhomes\/","https:\/\/it.pinterest.com\/marchecountryhomes\/","https:\/\/www.youtube.com\/user\/MarcheCountryHomes"]}]}},"_links":{"self":[{"href":"https:\/\/marchecountryhomes.com\/de\/wp-json\/wp\/v2\/pages\/12736","targetHints":{"allow":["GET"]}}],"collection":[{"href":"https:\/\/marchecountryhomes.com\/de\/wp-json\/wp\/v2\/pages"}],"about":[{"href":"https:\/\/marchecountryhomes.com\/de\/wp-json\/wp\/v2\/types\/page"}],"author":[{"embeddable":true,"href":"https:\/\/marchecountryhomes.com\/de\/wp-json\/wp\/v2\/users\/12"}],"replies":[{"embeddable":true,"href":"https:\/\/marchecountryhomes.com\/de\/wp-json\/wp\/v2\/comments?post=12736"}],"version-history":[{"count":6,"href":"https:\/\/marchecountryhomes.com\/de\/wp-json\/wp\/v2\/pages\/12736\/revisions"}],"predecessor-version":[{"id":160616,"href":"https:\/\/marchecountryhomes.com\/de\/wp-json\/wp\/v2\/pages\/12736\/revisions\/160616"}],"wp:featuredmedia":[{"embeddable":true,"href":"https:\/\/marchecountryhomes.com\/de\/wp-json\/wp\/v2\/media\/145581"}],"wp:attachment":[{"href":"https:\/\/marchecountryhomes.com\/de\/wp-json\/wp\/v2\/media?parent=12736"}],"curies":[{"name":"wp","href":"https:\/\/api.w.org\/{rel}","templated":true}]}}